{"id":125712,"date":"2025-05-18T22:03:38","date_gmt":"2025-05-18T22:03:38","guid":{"rendered":"https:\/\/staging2.stylingagenten.com\/fi\/produkt\/bjork-forma-hojd-root-lifter-150ml\/"},"modified":"2026-03-16T09:30:36","modified_gmt":"2026-03-16T09:30:36","slug":"bjork-forma-hojd-root-lifter-150ml","status":"publish","type":"product","link":"https:\/\/stylingagenten.com\/fi\/tuote\/bjork-forma-hojd-root-lifter-150ml\/","title":{"rendered":"Bj\u00f6rk FORMA H\u00d6JD Root Lifter 150ml"},"content":{"rendered":"<p>Bj\u00f6rk FORMA H\u00d6JD Root Lifter on l\u00e4mp\u00f6suojan antava volyymisuihke, joka antaa volyymia ja t\u00e4ytel\u00e4isyytt\u00e4 hiusten juurille ja sinne, miss\u00e4 hiukset tarvitsevat lis\u00e4nostetta. Koostumus sis\u00e4lt\u00e4\u00e4 pantenolia, koivun uutetta ja auringonkukan uutetta, jotka hoitavat, muotoilevat ja ehk\u00e4isev\u00e4t staattisuutta hiuksissa.<\/p>\n<p>Tuoksu: Ylellinen, virkist\u00e4v\u00e4 ja kukkainen tuoksu, jossa on vivahteita aprikoosista.<\/p>\n<p>150 ml<\/p>\n","protected":false},"excerpt":{"rendered":"<p>Bj\u00f6rk FORMA H\u00d6JD Root Lifter on l\u00e4mp\u00f6suojan antava volyymisuihke, joka antaa volyymia ja t\u00e4ytel\u00e4isyytt\u00e4 hiusten juurille ja sinne, miss\u00e4 hiukset tarvitsevat lis\u00e4nostetta. Koostumus sis\u00e4lt\u00e4\u00e4 pantenolia, koivun uutetta ja auringonkukan uutetta, jotka hoitavat, muotoilevat ja ehk\u00e4isev\u00e4t staattisuutta hiuksissa. Tuoksu: Ylellinen, virkist\u00e4v\u00e4 ja kukkainen tuoksu, jossa on vivahteita aprikoosista. 150 ml<\/p>\n","protected":false},"featured_media":125711,"comment_status":"open","ping_status":"closed","template":"","meta":{"_trash_the_other_posts":false},"product_brand":[],"product_cat":[546],"product_tag":[],"berocket_brand":[1418],"class_list":{"0":"post-125712","1":"product","2":"type-product","3":"status-publish","4":"has-post-thumbnail","6":"product_cat-harstyling","7":"pa_brand-bjork","8":"berocket_brand-bjork","10":"first","11":"instock","12":"sale","13":"taxable","14":"shipping-taxable","15":"purchasable","16":"product-type-simple"},"_links":{"self":[{"href":"https:\/\/stylingagenten.com\/fi\/wp-json\/wp\/v2\/product\/125712","targetHints":{"allow":["GET"]}}],"collection":[{"href":"https:\/\/stylingagenten.com\/fi\/wp-json\/wp\/v2\/product"}],"about":[{"href":"https:\/\/stylingagenten.com\/fi\/wp-json\/wp\/v2\/types\/product"}],"replies":[{"embeddable":true,"href":"https:\/\/stylingagenten.com\/fi\/wp-json\/wp\/v2\/comments?post=125712"}],"version-history":[{"count":0,"href":"https:\/\/stylingagenten.com\/fi\/wp-json\/wp\/v2\/product\/125712\/revisions"}],"wp:featuredmedia":[{"embeddable":true,"href":"https:\/\/stylingagenten.com\/fi\/wp-json\/wp\/v2\/media\/125711"}],"wp:attachment":[{"href":"https:\/\/stylingagenten.com\/fi\/wp-json\/wp\/v2\/media?parent=125712"}],"wp:term":[{"taxonomy":"product_brand","embeddable":true,"href":"https:\/\/stylingagenten.com\/fi\/wp-json\/wp\/v2\/product_brand?post=125712"},{"taxonomy":"product_cat","embeddable":true,"href":"https:\/\/stylingagenten.com\/fi\/wp-json\/wp\/v2\/product_cat?post=125712"},{"taxonomy":"product_tag","embeddable":true,"href":"https:\/\/stylingagenten.com\/fi\/wp-json\/wp\/v2\/product_tag?post=125712"},{"taxonomy":"berocket_brand","embeddable":true,"href":"https:\/\/stylingagenten.com\/fi\/wp-json\/wp\/v2\/berocket_brand?post=125712"}],"curies":[{"name":"wp","href":"https:\/\/api.w.org\/{rel}","templated":true}]}}