{"id":125658,"date":"2025-05-18T22:03:27","date_gmt":"2025-05-18T22:03:27","guid":{"rendered":"https:\/\/staging2.stylingagenten.com\/fi\/produkt\/loreal-absolut-repair-lipidium-mask-250ml\/"},"modified":"2026-04-14T10:38:47","modified_gmt":"2026-04-14T10:38:47","slug":"loreal-absolut-repair-lipidium-mask-250ml","status":"publish","type":"product","link":"https:\/\/stylingagenten.com\/fi\/tuote\/loreal-absolut-repair-lipidium-mask-250ml\/","title":{"rendered":"L&#8217;Oreal Absolut Repair Lipidium Mask 250ml"},"content":{"rendered":"<p>L&#8217;Or\u00e9al Absolut Repair Lipidium Mask on k\u00e4\u00e4re kuiville ja vaurioituneille hiuksille. rakentaa hiuksia syv\u00e4lle ja ravitsee hiusvartta lipidiumin avulla. Hiuksista tulee pehme\u00e4t, joustavat ja kiilt\u00e4v\u00e4t. Kermainen koostumus.<\/p>\n","protected":false},"excerpt":{"rendered":"<p>L&#8217;Or\u00e9al Absolut Repair Lipidium Mask on k\u00e4\u00e4re kuiville ja vaurioituneille hiuksille. rakentaa hiuksia syv\u00e4lle ja ravitsee hiusvartta lipidiumin avulla. Hiuksista tulee pehme\u00e4t, joustavat ja kiilt\u00e4v\u00e4t. Kermainen koostumus.<\/p>\n","protected":false},"featured_media":125657,"comment_status":"open","ping_status":"closed","template":"","meta":{"_trash_the_other_posts":false},"product_brand":[],"product_cat":[620],"product_tag":[3230],"berocket_brand":[2000],"class_list":{"0":"post-125658","1":"product","2":"type-product","3":"status-publish","4":"has-post-thumbnail","6":"product_cat-hiuskaare","7":"product_tag-loreal-absolut-repair-lipidium-mask","8":"pa_brand-loreal-paris-2","9":"pa_variantti-250ml","10":"berocket_brand-loreal-paris","12":"first","13":"outofstock","14":"sale","15":"taxable","16":"shipping-taxable","17":"purchasable","18":"product-type-simple"},"_links":{"self":[{"href":"https:\/\/stylingagenten.com\/fi\/wp-json\/wp\/v2\/product\/125658","targetHints":{"allow":["GET"]}}],"collection":[{"href":"https:\/\/stylingagenten.com\/fi\/wp-json\/wp\/v2\/product"}],"about":[{"href":"https:\/\/stylingagenten.com\/fi\/wp-json\/wp\/v2\/types\/product"}],"replies":[{"embeddable":true,"href":"https:\/\/stylingagenten.com\/fi\/wp-json\/wp\/v2\/comments?post=125658"}],"version-history":[{"count":1,"href":"https:\/\/stylingagenten.com\/fi\/wp-json\/wp\/v2\/product\/125658\/revisions"}],"predecessor-version":[{"id":443162,"href":"https:\/\/stylingagenten.com\/fi\/wp-json\/wp\/v2\/product\/125658\/revisions\/443162"}],"wp:featuredmedia":[{"embeddable":true,"href":"https:\/\/stylingagenten.com\/fi\/wp-json\/wp\/v2\/media\/125657"}],"wp:attachment":[{"href":"https:\/\/stylingagenten.com\/fi\/wp-json\/wp\/v2\/media?parent=125658"}],"wp:term":[{"taxonomy":"product_brand","embeddable":true,"href":"https:\/\/stylingagenten.com\/fi\/wp-json\/wp\/v2\/product_brand?post=125658"},{"taxonomy":"product_cat","embeddable":true,"href":"https:\/\/stylingagenten.com\/fi\/wp-json\/wp\/v2\/product_cat?post=125658"},{"taxonomy":"product_tag","embeddable":true,"href":"https:\/\/stylingagenten.com\/fi\/wp-json\/wp\/v2\/product_tag?post=125658"},{"taxonomy":"berocket_brand","embeddable":true,"href":"https:\/\/stylingagenten.com\/fi\/wp-json\/wp\/v2\/berocket_brand?post=125658"}],"curies":[{"name":"wp","href":"https:\/\/api.w.org\/{rel}","templated":true}]}}