{"id":125639,"date":"2025-05-18T22:03:22","date_gmt":"2025-05-18T22:03:22","guid":{"rendered":"https:\/\/staging2.stylingagenten.com\/fi\/produkt\/ellwo-moisturizing-masque-250ml\/"},"modified":"2026-03-11T21:53:52","modified_gmt":"2026-03-11T21:53:52","slug":"ellwo-moisturizing-masque-250ml","status":"publish","type":"product","link":"https:\/\/stylingagenten.com\/fi\/tuote\/ellwo-moisturizing-masque-250ml\/","title":{"rendered":"Ellwo Moisturizing Masque 250ml"},"content":{"rendered":"<p>Ellwo Moisturizing Masque on kosteuttava hiusnaamio, joka palauttaa hiusten luonnollisen kosteustasapainon ja lis\u00e4\u00e4 kiiltoa ja kiiltoa. Naamio tekee hiuksista pehme\u00e4t, silkkiset ja helposti k\u00e4sitelt\u00e4v\u00e4t. Rikastettu jojoba\u00f6ljyll\u00e4, oliivi\u00f6ljyll\u00e4 ja argan\u00f6ljyll\u00e4.<br \/>Kaikki \u00f6ljyt tarjoavat kosteutta ja ravintoa.<\/p>\n<p>Sulfaatti- ja parabeeniton<br \/>vegaaninen<br \/>V\u00e4risuojaus<br \/>&nbsp;UV-suojaus<\/p>\n","protected":false},"excerpt":{"rendered":"<p>Ellwo Moisturizing Masque on kosteuttava hiusnaamio, joka palauttaa hiusten luonnollisen kosteustasapainon ja lis\u00e4\u00e4 kiiltoa ja kiiltoa. Naamio tekee hiuksista pehme\u00e4t, silkkiset ja helposti k\u00e4sitelt\u00e4v\u00e4t. Rikastettu jojoba\u00f6ljyll\u00e4, oliivi\u00f6ljyll\u00e4 ja argan\u00f6ljyll\u00e4.Kaikki \u00f6ljyt tarjoavat kosteutta ja ravintoa. Sulfaatti- ja parabeenitonvegaaninenV\u00e4risuojaus&nbsp;UV-suojaus<\/p>\n","protected":false},"featured_media":125636,"comment_status":"open","ping_status":"closed","template":"","meta":{"_trash_the_other_posts":false},"product_brand":[],"product_cat":[620],"product_tag":[],"berocket_brand":[1305],"class_list":{"0":"post-125639","1":"product","2":"type-product","3":"status-publish","4":"has-post-thumbnail","6":"product_cat-hiuskaare","7":"pa_brand-ellwo-professional","8":"berocket_brand-ellwo-professional","10":"first","11":"instock","12":"sale","13":"taxable","14":"shipping-taxable","15":"purchasable","16":"product-type-simple"},"_links":{"self":[{"href":"https:\/\/stylingagenten.com\/fi\/wp-json\/wp\/v2\/product\/125639","targetHints":{"allow":["GET"]}}],"collection":[{"href":"https:\/\/stylingagenten.com\/fi\/wp-json\/wp\/v2\/product"}],"about":[{"href":"https:\/\/stylingagenten.com\/fi\/wp-json\/wp\/v2\/types\/product"}],"replies":[{"embeddable":true,"href":"https:\/\/stylingagenten.com\/fi\/wp-json\/wp\/v2\/comments?post=125639"}],"version-history":[{"count":0,"href":"https:\/\/stylingagenten.com\/fi\/wp-json\/wp\/v2\/product\/125639\/revisions"}],"wp:featuredmedia":[{"embeddable":true,"href":"https:\/\/stylingagenten.com\/fi\/wp-json\/wp\/v2\/media\/125636"}],"wp:attachment":[{"href":"https:\/\/stylingagenten.com\/fi\/wp-json\/wp\/v2\/media?parent=125639"}],"wp:term":[{"taxonomy":"product_brand","embeddable":true,"href":"https:\/\/stylingagenten.com\/fi\/wp-json\/wp\/v2\/product_brand?post=125639"},{"taxonomy":"product_cat","embeddable":true,"href":"https:\/\/stylingagenten.com\/fi\/wp-json\/wp\/v2\/product_cat?post=125639"},{"taxonomy":"product_tag","embeddable":true,"href":"https:\/\/stylingagenten.com\/fi\/wp-json\/wp\/v2\/product_tag?post=125639"},{"taxonomy":"berocket_brand","embeddable":true,"href":"https:\/\/stylingagenten.com\/fi\/wp-json\/wp\/v2\/berocket_brand?post=125639"}],"curies":[{"name":"wp","href":"https:\/\/api.w.org\/{rel}","templated":true}]}}