{"id":125634,"date":"2025-05-18T22:03:21","date_gmt":"2025-05-18T22:03:21","guid":{"rendered":"https:\/\/staging2.stylingagenten.com\/fi\/produkt\/ref-illuminate-colour-masque-200ml\/"},"modified":"2025-11-19T11:35:15","modified_gmt":"2025-11-19T11:35:15","slug":"ref-illuminate-colour-masque-200ml","status":"publish","type":"product","link":"https:\/\/stylingagenten.com\/fi\/tuote\/ref-illuminate-colour-masque-200ml\/","title":{"rendered":"REF Illuminate Colour Masque 200ml"},"content":{"rendered":"<p>REF Illuminate Color Masque on suojaava hiusnaamio, joka sis\u00e4lt\u00e4\u00e4 kasviuutteita, jotka on valittu erityisesti s\u00e4ilytt\u00e4m\u00e4\u00e4n, vahvistamaan ja lis\u00e4\u00e4m\u00e4\u00e4n kiiltoa v\u00e4rj\u00e4tyille hiuksille.<\/p>\n<p>+ V\u00c4RI\u00c4 S\u00c4ILYTT\u00c4V\u00c4<br \/>+ VAHVISTAVA KINOOAPROTEIINIA<br \/> + LUOMU ACAI-\u00d6LJY<\/p>\n<p>Cruelty free<br \/>100 % vegaaninen<\/p>\n","protected":false},"excerpt":{"rendered":"<p>REF Illuminate Color Masque on suojaava hiusnaamio, joka sis\u00e4lt\u00e4\u00e4 kasviuutteita, jotka on valittu erityisesti s\u00e4ilytt\u00e4m\u00e4\u00e4n, vahvistamaan ja lis\u00e4\u00e4m\u00e4\u00e4n kiiltoa v\u00e4rj\u00e4tyille hiuksille. + V\u00c4RI\u00c4 S\u00c4ILYTT\u00c4V\u00c4+ VAHVISTAVA KINOOAPROTEIINIA + LUOMU ACAI-\u00d6LJY Cruelty free100 % vegaaninen<\/p>\n","protected":false},"featured_media":125633,"comment_status":"open","ping_status":"closed","template":"","meta":{"_trash_the_other_posts":false},"product_brand":[],"product_cat":[620],"product_tag":[3873],"berocket_brand":[1209],"class_list":{"0":"post-125634","1":"product","2":"type-product","3":"status-publish","4":"has-post-thumbnail","6":"product_cat-hiuskaare","7":"product_tag-ref-illuminate-colour-masque","8":"pa_brand-ref","9":"pa_variantti-200ml","10":"berocket_brand-ref","12":"first","13":"outofstock","14":"sale","15":"taxable","16":"shipping-taxable","17":"purchasable","18":"product-type-simple"},"_links":{"self":[{"href":"https:\/\/stylingagenten.com\/fi\/wp-json\/wp\/v2\/product\/125634","targetHints":{"allow":["GET"]}}],"collection":[{"href":"https:\/\/stylingagenten.com\/fi\/wp-json\/wp\/v2\/product"}],"about":[{"href":"https:\/\/stylingagenten.com\/fi\/wp-json\/wp\/v2\/types\/product"}],"replies":[{"embeddable":true,"href":"https:\/\/stylingagenten.com\/fi\/wp-json\/wp\/v2\/comments?post=125634"}],"version-history":[{"count":0,"href":"https:\/\/stylingagenten.com\/fi\/wp-json\/wp\/v2\/product\/125634\/revisions"}],"wp:featuredmedia":[{"embeddable":true,"href":"https:\/\/stylingagenten.com\/fi\/wp-json\/wp\/v2\/media\/125633"}],"wp:attachment":[{"href":"https:\/\/stylingagenten.com\/fi\/wp-json\/wp\/v2\/media?parent=125634"}],"wp:term":[{"taxonomy":"product_brand","embeddable":true,"href":"https:\/\/stylingagenten.com\/fi\/wp-json\/wp\/v2\/product_brand?post=125634"},{"taxonomy":"product_cat","embeddable":true,"href":"https:\/\/stylingagenten.com\/fi\/wp-json\/wp\/v2\/product_cat?post=125634"},{"taxonomy":"product_tag","embeddable":true,"href":"https:\/\/stylingagenten.com\/fi\/wp-json\/wp\/v2\/product_tag?post=125634"},{"taxonomy":"berocket_brand","embeddable":true,"href":"https:\/\/stylingagenten.com\/fi\/wp-json\/wp\/v2\/berocket_brand?post=125634"}],"curies":[{"name":"wp","href":"https:\/\/api.w.org\/{rel}","templated":true}]}}