{"id":125632,"date":"2025-05-18T22:03:20","date_gmt":"2025-05-18T22:03:20","guid":{"rendered":"https:\/\/staging2.stylingagenten.com\/fi\/produkt\/ellwo-volumizing-masque-250ml\/"},"modified":"2026-04-03T15:14:57","modified_gmt":"2026-04-03T15:14:57","slug":"ellwo-volumizing-masque-250ml","status":"publish","type":"product","link":"https:\/\/stylingagenten.com\/fi\/tuote\/ellwo-volumizing-masque-250ml\/","title":{"rendered":"Ellwo Volumizing Masque 250ml"},"content":{"rendered":"<p>Ellwo Volumizing Masque on volyymia lis\u00e4\u00e4v\u00e4 ja v\u00e4ri\u00e4 s\u00e4ilytt\u00e4v\u00e4 hiusnaamio, jossa on mangon ja kes\u00e4isen vihreyden tuoksu. Hiusnaamio antaa hiuksille kiiltoa ja kiiltoa, ja se on rikastettu jojoba\u00f6ljyll\u00e4, sheavoilla, oliivi\u00f6ljyll\u00e4 ja pantenolilla, B5-provitamiinilla.<\/p>\n<p>Sulfaatti- ja parabeeniton<br \/>Vegaani<br \/>RGB:lle -suojaava<br \/>&nbsp;UV-suojaava<\/p>\n<p><\/p>\n","protected":false},"excerpt":{"rendered":"<p>Ellwo Volumizing Masque on volyymia lis\u00e4\u00e4v\u00e4 ja v\u00e4ri\u00e4 s\u00e4ilytt\u00e4v\u00e4 hiusnaamio, jossa on mangon ja kes\u00e4isen vihreyden tuoksu. Hiusnaamio antaa hiuksille kiiltoa ja kiiltoa, ja se on rikastettu jojoba\u00f6ljyll\u00e4, sheavoilla, oliivi\u00f6ljyll\u00e4 ja pantenolilla, B5-provitamiinilla. Sulfaatti- ja parabeenitonVegaaniRGB:lle -suojaava&nbsp;UV-suojaava<\/p>\n","protected":false},"featured_media":125629,"comment_status":"open","ping_status":"closed","template":"","meta":{"_trash_the_other_posts":false},"product_brand":[],"product_cat":[620],"product_tag":[],"berocket_brand":[1305],"class_list":{"0":"post-125632","1":"product","2":"type-product","3":"status-publish","4":"has-post-thumbnail","6":"product_cat-hiuskaare","7":"pa_brand-ellwo-professional","8":"berocket_brand-ellwo-professional","10":"first","11":"instock","12":"sale","13":"taxable","14":"shipping-taxable","15":"purchasable","16":"product-type-simple"},"_links":{"self":[{"href":"https:\/\/stylingagenten.com\/fi\/wp-json\/wp\/v2\/product\/125632","targetHints":{"allow":["GET"]}}],"collection":[{"href":"https:\/\/stylingagenten.com\/fi\/wp-json\/wp\/v2\/product"}],"about":[{"href":"https:\/\/stylingagenten.com\/fi\/wp-json\/wp\/v2\/types\/product"}],"replies":[{"embeddable":true,"href":"https:\/\/stylingagenten.com\/fi\/wp-json\/wp\/v2\/comments?post=125632"}],"version-history":[{"count":0,"href":"https:\/\/stylingagenten.com\/fi\/wp-json\/wp\/v2\/product\/125632\/revisions"}],"wp:featuredmedia":[{"embeddable":true,"href":"https:\/\/stylingagenten.com\/fi\/wp-json\/wp\/v2\/media\/125629"}],"wp:attachment":[{"href":"https:\/\/stylingagenten.com\/fi\/wp-json\/wp\/v2\/media?parent=125632"}],"wp:term":[{"taxonomy":"product_brand","embeddable":true,"href":"https:\/\/stylingagenten.com\/fi\/wp-json\/wp\/v2\/product_brand?post=125632"},{"taxonomy":"product_cat","embeddable":true,"href":"https:\/\/stylingagenten.com\/fi\/wp-json\/wp\/v2\/product_cat?post=125632"},{"taxonomy":"product_tag","embeddable":true,"href":"https:\/\/stylingagenten.com\/fi\/wp-json\/wp\/v2\/product_tag?post=125632"},{"taxonomy":"berocket_brand","embeddable":true,"href":"https:\/\/stylingagenten.com\/fi\/wp-json\/wp\/v2\/berocket_brand?post=125632"}],"curies":[{"name":"wp","href":"https:\/\/api.w.org\/{rel}","templated":true}]}}