{"id":125628,"date":"2025-05-18T22:03:19","date_gmt":"2025-05-18T22:03:19","guid":{"rendered":"https:\/\/staging2.stylingagenten.com\/fi\/produkt\/ellwo-repair-masque-250ml\/"},"modified":"2026-04-03T15:16:28","modified_gmt":"2026-04-03T15:16:28","slug":"ellwo-repair-masque-250ml","status":"publish","type":"product","link":"https:\/\/stylingagenten.com\/fi\/tuote\/ellwo-repair-masque-250ml\/","title":{"rendered":"Ellwo Repair Masque 250ml"},"content":{"rendered":"<p>Ellwo Repair Masque on hell\u00e4varainen ja korjaava hiusnaamio kuiville ja kemiallisesti k\u00e4sitellyille hiuksille. Hiusnaamio palauttaa v\u00e4hitellen hiusten luonnollisen vett\u00e4 hylkiv\u00e4n kyvyn jokaisella hoidolla. &nbsp;Useiden hoitojen j\u00e4lkeen hiukset ovat hyv\u00e4 l\u00e4mp\u00f6- ja v\u00e4risuoja. Hiusnaamio tuoksuu vadelmalta ja vaniljalta, ja siihen on lis\u00e4tty argan\u00f6ljy\u00e4, avokado\u00f6ljy\u00e4, goji-uutetta, pantenolia, sheavoita ja aloe veraa.<\/p>\n<p>Sulfaatti- ja parabeeniton<br \/>Vegaaninen<br \/>V\u00e4ris\u00e4ilytys<br \/> br &gt;L\u00e4mm\u00f6lt\u00e4 suojaava<br \/>UV-suojaava<\/p>\n","protected":false},"excerpt":{"rendered":"<p>Ellwo Repair Masque on hell\u00e4varainen ja korjaava hiusnaamio kuiville ja kemiallisesti k\u00e4sitellyille hiuksille. Hiusnaamio palauttaa v\u00e4hitellen hiusten luonnollisen vett\u00e4 hylkiv\u00e4n kyvyn jokaisella hoidolla. &nbsp;Useiden hoitojen j\u00e4lkeen hiukset ovat hyv\u00e4 l\u00e4mp\u00f6- ja v\u00e4risuoja. Hiusnaamio tuoksuu vadelmalta ja vaniljalta, ja siihen on lis\u00e4tty argan\u00f6ljy\u00e4, avokado\u00f6ljy\u00e4, goji-uutetta, pantenolia, sheavoita ja aloe veraa. Sulfaatti- ja parabeenitonVegaaninenV\u00e4ris\u00e4ilytys br &gt;L\u00e4mm\u00f6lt\u00e4 suojaavaUV-suojaava<\/p>\n","protected":false},"featured_media":125624,"comment_status":"open","ping_status":"closed","template":"","meta":{"_trash_the_other_posts":false},"product_brand":[],"product_cat":[620],"product_tag":[],"berocket_brand":[1305],"class_list":{"0":"post-125628","1":"product","2":"type-product","3":"status-publish","4":"has-post-thumbnail","6":"product_cat-hiuskaare","7":"pa_brand-ellwo-professional","8":"berocket_brand-ellwo-professional","10":"first","11":"instock","12":"sale","13":"taxable","14":"shipping-taxable","15":"purchasable","16":"product-type-simple"},"_links":{"self":[{"href":"https:\/\/stylingagenten.com\/fi\/wp-json\/wp\/v2\/product\/125628","targetHints":{"allow":["GET"]}}],"collection":[{"href":"https:\/\/stylingagenten.com\/fi\/wp-json\/wp\/v2\/product"}],"about":[{"href":"https:\/\/stylingagenten.com\/fi\/wp-json\/wp\/v2\/types\/product"}],"replies":[{"embeddable":true,"href":"https:\/\/stylingagenten.com\/fi\/wp-json\/wp\/v2\/comments?post=125628"}],"version-history":[{"count":0,"href":"https:\/\/stylingagenten.com\/fi\/wp-json\/wp\/v2\/product\/125628\/revisions"}],"wp:featuredmedia":[{"embeddable":true,"href":"https:\/\/stylingagenten.com\/fi\/wp-json\/wp\/v2\/media\/125624"}],"wp:attachment":[{"href":"https:\/\/stylingagenten.com\/fi\/wp-json\/wp\/v2\/media?parent=125628"}],"wp:term":[{"taxonomy":"product_brand","embeddable":true,"href":"https:\/\/stylingagenten.com\/fi\/wp-json\/wp\/v2\/product_brand?post=125628"},{"taxonomy":"product_cat","embeddable":true,"href":"https:\/\/stylingagenten.com\/fi\/wp-json\/wp\/v2\/product_cat?post=125628"},{"taxonomy":"product_tag","embeddable":true,"href":"https:\/\/stylingagenten.com\/fi\/wp-json\/wp\/v2\/product_tag?post=125628"},{"taxonomy":"berocket_brand","embeddable":true,"href":"https:\/\/stylingagenten.com\/fi\/wp-json\/wp\/v2\/berocket_brand?post=125628"}],"curies":[{"name":"wp","href":"https:\/\/api.w.org\/{rel}","templated":true}]}}