{"id":125611,"date":"2025-05-18T22:03:15","date_gmt":"2025-05-18T22:03:15","guid":{"rendered":"https:\/\/staging2.stylingagenten.com\/fi\/produkt\/brave-new-hair-balance-purifying-detox-mud-mask-250ml\/"},"modified":"2026-04-06T09:38:42","modified_gmt":"2026-04-06T09:38:42","slug":"brave-new-hair-balance-purifying-detox-mud-mask-250ml","status":"publish","type":"product","link":"https:\/\/stylingagenten.com\/fi\/tuote\/brave-new-hair-balance-purifying-detox-mud-mask-250ml\/","title":{"rendered":"Brave. New. Hair. Balance Purifying &amp; Detox Mud Mask 250ml"},"content":{"rendered":"<p>Tasapainoinen puhdistus &amp; Detox Mud Mask on syv\u00e4puhdistava detox-naamio herk\u00e4lle ja rasvaiselle p\u00e4\u00e4nahalle, hiuksille, kasvoille ja vartalolle.<\/p>\n<p>10 etua:<\/p>\n<p>\u00e2\u2014 Imee likaa ja tarjoaa syv\u00e4puhdistuksen<\/p>\n<p>\u00e2\u2014 Poistaa ymp\u00e4rist\u00f6n ep\u00e4puhtaudet&nbsp;<\/p>\n<p>\u00e2\u2014 Normalisoi talinerityst\u00e4<\/p>\n<p>\u00e2\u2014 Puhdistaa ihohuokoset<\/p>\n<p>\u00e2\u2014 Suojaa ja rauhoittaa vaikutus<\/p>\n<p>\u00e2\u2014 Detox p\u00e4\u00e4nahalle ja iholle<\/p>\n<p>\u00e2\u2014 Sis\u00e4lt\u00e4\u00e4 antioksidantteja <\/p>\n<p>\u00e2\u2014 Pident\u00e4\u00e4 pesujen v\u00e4list\u00e4 aikaa<\/p>\n<p>\u00e2\u2014 Vahvistaa hiukset<\/p>\n<p>\u00e2\u2014 Toimii hiuksille; linja n\u00e4ytt\u00e4\u00e4 ja antaa kiiltoa<\/p>\n<p>K\u00e4ytt\u00f6: Hiukset ja p\u00e4\u00e4nahka: Levit\u00e4 naamio kostuta hiukset ennen shampoota.<br \/>Hero p\u00e4\u00e4nahkaa, anna vaikuttaa muutama minuutti ja huuhtele huolellisesti vedell\u00e4 ja sitten shampoolla.<br \/>&nbsp;Iho: Levit\u00e4 kerroksia naamiota p&aring; puhdistettu iho, anna vaikuttaa muutama minuutti ja pese huolellisin hierovin liikkein.<\/p>\n<p>V\u00e4lt\u00e4 suoraa kosketusta!<\/p>\n<p>Ei sis\u00e4ll\u00e4:<br \/>Sulfaatteja<br \/>Silikoneja<br \/>Lis\u00e4tty\u00e4 suolaa <br \/>Vaseliini<br \/>El\u00e4inper\u00e4iset ainesosat<\/p>\n","protected":false},"excerpt":{"rendered":"<p>Tasapainoinen puhdistus &amp; Detox Mud Mask on syv\u00e4puhdistava detox-naamio herk\u00e4lle ja rasvaiselle p\u00e4\u00e4nahalle, hiuksille, kasvoille ja vartalolle. 10 etua: \u00e2\u2014 Imee likaa ja tarjoaa syv\u00e4puhdistuksen \u00e2\u2014 Poistaa ymp\u00e4rist\u00f6n ep\u00e4puhtaudet&nbsp; \u00e2\u2014 Normalisoi talinerityst\u00e4 \u00e2\u2014 Puhdistaa ihohuokoset \u00e2\u2014 Suojaa ja rauhoittaa vaikutus \u00e2\u2014 Detox p\u00e4\u00e4nahalle ja iholle \u00e2\u2014 Sis\u00e4lt\u00e4\u00e4 antioksidantteja \u00e2\u2014 Pident\u00e4\u00e4 pesujen v\u00e4list\u00e4 aikaa \u00e2\u2014 Vahvistaa [&hellip;]<\/p>\n","protected":false},"featured_media":125606,"comment_status":"open","ping_status":"closed","template":"","meta":{"_trash_the_other_posts":false},"product_brand":[],"product_cat":[620],"product_tag":[],"berocket_brand":[1211],"class_list":{"0":"post-125611","1":"product","2":"type-product","3":"status-publish","4":"has-post-thumbnail","6":"product_cat-hiuskaare","7":"pa_brand-brave-new-hair","8":"berocket_brand-brave-new-hair","10":"first","11":"instock","12":"sale","13":"taxable","14":"shipping-taxable","15":"purchasable","16":"product-type-simple"},"_links":{"self":[{"href":"https:\/\/stylingagenten.com\/fi\/wp-json\/wp\/v2\/product\/125611","targetHints":{"allow":["GET"]}}],"collection":[{"href":"https:\/\/stylingagenten.com\/fi\/wp-json\/wp\/v2\/product"}],"about":[{"href":"https:\/\/stylingagenten.com\/fi\/wp-json\/wp\/v2\/types\/product"}],"replies":[{"embeddable":true,"href":"https:\/\/stylingagenten.com\/fi\/wp-json\/wp\/v2\/comments?post=125611"}],"version-history":[{"count":0,"href":"https:\/\/stylingagenten.com\/fi\/wp-json\/wp\/v2\/product\/125611\/revisions"}],"wp:featuredmedia":[{"embeddable":true,"href":"https:\/\/stylingagenten.com\/fi\/wp-json\/wp\/v2\/media\/125606"}],"wp:attachment":[{"href":"https:\/\/stylingagenten.com\/fi\/wp-json\/wp\/v2\/media?parent=125611"}],"wp:term":[{"taxonomy":"product_brand","embeddable":true,"href":"https:\/\/stylingagenten.com\/fi\/wp-json\/wp\/v2\/product_brand?post=125611"},{"taxonomy":"product_cat","embeddable":true,"href":"https:\/\/stylingagenten.com\/fi\/wp-json\/wp\/v2\/product_cat?post=125611"},{"taxonomy":"product_tag","embeddable":true,"href":"https:\/\/stylingagenten.com\/fi\/wp-json\/wp\/v2\/product_tag?post=125611"},{"taxonomy":"berocket_brand","embeddable":true,"href":"https:\/\/stylingagenten.com\/fi\/wp-json\/wp\/v2\/berocket_brand?post=125611"}],"curies":[{"name":"wp","href":"https:\/\/api.w.org\/{rel}","templated":true}]}}