{"id":125599,"date":"2025-05-18T22:03:13","date_gmt":"2025-05-18T22:03:13","guid":{"rendered":"https:\/\/staging2.stylingagenten.com\/fi\/produkt\/wella-sp-luxeoil-keratine-restore-mask-400ml\/"},"modified":"2026-04-13T19:58:33","modified_gmt":"2026-04-13T19:58:33","slug":"wella-sp-luxeoil-keratine-restore-mask-400ml","status":"publish","type":"product","link":"https:\/\/stylingagenten.com\/fi\/tuote\/wella-sp-luxeoil-keratine-restore-mask-400ml\/","title":{"rendered":"Wella SP LuxeOil Keratine Restore Mask 400ml"},"content":{"rendered":"<p>Luxe Oil Keratin Restore Mask on korjaava k\u00e4\u00e4re, joka rakentaa hiuskuitua ja parantaa hiusten rakennetta samalla kun se pehment\u00e4\u00e4 hiuksia. Pakkaus sis\u00e4lt\u00e4\u00e4 kolme arvokasta \u00f6ljy\u00e4. Jojoba\u00f6ljy, joka on jojobakasvin hedelmist\u00e4 valmistettu nestem\u00e4inen vaha. Jojoba\u00f6ljy on erityisen hyv\u00e4 hauraille ja ohuille hiuksille ja kuiville latvoille; sill\u00e4 on ravitsevia ominaisuuksia, se suojaa ihoa ja tekee hiuksista sile\u00e4t ja joustavat samalla, kun se lukitsee kosteuden. Manteli\u00f6ljy, joka on mieto ja kevyt \u00f6ljy, joka on hyv\u00e4 iholle, kun se on pehment\u00e4v\u00e4 ja ravitseva argan\u00f6ljy, joka on valmistettu arganpuun ytimist\u00e4.<\/p>\n","protected":false},"excerpt":{"rendered":"<p>Luxe Oil Keratin Restore Mask on korjaava k\u00e4\u00e4re, joka rakentaa hiuskuitua ja parantaa hiusten rakennetta samalla kun se pehment\u00e4\u00e4 hiuksia. Pakkaus sis\u00e4lt\u00e4\u00e4 kolme arvokasta \u00f6ljy\u00e4. Jojoba\u00f6ljy, joka on jojobakasvin hedelmist\u00e4 valmistettu nestem\u00e4inen vaha. Jojoba\u00f6ljy on erityisen hyv\u00e4 hauraille ja ohuille hiuksille ja kuiville latvoille; sill\u00e4 on ravitsevia ominaisuuksia, se suojaa ihoa ja tekee hiuksista sile\u00e4t [&hellip;]<\/p>\n","protected":false},"featured_media":125598,"comment_status":"open","ping_status":"closed","template":"","meta":{"_trash_the_other_posts":false},"product_brand":[],"product_cat":[620,1003],"product_tag":[4074],"berocket_brand":[1030],"class_list":{"0":"post-125599","1":"product","2":"type-product","3":"status-publish","4":"has-post-thumbnail","6":"product_cat-hiuskaare","7":"product_cat-myydyimmat","8":"product_tag-wella-sp-luxeoil-keratine-restore-mask","9":"pa_brand-wella","10":"pa_variantti-400ml","11":"berocket_brand-wella","13":"first","14":"instock","15":"sale","16":"taxable","17":"shipping-taxable","18":"purchasable","19":"product-type-simple"},"_links":{"self":[{"href":"https:\/\/stylingagenten.com\/fi\/wp-json\/wp\/v2\/product\/125599","targetHints":{"allow":["GET"]}}],"collection":[{"href":"https:\/\/stylingagenten.com\/fi\/wp-json\/wp\/v2\/product"}],"about":[{"href":"https:\/\/stylingagenten.com\/fi\/wp-json\/wp\/v2\/types\/product"}],"replies":[{"embeddable":true,"href":"https:\/\/stylingagenten.com\/fi\/wp-json\/wp\/v2\/comments?post=125599"}],"version-history":[{"count":0,"href":"https:\/\/stylingagenten.com\/fi\/wp-json\/wp\/v2\/product\/125599\/revisions"}],"wp:featuredmedia":[{"embeddable":true,"href":"https:\/\/stylingagenten.com\/fi\/wp-json\/wp\/v2\/media\/125598"}],"wp:attachment":[{"href":"https:\/\/stylingagenten.com\/fi\/wp-json\/wp\/v2\/media?parent=125599"}],"wp:term":[{"taxonomy":"product_brand","embeddable":true,"href":"https:\/\/stylingagenten.com\/fi\/wp-json\/wp\/v2\/product_brand?post=125599"},{"taxonomy":"product_cat","embeddable":true,"href":"https:\/\/stylingagenten.com\/fi\/wp-json\/wp\/v2\/product_cat?post=125599"},{"taxonomy":"product_tag","embeddable":true,"href":"https:\/\/stylingagenten.com\/fi\/wp-json\/wp\/v2\/product_tag?post=125599"},{"taxonomy":"berocket_brand","embeddable":true,"href":"https:\/\/stylingagenten.com\/fi\/wp-json\/wp\/v2\/berocket_brand?post=125599"}],"curies":[{"name":"wp","href":"https:\/\/api.w.org\/{rel}","templated":true}]}}