{"id":125568,"date":"2025-05-18T22:03:06","date_gmt":"2025-05-18T22:03:06","guid":{"rendered":"https:\/\/staging2.stylingagenten.com\/fi\/produkt\/loreal-professionnel-blondifier-masque-250-ml\/"},"modified":"2026-03-30T07:30:48","modified_gmt":"2026-03-30T07:30:48","slug":"loreal-professionnel-blondifier-masque-250-ml","status":"publish","type":"product","link":"https:\/\/stylingagenten.com\/fi\/tuote\/loreal-professionnel-blondifier-masque-250-ml\/","title":{"rendered":"LOreal Professionnel Blondifier Masque 250 ml"},"content":{"rendered":"<p>L&#8217;Or\u00e9al Serie Expert Blondifier Treatment Masque on korjaava ja valoa heijastava naamio sek\u00e4 ohuille ett\u00e4 paksuille vaaleille hiuksille, rikastettu polyfenoleja sis\u00e4lt\u00e4v\u00e4ll\u00e4 acai-marjauutteella. K\u00e4\u00e4re korjaa, pehment\u00e4\u00e4 ja ravitsee hiuksia samalla, kun se korostaa vaaleiden hiusten moniulotteista kiiltoa. Rikastettu acai-marjauutteella, joka sis\u00e4lt\u00e4\u00e4 polyfenoleja, jotka ravitsevat ja auttavat pehment\u00e4m\u00e4\u00e4n vaurioituneita hiuksia.<\/p>\n","protected":false},"excerpt":{"rendered":"<p>L&#8217;Or\u00e9al Serie Expert Blondifier Treatment Masque on korjaava ja valoa heijastava naamio sek\u00e4 ohuille ett\u00e4 paksuille vaaleille hiuksille, rikastettu polyfenoleja sis\u00e4lt\u00e4v\u00e4ll\u00e4 acai-marjauutteella. K\u00e4\u00e4re korjaa, pehment\u00e4\u00e4 ja ravitsee hiuksia samalla, kun se korostaa vaaleiden hiusten moniulotteista kiiltoa. Rikastettu acai-marjauutteella, joka sis\u00e4lt\u00e4\u00e4 polyfenoleja, jotka ravitsevat ja auttavat pehment\u00e4m\u00e4\u00e4n vaurioituneita hiuksia.<\/p>\n","protected":false},"featured_media":125567,"comment_status":"open","ping_status":"closed","template":"","meta":{"_trash_the_other_posts":false},"product_brand":[],"product_cat":[620],"product_tag":[],"berocket_brand":[2000],"class_list":{"0":"post-125568","1":"product","2":"type-product","3":"status-publish","4":"has-post-thumbnail","6":"product_cat-hiuskaare","7":"pa_brand-loreal-paris-2","8":"berocket_brand-loreal-paris","10":"first","11":"instock","12":"sale","13":"taxable","14":"shipping-taxable","15":"purchasable","16":"product-type-simple"},"_links":{"self":[{"href":"https:\/\/stylingagenten.com\/fi\/wp-json\/wp\/v2\/product\/125568","targetHints":{"allow":["GET"]}}],"collection":[{"href":"https:\/\/stylingagenten.com\/fi\/wp-json\/wp\/v2\/product"}],"about":[{"href":"https:\/\/stylingagenten.com\/fi\/wp-json\/wp\/v2\/types\/product"}],"replies":[{"embeddable":true,"href":"https:\/\/stylingagenten.com\/fi\/wp-json\/wp\/v2\/comments?post=125568"}],"version-history":[{"count":0,"href":"https:\/\/stylingagenten.com\/fi\/wp-json\/wp\/v2\/product\/125568\/revisions"}],"wp:featuredmedia":[{"embeddable":true,"href":"https:\/\/stylingagenten.com\/fi\/wp-json\/wp\/v2\/media\/125567"}],"wp:attachment":[{"href":"https:\/\/stylingagenten.com\/fi\/wp-json\/wp\/v2\/media?parent=125568"}],"wp:term":[{"taxonomy":"product_brand","embeddable":true,"href":"https:\/\/stylingagenten.com\/fi\/wp-json\/wp\/v2\/product_brand?post=125568"},{"taxonomy":"product_cat","embeddable":true,"href":"https:\/\/stylingagenten.com\/fi\/wp-json\/wp\/v2\/product_cat?post=125568"},{"taxonomy":"product_tag","embeddable":true,"href":"https:\/\/stylingagenten.com\/fi\/wp-json\/wp\/v2\/product_tag?post=125568"},{"taxonomy":"berocket_brand","embeddable":true,"href":"https:\/\/stylingagenten.com\/fi\/wp-json\/wp\/v2\/berocket_brand?post=125568"}],"curies":[{"name":"wp","href":"https:\/\/api.w.org\/{rel}","templated":true}]}}