{"id":125560,"date":"2025-05-18T22:03:05","date_gmt":"2025-05-18T22:03:05","guid":{"rendered":"https:\/\/staging2.stylingagenten.com\/fi\/produkt\/ida-warg-colour-protecting-hair-mask-300ml\/"},"modified":"2026-03-11T21:49:20","modified_gmt":"2026-03-11T21:49:20","slug":"ida-warg-colour-protecting-hair-mask-300ml","status":"publish","type":"product","link":"https:\/\/stylingagenten.com\/fi\/tuote\/ida-warg-colour-protecting-hair-mask-300ml\/","title":{"rendered":"Ida Warg Colour Protecting Hair Mask 300ml"},"content":{"rendered":"<p>V\u00e4ri\u00e4 s\u00e4ilytt\u00e4v\u00e4 ja hoitava hiusnaamio, joka on kehitetty l\u00e4mp\u00f6suojalla valmistelemaan hiukset muotoilua varten. Runsas koostumus sis\u00e4lt\u00e4\u00e4 bambuuutetta, joka korjaa ja suojaa vaurioituneita ja v\u00e4rj\u00e4ytyneit\u00e4 hiuksia sek\u00e4 avokado\u00f6ljy\u00e4, jolla on pehment\u00e4v\u00e4 vaikutus ja joka antaa hiuksille lis\u00e4kiiltoa rasittamatta niit\u00e4. V\u00e4ri\u00e4 suojaava hiusnaamio on my\u00f6s rikastettu intensiivisesti kosteuttavalla sheavoilla kosteutetuille ja terveille hiuksille.<\/p>\n<p>Levit\u00e4 juuri pestyihin ja pyyhekuiviin hiuksiin. Anna vaikuttaa 5-15 minuuttia ja huuhtele sitten huolellisesti. K\u00e4yt\u00e4 1-2 kertaa viikossa tai tarpeen mukaan. Viimeistele hoitoaineella. &nbsp;<\/p>\n<p>Tuoksu:&nbsp;Naisellinen ja pehme\u00e4 tuoksu, jossa on j\u00e4nnitt\u00e4vi\u00e4 vihjeit\u00e4 l\u00e4mpimist\u00e4 mausteista, vaniljasta ja valkoisista kukista<\/p>\n<p>100 % vegaaninen &amp; Cruelty-free<\/p>\n<p>Ei sis\u00e4ll\u00e4 parabeeneja ja sulfaatteja<\/p>\n<p>300 ml<\/p>\n","protected":false},"excerpt":{"rendered":"<p>V\u00e4ri\u00e4 s\u00e4ilytt\u00e4v\u00e4 ja hoitava hiusnaamio, joka on kehitetty l\u00e4mp\u00f6suojalla valmistelemaan hiukset muotoilua varten. Runsas koostumus sis\u00e4lt\u00e4\u00e4 bambuuutetta, joka korjaa ja suojaa vaurioituneita ja v\u00e4rj\u00e4ytyneit\u00e4 hiuksia sek\u00e4 avokado\u00f6ljy\u00e4, jolla on pehment\u00e4v\u00e4 vaikutus ja joka antaa hiuksille lis\u00e4kiiltoa rasittamatta niit\u00e4. V\u00e4ri\u00e4 suojaava hiusnaamio on my\u00f6s rikastettu intensiivisesti kosteuttavalla sheavoilla kosteutetuille ja terveille hiuksille. Levit\u00e4 juuri pestyihin ja [&hellip;]<\/p>\n","protected":false},"featured_media":125555,"comment_status":"open","ping_status":"closed","template":"","meta":{"_trash_the_other_posts":false},"product_brand":[],"product_cat":[620],"product_tag":[],"berocket_brand":[1346],"class_list":{"0":"post-125560","1":"product","2":"type-product","3":"status-publish","4":"has-post-thumbnail","6":"product_cat-hiuskaare","7":"pa_brand-ida-warg","8":"berocket_brand-ida-warg","10":"first","11":"instock","12":"sale","13":"taxable","14":"shipping-taxable","15":"purchasable","16":"product-type-simple"},"_links":{"self":[{"href":"https:\/\/stylingagenten.com\/fi\/wp-json\/wp\/v2\/product\/125560","targetHints":{"allow":["GET"]}}],"collection":[{"href":"https:\/\/stylingagenten.com\/fi\/wp-json\/wp\/v2\/product"}],"about":[{"href":"https:\/\/stylingagenten.com\/fi\/wp-json\/wp\/v2\/types\/product"}],"replies":[{"embeddable":true,"href":"https:\/\/stylingagenten.com\/fi\/wp-json\/wp\/v2\/comments?post=125560"}],"version-history":[{"count":0,"href":"https:\/\/stylingagenten.com\/fi\/wp-json\/wp\/v2\/product\/125560\/revisions"}],"wp:featuredmedia":[{"embeddable":true,"href":"https:\/\/stylingagenten.com\/fi\/wp-json\/wp\/v2\/media\/125555"}],"wp:attachment":[{"href":"https:\/\/stylingagenten.com\/fi\/wp-json\/wp\/v2\/media?parent=125560"}],"wp:term":[{"taxonomy":"product_brand","embeddable":true,"href":"https:\/\/stylingagenten.com\/fi\/wp-json\/wp\/v2\/product_brand?post=125560"},{"taxonomy":"product_cat","embeddable":true,"href":"https:\/\/stylingagenten.com\/fi\/wp-json\/wp\/v2\/product_cat?post=125560"},{"taxonomy":"product_tag","embeddable":true,"href":"https:\/\/stylingagenten.com\/fi\/wp-json\/wp\/v2\/product_tag?post=125560"},{"taxonomy":"berocket_brand","embeddable":true,"href":"https:\/\/stylingagenten.com\/fi\/wp-json\/wp\/v2\/berocket_brand?post=125560"}],"curies":[{"name":"wp","href":"https:\/\/api.w.org\/{rel}","templated":true}]}}