{"id":125552,"date":"2025-05-18T22:03:02","date_gmt":"2025-05-18T22:03:02","guid":{"rendered":"https:\/\/staging2.stylingagenten.com\/fi\/produkt\/loreal-professionnel-vitamino-color-mask-250-ml\/"},"modified":"2026-03-30T07:30:30","modified_gmt":"2026-03-30T07:30:30","slug":"loreal-professionnel-vitamino-color-mask-250-ml","status":"publish","type":"product","link":"https:\/\/stylingagenten.com\/fi\/tuote\/loreal-professionnel-vitamino-color-mask-250-ml\/","title":{"rendered":"LOreal Professionnel Vitamino Color Mask 250 ml"},"content":{"rendered":"<p>Expert Vitamino Color Mask -sarja ravitsee syv\u00e4sti v\u00e4rj\u00e4ttyj\u00e4 hiuksia ja edist\u00e4\u00e4 v\u00e4rin pitk\u00e4aikaista s\u00e4ilymist\u00e4. Naamion ammattimainen resveratrolia sis\u00e4lt\u00e4v\u00e4 koostumus suojaa hiuskuitua rasitukselta. Vain minuutin kuluttua hiuksia ravitaan, mik\u00e4 tekee niist\u00e4 vahvempia ja pehme\u00e4mpi\u00e4. Vitamino Color -hiusnaamio antaa hiuksille pehme\u00e4n tuntuisen ja antaa v\u00e4rj\u00e4tyille hiuksille terveen kiillon. Suosittelemme k\u00e4ytt\u00e4m\u00e4\u00e4n Vitamino Maskia yhdess\u00e4 Vitamino Color Shampoon tai Vitamino Color Soft Cleanser Shampoon kanssa.<\/p>\n","protected":false},"excerpt":{"rendered":"<p>Expert Vitamino Color Mask -sarja ravitsee syv\u00e4sti v\u00e4rj\u00e4ttyj\u00e4 hiuksia ja edist\u00e4\u00e4 v\u00e4rin pitk\u00e4aikaista s\u00e4ilymist\u00e4. Naamion ammattimainen resveratrolia sis\u00e4lt\u00e4v\u00e4 koostumus suojaa hiuskuitua rasitukselta. Vain minuutin kuluttua hiuksia ravitaan, mik\u00e4 tekee niist\u00e4 vahvempia ja pehme\u00e4mpi\u00e4. Vitamino Color -hiusnaamio antaa hiuksille pehme\u00e4n tuntuisen ja antaa v\u00e4rj\u00e4tyille hiuksille terveen kiillon. Suosittelemme k\u00e4ytt\u00e4m\u00e4\u00e4n Vitamino Maskia yhdess\u00e4 Vitamino Color Shampoon tai [&hellip;]<\/p>\n","protected":false},"featured_media":125549,"comment_status":"open","ping_status":"closed","template":"","meta":{"_trash_the_other_posts":false},"product_brand":[],"product_cat":[620],"product_tag":[],"berocket_brand":[2000],"class_list":{"0":"post-125552","1":"product","2":"type-product","3":"status-publish","4":"has-post-thumbnail","6":"product_cat-hiuskaare","7":"pa_brand-loreal-paris-2","8":"berocket_brand-loreal-paris","10":"first","11":"instock","12":"sale","13":"taxable","14":"shipping-taxable","15":"purchasable","16":"product-type-simple"},"_links":{"self":[{"href":"https:\/\/stylingagenten.com\/fi\/wp-json\/wp\/v2\/product\/125552","targetHints":{"allow":["GET"]}}],"collection":[{"href":"https:\/\/stylingagenten.com\/fi\/wp-json\/wp\/v2\/product"}],"about":[{"href":"https:\/\/stylingagenten.com\/fi\/wp-json\/wp\/v2\/types\/product"}],"replies":[{"embeddable":true,"href":"https:\/\/stylingagenten.com\/fi\/wp-json\/wp\/v2\/comments?post=125552"}],"version-history":[{"count":0,"href":"https:\/\/stylingagenten.com\/fi\/wp-json\/wp\/v2\/product\/125552\/revisions"}],"wp:featuredmedia":[{"embeddable":true,"href":"https:\/\/stylingagenten.com\/fi\/wp-json\/wp\/v2\/media\/125549"}],"wp:attachment":[{"href":"https:\/\/stylingagenten.com\/fi\/wp-json\/wp\/v2\/media?parent=125552"}],"wp:term":[{"taxonomy":"product_brand","embeddable":true,"href":"https:\/\/stylingagenten.com\/fi\/wp-json\/wp\/v2\/product_brand?post=125552"},{"taxonomy":"product_cat","embeddable":true,"href":"https:\/\/stylingagenten.com\/fi\/wp-json\/wp\/v2\/product_cat?post=125552"},{"taxonomy":"product_tag","embeddable":true,"href":"https:\/\/stylingagenten.com\/fi\/wp-json\/wp\/v2\/product_tag?post=125552"},{"taxonomy":"berocket_brand","embeddable":true,"href":"https:\/\/stylingagenten.com\/fi\/wp-json\/wp\/v2\/berocket_brand?post=125552"}],"curies":[{"name":"wp","href":"https:\/\/api.w.org\/{rel}","templated":true}]}}