{"id":125530,"date":"2025-05-18T22:02:58","date_gmt":"2025-05-18T22:02:58","guid":{"rendered":"https:\/\/staging2.stylingagenten.com\/fi\/produkt\/k18-leave-in-molecular-repair-hair-mask-150ml\/"},"modified":"2026-03-16T17:07:29","modified_gmt":"2026-03-16T17:07:29","slug":"k18-leave-in-molecular-repair-hair-mask-150ml","status":"publish","type":"product","link":"https:\/\/stylingagenten.com\/fi\/tuote\/k18-leave-in-molecular-repair-hair-mask-150ml\/","title":{"rendered":"K18 Leave-In Molecular Repair Hair Mask 150ml"},"content":{"rendered":"<p>T\u00e4m\u00e4 korjaava, intensiivinen hoito korjaa, vahvistaa ja parantaa hiusten joustavuutta 4 minuutissa j\u00e4tt\u00e4en hiukset pehme\u00e4mmiksi ja helpommin kammatuiksi.<\/p>\n<p>K18Peptide\u2122 on hiusteollisuuden odottama molekyyli ja l\u00e4pimurto! Kliinisesti todistettu palauttavan vaurioituneet hiukset vain nelj\u00e4ss\u00e4 minuutissa.<\/p>\n<p>K18Peptide\u2122 palauttaa kemiallisten k\u00e4sittelyjen, l\u00e4mp\u00f6ty\u00f6kalujen, UV-s\u00e4teiden, hiustenpesujen vaurioittamat hiukset alkuper\u00e4iseen ja nuorekkaaseen tilaan! Patentoitu K18 on pysyv\u00e4 ratkaisu, t\u00e4m\u00e4 on ensimm\u00e4inen tuote, joka k\u00e4ytt\u00e4\u00e4 biomimeetteja palauttamaan keratiiniketjut hiuksiin.<\/p>\n<p>K18 luo pehme\u00e4t, p\u00f6rr\u00f6iset, vahvat hiukset joustavuudella, joka tuntuu uudelta.<\/p>\n<p>K\u00e4ytt\u00f6:<br \/>1. Pese hiukset syv\u00e4puhdistavalla shampoolla ja huuhtele. \u00c4L\u00c4 k\u00e4yt\u00e4 hoitoainetta.<br \/>Kuivaa hiuksesi pyyhkeell\u00e4.<\/p>\n<p>2. Aloita yhdell\u00e4 pumpputunnisteella K18 Mask ja lis\u00e4\u00e4 tarvittaessa hiusten pituuden, paksuuden ja hiusten laadun mukaan. Levit\u00e4 tasaisesti hiuksiin pumppu kerrallaan tyvest\u00e4 latvoihin. \u00c4l\u00e4 yliannostele.<\/p>\n<p>Lyhyet hiukset: 1-2 ly\u00f6nti\u00e4<br \/>Olkap\u00e4iden pituiset hiukset: 1-3 ly\u00f6nti\u00e4<br \/>Pitk\u00e4t hiukset: 2-4 ly\u00f6nti\u00e4<br \/>Pumpun m\u00e4\u00e4r\u00e4 riippuu siit\u00e4, onko sinulla ohuet\/ohuet, keskipaksut tai paksut\/karkeat hiukset.<\/p>\n<p>3. Anna vaikuttaa 4 minuuttia. \u00c4L\u00c4 huuhtele.<br \/>4. Muotoile hiukset.<\/p>\n<p>K\u00e4yt\u00e4 K18 Maskia seuraavaan 4\u20136 hiuspesuun ja sen j\u00e4lkeen joka 3.\u20136. pesukerta tarpeen mukaan.<\/p>\n","protected":false},"excerpt":{"rendered":"<p>T\u00e4m\u00e4 korjaava, intensiivinen hoito korjaa, vahvistaa ja parantaa hiusten joustavuutta 4 minuutissa j\u00e4tt\u00e4en hiukset pehme\u00e4mmiksi ja helpommin kammatuiksi. K18Peptide\u2122 on hiusteollisuuden odottama molekyyli ja l\u00e4pimurto! Kliinisesti todistettu palauttavan vaurioituneet hiukset vain nelj\u00e4ss\u00e4 minuutissa. K18Peptide\u2122 palauttaa kemiallisten k\u00e4sittelyjen, l\u00e4mp\u00f6ty\u00f6kalujen, UV-s\u00e4teiden, hiustenpesujen vaurioittamat hiukset alkuper\u00e4iseen ja nuorekkaaseen tilaan! Patentoitu K18 on pysyv\u00e4 ratkaisu, t\u00e4m\u00e4 on ensimm\u00e4inen tuote, [&hellip;]<\/p>\n","protected":false},"featured_media":125525,"comment_status":"open","ping_status":"closed","template":"","meta":{"_trash_the_other_posts":false},"product_brand":[],"product_cat":[620,1003],"product_tag":[3098],"berocket_brand":[1370],"class_list":{"0":"post-125530","1":"product","2":"type-product","3":"status-publish","4":"has-post-thumbnail","6":"product_cat-hiuskaare","7":"product_cat-myydyimmat","8":"product_tag-k18-leave-in-molecular-repair-hair-mask","9":"pa_brand-k18","10":"pa_variantti-150ml","11":"berocket_brand-k18","13":"first","14":"outofstock","15":"sale","16":"taxable","17":"shipping-taxable","18":"purchasable","19":"product-type-simple"},"_links":{"self":[{"href":"https:\/\/stylingagenten.com\/fi\/wp-json\/wp\/v2\/product\/125530","targetHints":{"allow":["GET"]}}],"collection":[{"href":"https:\/\/stylingagenten.com\/fi\/wp-json\/wp\/v2\/product"}],"about":[{"href":"https:\/\/stylingagenten.com\/fi\/wp-json\/wp\/v2\/types\/product"}],"replies":[{"embeddable":true,"href":"https:\/\/stylingagenten.com\/fi\/wp-json\/wp\/v2\/comments?post=125530"}],"version-history":[{"count":0,"href":"https:\/\/stylingagenten.com\/fi\/wp-json\/wp\/v2\/product\/125530\/revisions"}],"wp:featuredmedia":[{"embeddable":true,"href":"https:\/\/stylingagenten.com\/fi\/wp-json\/wp\/v2\/media\/125525"}],"wp:attachment":[{"href":"https:\/\/stylingagenten.com\/fi\/wp-json\/wp\/v2\/media?parent=125530"}],"wp:term":[{"taxonomy":"product_brand","embeddable":true,"href":"https:\/\/stylingagenten.com\/fi\/wp-json\/wp\/v2\/product_brand?post=125530"},{"taxonomy":"product_cat","embeddable":true,"href":"https:\/\/stylingagenten.com\/fi\/wp-json\/wp\/v2\/product_cat?post=125530"},{"taxonomy":"product_tag","embeddable":true,"href":"https:\/\/stylingagenten.com\/fi\/wp-json\/wp\/v2\/product_tag?post=125530"},{"taxonomy":"berocket_brand","embeddable":true,"href":"https:\/\/stylingagenten.com\/fi\/wp-json\/wp\/v2\/berocket_brand?post=125530"}],"curies":[{"name":"wp","href":"https:\/\/api.w.org\/{rel}","templated":true}]}}