{"id":125524,"date":"2025-05-18T22:02:56","date_gmt":"2025-05-18T22:02:56","guid":{"rendered":"https:\/\/staging2.stylingagenten.com\/fi\/produkt\/rco-television-perfect-hair-masque-147ml\/"},"modified":"2026-03-11T21:58:02","modified_gmt":"2026-03-11T21:58:02","slug":"rco-television-perfect-hair-masque-147ml","status":"publish","type":"product","link":"https:\/\/stylingagenten.com\/fi\/tuote\/rco-television-perfect-hair-masque-147ml\/","title":{"rendered":"R+Co Television Perfect Hair Masque 147ml"},"content":{"rendered":"<p>TELEVISION<br \/>PERFECT HAIR MASQUE<br \/>Muuta kuivat, muotoillut ja k\u00e4sitellyt hiukset TELEVISION Perfect Hair Masquella, joka antaa t\u00e4ydelliset, kuvankauniit hiukset. T\u00e4m\u00e4 hiusk\u00e4\u00e4re parantaa dramaattisesti joustavuutta ja tekee hiuksista hallittavat, sopii kaikille hiustyypeille. Hoitaa, kosteuttaa syv\u00e4sti ja ehk\u00e4isee p\u00f6rr\u00f6isyytt\u00e4.<\/p>\n<p>Hyv\u00e4: Kaikille, jotka haluavat kauniit, terveet ja t\u00e4ydelliset hiukset. Antaa pitk\u00e4kestoista hoitoa ja kiiltoa muutamassa minuutissa.<\/p>\n<p>Kuinka: Shampoopesun j\u00e4lkeen levit\u00e4 ja hiero kosteisiin hiuksiin keskittyen erityisesti latviin. Anna vaikuttaa 2-5 minuuttia ja huuhtele.<\/p>\n","protected":false},"excerpt":{"rendered":"<p>TELEVISIONPERFECT HAIR MASQUEMuuta kuivat, muotoillut ja k\u00e4sitellyt hiukset TELEVISION Perfect Hair Masquella, joka antaa t\u00e4ydelliset, kuvankauniit hiukset. T\u00e4m\u00e4 hiusk\u00e4\u00e4re parantaa dramaattisesti joustavuutta ja tekee hiuksista hallittavat, sopii kaikille hiustyypeille. Hoitaa, kosteuttaa syv\u00e4sti ja ehk\u00e4isee p\u00f6rr\u00f6isyytt\u00e4. Hyv\u00e4: Kaikille, jotka haluavat kauniit, terveet ja t\u00e4ydelliset hiukset. Antaa pitk\u00e4kestoista hoitoa ja kiiltoa muutamassa minuutissa. Kuinka: Shampoopesun j\u00e4lkeen levit\u00e4 [&hellip;]<\/p>\n","protected":false},"featured_media":125523,"comment_status":"open","ping_status":"closed","template":"","meta":{"_trash_the_other_posts":false},"product_brand":[],"product_cat":[620],"product_tag":[],"berocket_brand":[1373],"class_list":{"0":"post-125524","1":"product","2":"type-product","3":"status-publish","4":"has-post-thumbnail","6":"product_cat-hiuskaare","7":"pa_brand-rco","8":"berocket_brand-rco","10":"first","11":"instock","12":"sale","13":"taxable","14":"shipping-taxable","15":"purchasable","16":"product-type-simple"},"_links":{"self":[{"href":"https:\/\/stylingagenten.com\/fi\/wp-json\/wp\/v2\/product\/125524","targetHints":{"allow":["GET"]}}],"collection":[{"href":"https:\/\/stylingagenten.com\/fi\/wp-json\/wp\/v2\/product"}],"about":[{"href":"https:\/\/stylingagenten.com\/fi\/wp-json\/wp\/v2\/types\/product"}],"replies":[{"embeddable":true,"href":"https:\/\/stylingagenten.com\/fi\/wp-json\/wp\/v2\/comments?post=125524"}],"version-history":[{"count":0,"href":"https:\/\/stylingagenten.com\/fi\/wp-json\/wp\/v2\/product\/125524\/revisions"}],"wp:featuredmedia":[{"embeddable":true,"href":"https:\/\/stylingagenten.com\/fi\/wp-json\/wp\/v2\/media\/125523"}],"wp:attachment":[{"href":"https:\/\/stylingagenten.com\/fi\/wp-json\/wp\/v2\/media?parent=125524"}],"wp:term":[{"taxonomy":"product_brand","embeddable":true,"href":"https:\/\/stylingagenten.com\/fi\/wp-json\/wp\/v2\/product_brand?post=125524"},{"taxonomy":"product_cat","embeddable":true,"href":"https:\/\/stylingagenten.com\/fi\/wp-json\/wp\/v2\/product_cat?post=125524"},{"taxonomy":"product_tag","embeddable":true,"href":"https:\/\/stylingagenten.com\/fi\/wp-json\/wp\/v2\/product_tag?post=125524"},{"taxonomy":"berocket_brand","embeddable":true,"href":"https:\/\/stylingagenten.com\/fi\/wp-json\/wp\/v2\/berocket_brand?post=125524"}],"curies":[{"name":"wp","href":"https:\/\/api.w.org\/{rel}","templated":true}]}}