{"id":125511,"date":"2025-05-18T22:02:54","date_gmt":"2025-05-18T22:02:54","guid":{"rendered":"https:\/\/staging2.stylingagenten.com\/fi\/produkt\/revlon-uniq-one-superior-hair-mask-300ml\/"},"modified":"2026-04-10T05:18:27","modified_gmt":"2026-04-10T05:18:27","slug":"revlon-uniq-one-superior-hair-mask-300ml","status":"publish","type":"product","link":"https:\/\/stylingagenten.com\/fi\/tuote\/revlon-uniq-one-superior-hair-mask-300ml\/","title":{"rendered":"Revlon Uniq One Superior Hair Mask 300ml"},"content":{"rendered":"<p><span style=\"font-size: 11.0pt;line-height: 107%;font-family: 'Calibri',sans-serif\">Uniq One\u00ae Superior Hair Mask on jotain todella erikoista. Kosteuttava k\u00e4\u00e4re, joka vaikuttaa syvyytt\u00e4 ja antaa hiuksille uutta kiiltoa ja voimaa. Uniq One\u00ae Superior Hair Mask -naamiolla on pehme\u00e4 ja silkkinen rakenne, joka imeytyy tehokkaasti kosteisiin hiuksiin.<\/p>\n<p>&nbsp;T\u00e4m\u00e4 k\u00e4\u00e4re toimii nopeasti: huuhtelet k\u00e4\u00e4reest\u00e4 jo 3 minuutin kuluttua!<\/span><\/p>\n","protected":false},"excerpt":{"rendered":"<p>Uniq One\u00ae Superior Hair Mask on jotain todella erikoista. Kosteuttava k\u00e4\u00e4re, joka vaikuttaa syvyytt\u00e4 ja antaa hiuksille uutta kiiltoa ja voimaa. Uniq One\u00ae Superior Hair Mask -naamiolla on pehme\u00e4 ja silkkinen rakenne, joka imeytyy tehokkaasti kosteisiin hiuksiin. &nbsp;T\u00e4m\u00e4 k\u00e4\u00e4re toimii nopeasti: huuhtelet k\u00e4\u00e4reest\u00e4 jo 3 minuutin kuluttua!<\/p>\n","protected":false},"featured_media":125508,"comment_status":"open","ping_status":"closed","template":"","meta":{"_trash_the_other_posts":false},"product_brand":[],"product_cat":[620],"product_tag":[],"berocket_brand":[1040],"class_list":{"0":"post-125511","1":"product","2":"type-product","3":"status-publish","4":"has-post-thumbnail","6":"product_cat-hiuskaare","7":"pa_brand-revlon","8":"berocket_brand-revlon","10":"first","11":"instock","12":"sale","13":"taxable","14":"shipping-taxable","15":"purchasable","16":"product-type-simple"},"_links":{"self":[{"href":"https:\/\/stylingagenten.com\/fi\/wp-json\/wp\/v2\/product\/125511","targetHints":{"allow":["GET"]}}],"collection":[{"href":"https:\/\/stylingagenten.com\/fi\/wp-json\/wp\/v2\/product"}],"about":[{"href":"https:\/\/stylingagenten.com\/fi\/wp-json\/wp\/v2\/types\/product"}],"replies":[{"embeddable":true,"href":"https:\/\/stylingagenten.com\/fi\/wp-json\/wp\/v2\/comments?post=125511"}],"version-history":[{"count":0,"href":"https:\/\/stylingagenten.com\/fi\/wp-json\/wp\/v2\/product\/125511\/revisions"}],"wp:featuredmedia":[{"embeddable":true,"href":"https:\/\/stylingagenten.com\/fi\/wp-json\/wp\/v2\/media\/125508"}],"wp:attachment":[{"href":"https:\/\/stylingagenten.com\/fi\/wp-json\/wp\/v2\/media?parent=125511"}],"wp:term":[{"taxonomy":"product_brand","embeddable":true,"href":"https:\/\/stylingagenten.com\/fi\/wp-json\/wp\/v2\/product_brand?post=125511"},{"taxonomy":"product_cat","embeddable":true,"href":"https:\/\/stylingagenten.com\/fi\/wp-json\/wp\/v2\/product_cat?post=125511"},{"taxonomy":"product_tag","embeddable":true,"href":"https:\/\/stylingagenten.com\/fi\/wp-json\/wp\/v2\/product_tag?post=125511"},{"taxonomy":"berocket_brand","embeddable":true,"href":"https:\/\/stylingagenten.com\/fi\/wp-json\/wp\/v2\/berocket_brand?post=125511"}],"curies":[{"name":"wp","href":"https:\/\/api.w.org\/{rel}","templated":true}]}}