{"id":125505,"date":"2025-05-18T22:02:53","date_gmt":"2025-05-18T22:02:53","guid":{"rendered":"https:\/\/staging2.stylingagenten.com\/fi\/produkt\/wella-sp-hydrate-mask-200ml\/"},"modified":"2026-03-11T21:50:32","modified_gmt":"2026-03-11T21:50:32","slug":"wella-sp-hydrate-mask-200ml","status":"publish","type":"product","link":"https:\/\/stylingagenten.com\/fi\/tuote\/wella-sp-hydrate-mask-200ml\/","title":{"rendered":"Wella SP Hydrate Mask 200ml"},"content":{"rendered":"<p>SP HYDRATE MASK<br \/>Hiuksista tulee uskomattoman terveit\u00e4, pehmeit\u00e4, sileit\u00e4 ja kiilt\u00e4vi\u00e4. Glyseriini\u00e4, D-pantenolia ja glukoosia sis\u00e4lt\u00e4v\u00e4 Special Active Moisture Complex -koostumus tarjoaa pitk\u00e4kestoisen kosteuttavan vaikutuksen rasittamatta hiuksia ja optimaalisen suojan kuivumista vastaan.<\/p>\n","protected":false},"excerpt":{"rendered":"<p>SP HYDRATE MASKHiuksista tulee uskomattoman terveit\u00e4, pehmeit\u00e4, sileit\u00e4 ja kiilt\u00e4vi\u00e4. Glyseriini\u00e4, D-pantenolia ja glukoosia sis\u00e4lt\u00e4v\u00e4 Special Active Moisture Complex -koostumus tarjoaa pitk\u00e4kestoisen kosteuttavan vaikutuksen rasittamatta hiuksia ja optimaalisen suojan kuivumista vastaan.<\/p>\n","protected":false},"featured_media":125504,"comment_status":"open","ping_status":"closed","template":"","meta":{"_trash_the_other_posts":false},"product_brand":[],"product_cat":[620],"product_tag":[],"berocket_brand":[1030],"class_list":{"0":"post-125505","1":"product","2":"type-product","3":"status-publish","4":"has-post-thumbnail","6":"product_cat-hiuskaare","7":"pa_brand-wella","8":"berocket_brand-wella","10":"first","11":"instock","12":"sale","13":"taxable","14":"shipping-taxable","15":"purchasable","16":"product-type-simple"},"_links":{"self":[{"href":"https:\/\/stylingagenten.com\/fi\/wp-json\/wp\/v2\/product\/125505","targetHints":{"allow":["GET"]}}],"collection":[{"href":"https:\/\/stylingagenten.com\/fi\/wp-json\/wp\/v2\/product"}],"about":[{"href":"https:\/\/stylingagenten.com\/fi\/wp-json\/wp\/v2\/types\/product"}],"replies":[{"embeddable":true,"href":"https:\/\/stylingagenten.com\/fi\/wp-json\/wp\/v2\/comments?post=125505"}],"version-history":[{"count":0,"href":"https:\/\/stylingagenten.com\/fi\/wp-json\/wp\/v2\/product\/125505\/revisions"}],"wp:featuredmedia":[{"embeddable":true,"href":"https:\/\/stylingagenten.com\/fi\/wp-json\/wp\/v2\/media\/125504"}],"wp:attachment":[{"href":"https:\/\/stylingagenten.com\/fi\/wp-json\/wp\/v2\/media?parent=125505"}],"wp:term":[{"taxonomy":"product_brand","embeddable":true,"href":"https:\/\/stylingagenten.com\/fi\/wp-json\/wp\/v2\/product_brand?post=125505"},{"taxonomy":"product_cat","embeddable":true,"href":"https:\/\/stylingagenten.com\/fi\/wp-json\/wp\/v2\/product_cat?post=125505"},{"taxonomy":"product_tag","embeddable":true,"href":"https:\/\/stylingagenten.com\/fi\/wp-json\/wp\/v2\/product_tag?post=125505"},{"taxonomy":"berocket_brand","embeddable":true,"href":"https:\/\/stylingagenten.com\/fi\/wp-json\/wp\/v2\/berocket_brand?post=125505"}],"curies":[{"name":"wp","href":"https:\/\/api.w.org\/{rel}","templated":true}]}}