{"id":125495,"date":"2025-05-18T22:02:50","date_gmt":"2025-05-18T22:02:50","guid":{"rendered":"https:\/\/staging2.stylingagenten.com\/fi\/produkt\/sebastian-professional-dark-oil-lightweight-mask-150ml\/"},"modified":"2026-04-06T14:18:31","modified_gmt":"2026-04-06T14:18:31","slug":"sebastian-professional-dark-oil-lightweight-mask-150ml","status":"publish","type":"product","link":"https:\/\/stylingagenten.com\/fi\/tuote\/sebastian-professional-dark-oil-lightweight-mask-150ml\/","title":{"rendered":"Sebastian Professional Dark Oil Lightweight Mask 150ml"},"content":{"rendered":"<p>Kevyt naamio, hiusk\u00e4\u00e4re erityisell\u00e4 \u00f6ljyseoksella. Ravitsee hiuksia s\u00e4ilytt\u00e4en samalla hiusten luonnollisen t\u00e4ytel\u00e4isyyden ja koostumuksen. J\u00e4tt\u00e4\u00e4 hiukset kiilt\u00e4viksi ja silkkisiksi<\/p>\n","protected":false},"excerpt":{"rendered":"<p>Kevyt naamio, hiusk\u00e4\u00e4re erityisell\u00e4 \u00f6ljyseoksella. Ravitsee hiuksia s\u00e4ilytt\u00e4en samalla hiusten luonnollisen t\u00e4ytel\u00e4isyyden ja koostumuksen. J\u00e4tt\u00e4\u00e4 hiukset kiilt\u00e4viksi ja silkkisiksi<\/p>\n","protected":false},"featured_media":125494,"comment_status":"open","ping_status":"closed","template":"","meta":{"_trash_the_other_posts":false},"product_brand":[],"product_cat":[620],"product_tag":[],"berocket_brand":[1194],"class_list":{"0":"post-125495","1":"product","2":"type-product","3":"status-publish","4":"has-post-thumbnail","6":"product_cat-hiuskaare","7":"pa_brand-sebastian","8":"berocket_brand-sebastian","10":"first","11":"outofstock","12":"sale","13":"taxable","14":"shipping-taxable","15":"purchasable","16":"product-type-simple"},"_links":{"self":[{"href":"https:\/\/stylingagenten.com\/fi\/wp-json\/wp\/v2\/product\/125495","targetHints":{"allow":["GET"]}}],"collection":[{"href":"https:\/\/stylingagenten.com\/fi\/wp-json\/wp\/v2\/product"}],"about":[{"href":"https:\/\/stylingagenten.com\/fi\/wp-json\/wp\/v2\/types\/product"}],"replies":[{"embeddable":true,"href":"https:\/\/stylingagenten.com\/fi\/wp-json\/wp\/v2\/comments?post=125495"}],"version-history":[{"count":0,"href":"https:\/\/stylingagenten.com\/fi\/wp-json\/wp\/v2\/product\/125495\/revisions"}],"wp:featuredmedia":[{"embeddable":true,"href":"https:\/\/stylingagenten.com\/fi\/wp-json\/wp\/v2\/media\/125494"}],"wp:attachment":[{"href":"https:\/\/stylingagenten.com\/fi\/wp-json\/wp\/v2\/media?parent=125495"}],"wp:term":[{"taxonomy":"product_brand","embeddable":true,"href":"https:\/\/stylingagenten.com\/fi\/wp-json\/wp\/v2\/product_brand?post=125495"},{"taxonomy":"product_cat","embeddable":true,"href":"https:\/\/stylingagenten.com\/fi\/wp-json\/wp\/v2\/product_cat?post=125495"},{"taxonomy":"product_tag","embeddable":true,"href":"https:\/\/stylingagenten.com\/fi\/wp-json\/wp\/v2\/product_tag?post=125495"},{"taxonomy":"berocket_brand","embeddable":true,"href":"https:\/\/stylingagenten.com\/fi\/wp-json\/wp\/v2\/berocket_brand?post=125495"}],"curies":[{"name":"wp","href":"https:\/\/api.w.org\/{rel}","templated":true}]}}