{"id":125477,"date":"2025-05-18T22:02:47","date_gmt":"2025-05-18T22:02:47","guid":{"rendered":"https:\/\/staging2.stylingagenten.com\/fi\/produkt\/balmain-moisturizing-repair-mask-200ml\/"},"modified":"2026-03-11T22:00:11","modified_gmt":"2026-03-11T22:00:11","slug":"balmain-moisturizing-repair-mask-200ml","status":"publish","type":"product","link":"https:\/\/stylingagenten.com\/fi\/tuote\/balmain-moisturizing-repair-mask-200ml\/","title":{"rendered":"Balmain Moisturizing Repair Mask 200ml"},"content":{"rendered":"<p>Intensiivinen hoito- ja korjausk\u00e4\u00e4re, joka on rikastettu puhtaalla luomu-argan\u00f6ljyll\u00e4, uudistaa vaurioituneita ja ylik\u00e4siteltyj\u00e4 hiuksia, antaa eloisat kiilt\u00e4v\u00e4t ja helposti k\u00e4sitelt\u00e4v\u00e4t hiukset. V\u00e4rin s\u00e4ilytt\u00e4minen.<\/p>\n<p>K\u00e4ytt\u00f6:<br \/>Shampoolla pesun j\u00e4lkeen hiero k\u00e4\u00e4re pituuksiin ja varovasti p\u00e4ihin, anna olla 10-15 minuuttia tai pidemp\u00e4\u00e4n, mieluiten l\u00e4mm\u00f6ss\u00e4 pyyhkeen p\u00e4\u00e4ll\u00e4.<\/p>\n","protected":false},"excerpt":{"rendered":"<p>Intensiivinen hoito- ja korjausk\u00e4\u00e4re, joka on rikastettu puhtaalla luomu-argan\u00f6ljyll\u00e4, uudistaa vaurioituneita ja ylik\u00e4siteltyj\u00e4 hiuksia, antaa eloisat kiilt\u00e4v\u00e4t ja helposti k\u00e4sitelt\u00e4v\u00e4t hiukset. V\u00e4rin s\u00e4ilytt\u00e4minen. K\u00e4ytt\u00f6:Shampoolla pesun j\u00e4lkeen hiero k\u00e4\u00e4re pituuksiin ja varovasti p\u00e4ihin, anna olla 10-15 minuuttia tai pidemp\u00e4\u00e4n, mieluiten l\u00e4mm\u00f6ss\u00e4 pyyhkeen p\u00e4\u00e4ll\u00e4.<\/p>\n","protected":false},"featured_media":125472,"comment_status":"open","ping_status":"closed","template":"","meta":{"_trash_the_other_posts":false},"product_brand":[],"product_cat":[620],"product_tag":[],"berocket_brand":[1144],"class_list":{"0":"post-125477","1":"product","2":"type-product","3":"status-publish","4":"has-post-thumbnail","6":"product_cat-hiuskaare","7":"pa_brand-balmain","8":"berocket_brand-balmain","10":"first","11":"instock","12":"sale","13":"taxable","14":"shipping-taxable","15":"purchasable","16":"product-type-simple"},"_links":{"self":[{"href":"https:\/\/stylingagenten.com\/fi\/wp-json\/wp\/v2\/product\/125477","targetHints":{"allow":["GET"]}}],"collection":[{"href":"https:\/\/stylingagenten.com\/fi\/wp-json\/wp\/v2\/product"}],"about":[{"href":"https:\/\/stylingagenten.com\/fi\/wp-json\/wp\/v2\/types\/product"}],"replies":[{"embeddable":true,"href":"https:\/\/stylingagenten.com\/fi\/wp-json\/wp\/v2\/comments?post=125477"}],"version-history":[{"count":0,"href":"https:\/\/stylingagenten.com\/fi\/wp-json\/wp\/v2\/product\/125477\/revisions"}],"wp:featuredmedia":[{"embeddable":true,"href":"https:\/\/stylingagenten.com\/fi\/wp-json\/wp\/v2\/media\/125472"}],"wp:attachment":[{"href":"https:\/\/stylingagenten.com\/fi\/wp-json\/wp\/v2\/media?parent=125477"}],"wp:term":[{"taxonomy":"product_brand","embeddable":true,"href":"https:\/\/stylingagenten.com\/fi\/wp-json\/wp\/v2\/product_brand?post=125477"},{"taxonomy":"product_cat","embeddable":true,"href":"https:\/\/stylingagenten.com\/fi\/wp-json\/wp\/v2\/product_cat?post=125477"},{"taxonomy":"product_tag","embeddable":true,"href":"https:\/\/stylingagenten.com\/fi\/wp-json\/wp\/v2\/product_tag?post=125477"},{"taxonomy":"berocket_brand","embeddable":true,"href":"https:\/\/stylingagenten.com\/fi\/wp-json\/wp\/v2\/berocket_brand?post=125477"}],"curies":[{"name":"wp","href":"https:\/\/api.w.org\/{rel}","templated":true}]}}