{"id":125475,"date":"2025-05-18T22:02:46","date_gmt":"2025-05-18T22:02:46","guid":{"rendered":"https:\/\/staging2.stylingagenten.com\/fi\/produkt\/orofluido-radiance-argan-mask-250ml\/"},"modified":"2026-03-29T17:37:29","modified_gmt":"2026-03-29T17:37:29","slug":"orofluido-radiance-argan-mask-250ml","status":"publish","type":"product","link":"https:\/\/stylingagenten.com\/fi\/tuote\/orofluido-radiance-argan-mask-250ml\/","title":{"rendered":"Orofluido Radiance Argan Mask 250ml"},"content":{"rendered":"<p>Revlon Orofluido Radiance Argan Mask on korjaava hiusnaamio, joka antaa hiuksille terveen ja kiilt\u00e4v\u00e4n ilmeen. Hiusnaamio tunkeutuu syv\u00e4lle hiuskuituihin intensiivisesti kosteuttavien ja palauttavien ominaisuuksiensa ansiosta sek\u00e4 ravitsee, pehment\u00e4\u00e4 ja tasoittaa hiuksia sek\u00e4 ehk\u00e4isee latvojen halkeilua.<\/p>\n<p>Lis\u00e4ksi Revlon Orofluido Radiance Argan Mask on rikastettu kylm\u00e4puristetulla argan\u00f6ljyll\u00e4, jolla on vahvistava vaikutus ja joka j\u00e4tt\u00e4\u00e4 hiukset silkinpehmeiksi.<\/p>\n<p>Hiusnaamiossa on fantastinen, herkk\u00e4 tuoksu Orofluidon tunnustuoksusta, joka vie sinut kiehtovaan it\u00e4maiseen tuoksuuniversumiin.<\/p>\n","protected":false},"excerpt":{"rendered":"<p>Revlon Orofluido Radiance Argan Mask on korjaava hiusnaamio, joka antaa hiuksille terveen ja kiilt\u00e4v\u00e4n ilmeen. Hiusnaamio tunkeutuu syv\u00e4lle hiuskuituihin intensiivisesti kosteuttavien ja palauttavien ominaisuuksiensa ansiosta sek\u00e4 ravitsee, pehment\u00e4\u00e4 ja tasoittaa hiuksia sek\u00e4 ehk\u00e4isee latvojen halkeilua. Lis\u00e4ksi Revlon Orofluido Radiance Argan Mask on rikastettu kylm\u00e4puristetulla argan\u00f6ljyll\u00e4, jolla on vahvistava vaikutus ja joka j\u00e4tt\u00e4\u00e4 hiukset silkinpehmeiksi. Hiusnaamiossa [&hellip;]<\/p>\n","protected":false},"featured_media":125473,"comment_status":"open","ping_status":"closed","template":"","meta":{"_trash_the_other_posts":false},"product_brand":[],"product_cat":[620],"product_tag":[3734],"berocket_brand":[1045],"class_list":{"0":"post-125475","1":"product","2":"type-product","3":"status-publish","4":"has-post-thumbnail","6":"product_cat-hiuskaare","7":"product_tag-orofluido-radiance-argan-mask","8":"pa_brand-orofluido","9":"pa_variantti-250ml","10":"berocket_brand-orofluido","12":"first","13":"instock","14":"sale","15":"taxable","16":"shipping-taxable","17":"purchasable","18":"product-type-simple"},"_links":{"self":[{"href":"https:\/\/stylingagenten.com\/fi\/wp-json\/wp\/v2\/product\/125475","targetHints":{"allow":["GET"]}}],"collection":[{"href":"https:\/\/stylingagenten.com\/fi\/wp-json\/wp\/v2\/product"}],"about":[{"href":"https:\/\/stylingagenten.com\/fi\/wp-json\/wp\/v2\/types\/product"}],"replies":[{"embeddable":true,"href":"https:\/\/stylingagenten.com\/fi\/wp-json\/wp\/v2\/comments?post=125475"}],"version-history":[{"count":0,"href":"https:\/\/stylingagenten.com\/fi\/wp-json\/wp\/v2\/product\/125475\/revisions"}],"wp:featuredmedia":[{"embeddable":true,"href":"https:\/\/stylingagenten.com\/fi\/wp-json\/wp\/v2\/media\/125473"}],"wp:attachment":[{"href":"https:\/\/stylingagenten.com\/fi\/wp-json\/wp\/v2\/media?parent=125475"}],"wp:term":[{"taxonomy":"product_brand","embeddable":true,"href":"https:\/\/stylingagenten.com\/fi\/wp-json\/wp\/v2\/product_brand?post=125475"},{"taxonomy":"product_cat","embeddable":true,"href":"https:\/\/stylingagenten.com\/fi\/wp-json\/wp\/v2\/product_cat?post=125475"},{"taxonomy":"product_tag","embeddable":true,"href":"https:\/\/stylingagenten.com\/fi\/wp-json\/wp\/v2\/product_tag?post=125475"},{"taxonomy":"berocket_brand","embeddable":true,"href":"https:\/\/stylingagenten.com\/fi\/wp-json\/wp\/v2\/berocket_brand?post=125475"}],"curies":[{"name":"wp","href":"https:\/\/api.w.org\/{rel}","templated":true}]}}