{"id":125474,"date":"2025-05-18T22:02:46","date_gmt":"2025-05-18T22:02:46","guid":{"rendered":"https:\/\/staging2.stylingagenten.com\/fi\/produkt\/wella-sp-luxeoil-keratin-restore-mask-150ml\/"},"modified":"2026-04-01T11:28:41","modified_gmt":"2026-04-01T11:28:41","slug":"wella-sp-luxeoil-keratin-restore-mask-150ml","status":"publish","type":"product","link":"https:\/\/stylingagenten.com\/fi\/tuote\/wella-sp-luxeoil-keratin-restore-mask-150ml\/","title":{"rendered":"Wella SP LuxeOil Keratin Restore Mask 150ml"},"content":{"rendered":"<p>SP LUXEOIL KERATIN RESTORE MASK <br \/>k\u00e4\u00e4re, joka v\u00e4litt\u00f6m\u00e4sti rakentaa uudelleen hiuskuituja parantaakseen hiusten rakennetta ja tekee niist\u00e4 pehme\u00e4t ja sile\u00e4t.<\/p>\n","protected":false},"excerpt":{"rendered":"<p>SP LUXEOIL KERATIN RESTORE MASK k\u00e4\u00e4re, joka v\u00e4litt\u00f6m\u00e4sti rakentaa uudelleen hiuskuituja parantaakseen hiusten rakennetta ja tekee niist\u00e4 pehme\u00e4t ja sile\u00e4t.<\/p>\n","protected":false},"featured_media":125471,"comment_status":"open","ping_status":"closed","template":"","meta":{"_trash_the_other_posts":false},"product_brand":[],"product_cat":[620,1003],"product_tag":[4073],"berocket_brand":[1030],"class_list":{"0":"post-125474","1":"product","2":"type-product","3":"status-publish","4":"has-post-thumbnail","6":"product_cat-hiuskaare","7":"product_cat-myydyimmat","8":"product_tag-wella-sp-luxeoil-keratin-restore-mask","9":"pa_brand-wella","10":"pa_variantti-150ml","11":"berocket_brand-wella","13":"first","14":"outofstock","15":"sale","16":"taxable","17":"shipping-taxable","18":"purchasable","19":"product-type-simple"},"_links":{"self":[{"href":"https:\/\/stylingagenten.com\/fi\/wp-json\/wp\/v2\/product\/125474","targetHints":{"allow":["GET"]}}],"collection":[{"href":"https:\/\/stylingagenten.com\/fi\/wp-json\/wp\/v2\/product"}],"about":[{"href":"https:\/\/stylingagenten.com\/fi\/wp-json\/wp\/v2\/types\/product"}],"replies":[{"embeddable":true,"href":"https:\/\/stylingagenten.com\/fi\/wp-json\/wp\/v2\/comments?post=125474"}],"version-history":[{"count":0,"href":"https:\/\/stylingagenten.com\/fi\/wp-json\/wp\/v2\/product\/125474\/revisions"}],"wp:featuredmedia":[{"embeddable":true,"href":"https:\/\/stylingagenten.com\/fi\/wp-json\/wp\/v2\/media\/125471"}],"wp:attachment":[{"href":"https:\/\/stylingagenten.com\/fi\/wp-json\/wp\/v2\/media?parent=125474"}],"wp:term":[{"taxonomy":"product_brand","embeddable":true,"href":"https:\/\/stylingagenten.com\/fi\/wp-json\/wp\/v2\/product_brand?post=125474"},{"taxonomy":"product_cat","embeddable":true,"href":"https:\/\/stylingagenten.com\/fi\/wp-json\/wp\/v2\/product_cat?post=125474"},{"taxonomy":"product_tag","embeddable":true,"href":"https:\/\/stylingagenten.com\/fi\/wp-json\/wp\/v2\/product_tag?post=125474"},{"taxonomy":"berocket_brand","embeddable":true,"href":"https:\/\/stylingagenten.com\/fi\/wp-json\/wp\/v2\/berocket_brand?post=125474"}],"curies":[{"name":"wp","href":"https:\/\/api.w.org\/{rel}","templated":true}]}}