{"id":125470,"date":"2025-05-18T22:02:46","date_gmt":"2025-05-18T22:02:46","guid":{"rendered":"https:\/\/staging2.stylingagenten.com\/fi\/produkt\/wella-sp-color-save-mask-200ml\/"},"modified":"2026-03-11T21:50:18","modified_gmt":"2026-03-11T21:50:18","slug":"wella-sp-color-save-mask-200ml","status":"publish","type":"product","link":"https:\/\/stylingagenten.com\/fi\/tuote\/wella-sp-color-save-mask-200ml\/","title":{"rendered":"Wella SP Color Save Mask 200ml"},"content":{"rendered":"<p>SP COLOR SAVE MASK<br \/>INTENSIIVINEN hoito hiusten v\u00e4rin s\u00e4ilytt\u00e4miseksi<br \/>Antaa jatkuvan suojan v\u00e4rj\u00e4tyille hiuksille.<br \/>Intensiivinen suoja v\u00e4rin haalistumista ja v\u00e4rin s\u00e4vyn muutoksia vastaan<br \/>Suojaa ja tarjoaa pitk\u00e4n kest\u00e4v\u00e4 v\u00e4rikiilto<br \/> Tekee hiuksista huomattavasti pehme\u00e4t<\/p>\n","protected":false},"excerpt":{"rendered":"<p>SP COLOR SAVE MASKINTENSIIVINEN hoito hiusten v\u00e4rin s\u00e4ilytt\u00e4miseksiAntaa jatkuvan suojan v\u00e4rj\u00e4tyille hiuksille.Intensiivinen suoja v\u00e4rin haalistumista ja v\u00e4rin s\u00e4vyn muutoksia vastaanSuojaa ja tarjoaa pitk\u00e4n kest\u00e4v\u00e4 v\u00e4rikiilto Tekee hiuksista huomattavasti pehme\u00e4t<\/p>\n","protected":false},"featured_media":125468,"comment_status":"open","ping_status":"closed","template":"","meta":{"_trash_the_other_posts":false},"product_brand":[],"product_cat":[620],"product_tag":[],"berocket_brand":[1030],"class_list":{"0":"post-125470","1":"product","2":"type-product","3":"status-publish","4":"has-post-thumbnail","6":"product_cat-hiuskaare","7":"pa_brand-wella","8":"berocket_brand-wella","10":"first","11":"instock","12":"sale","13":"taxable","14":"shipping-taxable","15":"purchasable","16":"product-type-simple"},"_links":{"self":[{"href":"https:\/\/stylingagenten.com\/fi\/wp-json\/wp\/v2\/product\/125470","targetHints":{"allow":["GET"]}}],"collection":[{"href":"https:\/\/stylingagenten.com\/fi\/wp-json\/wp\/v2\/product"}],"about":[{"href":"https:\/\/stylingagenten.com\/fi\/wp-json\/wp\/v2\/types\/product"}],"replies":[{"embeddable":true,"href":"https:\/\/stylingagenten.com\/fi\/wp-json\/wp\/v2\/comments?post=125470"}],"version-history":[{"count":0,"href":"https:\/\/stylingagenten.com\/fi\/wp-json\/wp\/v2\/product\/125470\/revisions"}],"wp:featuredmedia":[{"embeddable":true,"href":"https:\/\/stylingagenten.com\/fi\/wp-json\/wp\/v2\/media\/125468"}],"wp:attachment":[{"href":"https:\/\/stylingagenten.com\/fi\/wp-json\/wp\/v2\/media?parent=125470"}],"wp:term":[{"taxonomy":"product_brand","embeddable":true,"href":"https:\/\/stylingagenten.com\/fi\/wp-json\/wp\/v2\/product_brand?post=125470"},{"taxonomy":"product_cat","embeddable":true,"href":"https:\/\/stylingagenten.com\/fi\/wp-json\/wp\/v2\/product_cat?post=125470"},{"taxonomy":"product_tag","embeddable":true,"href":"https:\/\/stylingagenten.com\/fi\/wp-json\/wp\/v2\/product_tag?post=125470"},{"taxonomy":"berocket_brand","embeddable":true,"href":"https:\/\/stylingagenten.com\/fi\/wp-json\/wp\/v2\/berocket_brand?post=125470"}],"curies":[{"name":"wp","href":"https:\/\/api.w.org\/{rel}","templated":true}]}}