{"id":125381,"date":"2025-05-18T22:02:27","date_gmt":"2025-05-18T22:02:27","guid":{"rendered":"https:\/\/staging2.stylingagenten.com\/fi\/produkt\/sachajuan-intensive-leave-in-conditioner-150ml\/"},"modified":"2026-03-11T21:59:27","modified_gmt":"2026-03-11T21:59:27","slug":"sachajuan-intensive-leave-in-conditioner-150ml","status":"publish","type":"product","link":"https:\/\/stylingagenten.com\/fi\/tuote\/sachajuan-intensive-leave-in-conditioner-150ml\/","title":{"rendered":"SACHAJUAN Intensive Leave In Conditioner 150ml"},"content":{"rendered":"<p>SACHAJUAN Intensive Repair Leave In Conditioner v\u00e4hent\u00e4\u00e4 p\u00f6rr\u00f6isyytt\u00e4, korjaa ja luo hiuksille suojaavan suojan. Se sis\u00e4lt\u00e4\u00e4 ainesosia, kuten makadamia\u00f6ljy\u00e4, hydrolysoitua Rhodophycea-uutetta ja ravitsevia ominaisuuksia, jotka korjaavat ja korjaavat. Hiuksista tulee pehme\u00e4t, kiilt\u00e4v\u00e4t ja helposti hallittavat, ja ne tarjoavat erinomaisen perustan muotoilulle. Tuote toimii hyvin my\u00f6s hiustenpidennyksiss\u00e4.<\/p>\n<p>150 ml<\/p>\n","protected":false},"excerpt":{"rendered":"<p>SACHAJUAN Intensive Repair Leave In Conditioner v\u00e4hent\u00e4\u00e4 p\u00f6rr\u00f6isyytt\u00e4, korjaa ja luo hiuksille suojaavan suojan. Se sis\u00e4lt\u00e4\u00e4 ainesosia, kuten makadamia\u00f6ljy\u00e4, hydrolysoitua Rhodophycea-uutetta ja ravitsevia ominaisuuksia, jotka korjaavat ja korjaavat. Hiuksista tulee pehme\u00e4t, kiilt\u00e4v\u00e4t ja helposti hallittavat, ja ne tarjoavat erinomaisen perustan muotoilulle. Tuote toimii hyvin my\u00f6s hiustenpidennyksiss\u00e4. 150 ml<\/p>\n","protected":false},"featured_media":125379,"comment_status":"open","ping_status":"closed","template":"","meta":{"_trash_the_other_posts":false},"product_brand":[],"product_cat":[615],"product_tag":[],"berocket_brand":[1409],"class_list":{"0":"post-125381","1":"product","2":"type-product","3":"status-publish","4":"has-post-thumbnail","6":"product_cat-hiusten-seerumi","7":"pa_brand-sachajuan","8":"berocket_brand-sachajuan","10":"first","11":"instock","12":"sale","13":"taxable","14":"shipping-taxable","15":"purchasable","16":"product-type-simple"},"_links":{"self":[{"href":"https:\/\/stylingagenten.com\/fi\/wp-json\/wp\/v2\/product\/125381","targetHints":{"allow":["GET"]}}],"collection":[{"href":"https:\/\/stylingagenten.com\/fi\/wp-json\/wp\/v2\/product"}],"about":[{"href":"https:\/\/stylingagenten.com\/fi\/wp-json\/wp\/v2\/types\/product"}],"replies":[{"embeddable":true,"href":"https:\/\/stylingagenten.com\/fi\/wp-json\/wp\/v2\/comments?post=125381"}],"version-history":[{"count":0,"href":"https:\/\/stylingagenten.com\/fi\/wp-json\/wp\/v2\/product\/125381\/revisions"}],"wp:featuredmedia":[{"embeddable":true,"href":"https:\/\/stylingagenten.com\/fi\/wp-json\/wp\/v2\/media\/125379"}],"wp:attachment":[{"href":"https:\/\/stylingagenten.com\/fi\/wp-json\/wp\/v2\/media?parent=125381"}],"wp:term":[{"taxonomy":"product_brand","embeddable":true,"href":"https:\/\/stylingagenten.com\/fi\/wp-json\/wp\/v2\/product_brand?post=125381"},{"taxonomy":"product_cat","embeddable":true,"href":"https:\/\/stylingagenten.com\/fi\/wp-json\/wp\/v2\/product_cat?post=125381"},{"taxonomy":"product_tag","embeddable":true,"href":"https:\/\/stylingagenten.com\/fi\/wp-json\/wp\/v2\/product_tag?post=125381"},{"taxonomy":"berocket_brand","embeddable":true,"href":"https:\/\/stylingagenten.com\/fi\/wp-json\/wp\/v2\/berocket_brand?post=125381"}],"curies":[{"name":"wp","href":"https:\/\/api.w.org\/{rel}","templated":true}]}}