{"id":125351,"date":"2025-05-18T22:02:21","date_gmt":"2025-05-18T22:02:21","guid":{"rendered":"https:\/\/staging2.stylingagenten.com\/fi\/produkt\/sachajuan-scalp-treatment-duo-90ml\/"},"modified":"2026-03-11T22:00:13","modified_gmt":"2026-03-11T22:00:13","slug":"sachajuan-scalp-treatment-duo-90ml","status":"publish","type":"product","link":"https:\/\/stylingagenten.com\/fi\/tuote\/sachajuan-scalp-treatment-duo-90ml\/","title":{"rendered":"SACHAJUAN Scalp Treatment Duo 90ml"},"content":{"rendered":"<p>SACHAJUAN Scalp Treatment Duo yll\u00e4pit\u00e4\u00e4 tervett\u00e4 kosteustasapainoa hiusten ja p\u00e4\u00e4nahan v\u00e4lill\u00e4. Piroctone Olamine ja Climbazole kuivan hilseen poistamiseen. Muut vaikuttavat aineet rauhoittavat punoitusta ja lievitt\u00e4v\u00e4t p\u00e4\u00e4nahan \u00e4rsytyst\u00e4. Eritt\u00e4in tiivistetty, p\u00e4ivitt\u00e4in j\u00e4tett\u00e4v\u00e4 hoitoaine, t\u00e4ydellinen p\u00e4\u00e4nahalle.<\/p>\n<p>90ml<\/p>\n","protected":false},"excerpt":{"rendered":"<p>SACHAJUAN Scalp Treatment Duo yll\u00e4pit\u00e4\u00e4 tervett\u00e4 kosteustasapainoa hiusten ja p\u00e4\u00e4nahan v\u00e4lill\u00e4. Piroctone Olamine ja Climbazole kuivan hilseen poistamiseen. Muut vaikuttavat aineet rauhoittavat punoitusta ja lievitt\u00e4v\u00e4t p\u00e4\u00e4nahan \u00e4rsytyst\u00e4. Eritt\u00e4in tiivistetty, p\u00e4ivitt\u00e4in j\u00e4tett\u00e4v\u00e4 hoitoaine, t\u00e4ydellinen p\u00e4\u00e4nahalle. 90ml<\/p>\n","protected":false},"featured_media":125341,"comment_status":"open","ping_status":"closed","template":"","meta":{"_trash_the_other_posts":false},"product_brand":[],"product_cat":[620],"product_tag":[],"berocket_brand":[1409],"class_list":{"0":"post-125351","1":"product","2":"type-product","3":"status-publish","4":"has-post-thumbnail","6":"product_cat-hiuskaare","7":"pa_brand-sachajuan","8":"berocket_brand-sachajuan","10":"first","11":"instock","12":"sale","13":"taxable","14":"shipping-taxable","15":"purchasable","16":"product-type-simple"},"_links":{"self":[{"href":"https:\/\/stylingagenten.com\/fi\/wp-json\/wp\/v2\/product\/125351","targetHints":{"allow":["GET"]}}],"collection":[{"href":"https:\/\/stylingagenten.com\/fi\/wp-json\/wp\/v2\/product"}],"about":[{"href":"https:\/\/stylingagenten.com\/fi\/wp-json\/wp\/v2\/types\/product"}],"replies":[{"embeddable":true,"href":"https:\/\/stylingagenten.com\/fi\/wp-json\/wp\/v2\/comments?post=125351"}],"version-history":[{"count":0,"href":"https:\/\/stylingagenten.com\/fi\/wp-json\/wp\/v2\/product\/125351\/revisions"}],"wp:featuredmedia":[{"embeddable":true,"href":"https:\/\/stylingagenten.com\/fi\/wp-json\/wp\/v2\/media\/125341"}],"wp:attachment":[{"href":"https:\/\/stylingagenten.com\/fi\/wp-json\/wp\/v2\/media?parent=125351"}],"wp:term":[{"taxonomy":"product_brand","embeddable":true,"href":"https:\/\/stylingagenten.com\/fi\/wp-json\/wp\/v2\/product_brand?post=125351"},{"taxonomy":"product_cat","embeddable":true,"href":"https:\/\/stylingagenten.com\/fi\/wp-json\/wp\/v2\/product_cat?post=125351"},{"taxonomy":"product_tag","embeddable":true,"href":"https:\/\/stylingagenten.com\/fi\/wp-json\/wp\/v2\/product_tag?post=125351"},{"taxonomy":"berocket_brand","embeddable":true,"href":"https:\/\/stylingagenten.com\/fi\/wp-json\/wp\/v2\/berocket_brand?post=125351"}],"curies":[{"name":"wp","href":"https:\/\/api.w.org\/{rel}","templated":true}]}}