{"id":125274,"date":"2025-05-18T22:02:07","date_gmt":"2025-05-18T22:02:07","guid":{"rendered":"https:\/\/staging2.stylingagenten.com\/fi\/produkt\/milk_shake-integrity-rebuilder-500ml\/"},"modified":"2026-03-24T16:08:05","modified_gmt":"2026-03-24T16:08:05","slug":"milk_shake-integrity-rebuilder-500ml","status":"publish","type":"product","link":"https:\/\/stylingagenten.com\/fi\/tuote\/milk_shake-integrity-rebuilder-500ml\/","title":{"rendered":"Milk_Shake Integrity Rebuilder 500ml"},"content":{"rendered":"<p>Milk_Shake Integrity Rebuilder on ravitseva hiushoito vaurioituneille hiuksille. Sen koostumus on rikastettu luonnollisella keratiinilla, proteiineilla ja aminohapoilla. N\u00e4m\u00e4 ihanat ainesosat tunkeutuvat syv\u00e4lle hiusten rakenteeseen ja ravitsevat hiuksia sis\u00e4lt\u00e4 ulosp\u00e4in.<\/p>\n<p>500 ml<\/p>\n","protected":false},"excerpt":{"rendered":"<p>Milk_Shake Integrity Rebuilder on ravitseva hiushoito vaurioituneille hiuksille. Sen koostumus on rikastettu luonnollisella keratiinilla, proteiineilla ja aminohapoilla. N\u00e4m\u00e4 ihanat ainesosat tunkeutuvat syv\u00e4lle hiusten rakenteeseen ja ravitsevat hiuksia sis\u00e4lt\u00e4 ulosp\u00e4in. 500 ml<\/p>\n","protected":false},"featured_media":125273,"comment_status":"open","ping_status":"closed","template":"","meta":{"_trash_the_other_posts":false},"product_brand":[],"product_cat":[620],"product_tag":[],"berocket_brand":[1085],"class_list":{"0":"post-125274","1":"product","2":"type-product","3":"status-publish","4":"has-post-thumbnail","6":"product_cat-hiuskaare","7":"pa_brand-milk_shake","8":"berocket_brand-milk_shake","10":"first","11":"instock","12":"sale","13":"taxable","14":"shipping-taxable","15":"purchasable","16":"product-type-simple"},"_links":{"self":[{"href":"https:\/\/stylingagenten.com\/fi\/wp-json\/wp\/v2\/product\/125274","targetHints":{"allow":["GET"]}}],"collection":[{"href":"https:\/\/stylingagenten.com\/fi\/wp-json\/wp\/v2\/product"}],"about":[{"href":"https:\/\/stylingagenten.com\/fi\/wp-json\/wp\/v2\/types\/product"}],"replies":[{"embeddable":true,"href":"https:\/\/stylingagenten.com\/fi\/wp-json\/wp\/v2\/comments?post=125274"}],"version-history":[{"count":0,"href":"https:\/\/stylingagenten.com\/fi\/wp-json\/wp\/v2\/product\/125274\/revisions"}],"wp:featuredmedia":[{"embeddable":true,"href":"https:\/\/stylingagenten.com\/fi\/wp-json\/wp\/v2\/media\/125273"}],"wp:attachment":[{"href":"https:\/\/stylingagenten.com\/fi\/wp-json\/wp\/v2\/media?parent=125274"}],"wp:term":[{"taxonomy":"product_brand","embeddable":true,"href":"https:\/\/stylingagenten.com\/fi\/wp-json\/wp\/v2\/product_brand?post=125274"},{"taxonomy":"product_cat","embeddable":true,"href":"https:\/\/stylingagenten.com\/fi\/wp-json\/wp\/v2\/product_cat?post=125274"},{"taxonomy":"product_tag","embeddable":true,"href":"https:\/\/stylingagenten.com\/fi\/wp-json\/wp\/v2\/product_tag?post=125274"},{"taxonomy":"berocket_brand","embeddable":true,"href":"https:\/\/stylingagenten.com\/fi\/wp-json\/wp\/v2\/berocket_brand?post=125274"}],"curies":[{"name":"wp","href":"https:\/\/api.w.org\/{rel}","templated":true}]}}