{"id":125265,"date":"2025-05-18T22:02:05","date_gmt":"2025-05-18T22:02:05","guid":{"rendered":"https:\/\/staging2.stylingagenten.com\/fi\/produkt\/orofluido-radiance-argan-mask-500ml\/"},"modified":"2026-04-11T10:18:41","modified_gmt":"2026-04-11T10:18:41","slug":"orofluido-radiance-argan-mask-500ml","status":"publish","type":"product","link":"https:\/\/stylingagenten.com\/fi\/tuote\/orofluido-radiance-argan-mask-500ml\/","title":{"rendered":"Orofluido Radiance Argan Mask 500ml"},"content":{"rendered":"<p>Orofluido Radiance Mask hiuksille on rikastettu argan\u00f6ljyll\u00e4. Se on intensiivinen vegaaninen hiustenhoito, joka kosteuttaa, korjaa, silottaa ja auttaa palauttamaan hiusten kauneuden. T\u00e4m\u00e4 intensiivinen hoito tunkeutuu hiuskuituun korjaten sen sis\u00e4lt\u00e4p\u00e4in. Nauti Orofluido\u2019n tunnusomaisesta tuoksusta, kun Radiance Argan Mask kosteuttaa, silottaa ja auttaa palauttamaan hiusten kauneuden.<\/p>\n<p>Sopii kaikille hiustyypeille, jotka etsiv\u00e4t pitk\u00e4kestoista s\u00e4teilevyytt\u00e4. Erityisen sopiva kuiville ja\/tai vaurioituneille hiuksille.<\/p>\n<p>500ml<\/p>\n","protected":false},"excerpt":{"rendered":"<p>Orofluido Radiance Mask hiuksille on rikastettu argan\u00f6ljyll\u00e4. Se on intensiivinen vegaaninen hiustenhoito, joka kosteuttaa, korjaa, silottaa ja auttaa palauttamaan hiusten kauneuden. T\u00e4m\u00e4 intensiivinen hoito tunkeutuu hiuskuituun korjaten sen sis\u00e4lt\u00e4p\u00e4in. Nauti Orofluido\u2019n tunnusomaisesta tuoksusta, kun Radiance Argan Mask kosteuttaa, silottaa ja auttaa palauttamaan hiusten kauneuden. Sopii kaikille hiustyypeille, jotka etsiv\u00e4t pitk\u00e4kestoista s\u00e4teilevyytt\u00e4. Erityisen sopiva kuiville ja\/tai [&hellip;]<\/p>\n","protected":false},"featured_media":125263,"comment_status":"open","ping_status":"closed","template":"","meta":{"_trash_the_other_posts":false},"product_brand":[],"product_cat":[620],"product_tag":[3734],"berocket_brand":[1045],"class_list":{"0":"post-125265","1":"product","2":"type-product","3":"status-publish","4":"has-post-thumbnail","6":"product_cat-hiuskaare","7":"product_tag-orofluido-radiance-argan-mask","8":"pa_brand-orofluido","9":"pa_variantti-500ml","10":"berocket_brand-orofluido","12":"first","13":"instock","14":"sale","15":"taxable","16":"shipping-taxable","17":"purchasable","18":"product-type-simple"},"_links":{"self":[{"href":"https:\/\/stylingagenten.com\/fi\/wp-json\/wp\/v2\/product\/125265","targetHints":{"allow":["GET"]}}],"collection":[{"href":"https:\/\/stylingagenten.com\/fi\/wp-json\/wp\/v2\/product"}],"about":[{"href":"https:\/\/stylingagenten.com\/fi\/wp-json\/wp\/v2\/types\/product"}],"replies":[{"embeddable":true,"href":"https:\/\/stylingagenten.com\/fi\/wp-json\/wp\/v2\/comments?post=125265"}],"version-history":[{"count":0,"href":"https:\/\/stylingagenten.com\/fi\/wp-json\/wp\/v2\/product\/125265\/revisions"}],"wp:featuredmedia":[{"embeddable":true,"href":"https:\/\/stylingagenten.com\/fi\/wp-json\/wp\/v2\/media\/125263"}],"wp:attachment":[{"href":"https:\/\/stylingagenten.com\/fi\/wp-json\/wp\/v2\/media?parent=125265"}],"wp:term":[{"taxonomy":"product_brand","embeddable":true,"href":"https:\/\/stylingagenten.com\/fi\/wp-json\/wp\/v2\/product_brand?post=125265"},{"taxonomy":"product_cat","embeddable":true,"href":"https:\/\/stylingagenten.com\/fi\/wp-json\/wp\/v2\/product_cat?post=125265"},{"taxonomy":"product_tag","embeddable":true,"href":"https:\/\/stylingagenten.com\/fi\/wp-json\/wp\/v2\/product_tag?post=125265"},{"taxonomy":"berocket_brand","embeddable":true,"href":"https:\/\/stylingagenten.com\/fi\/wp-json\/wp\/v2\/berocket_brand?post=125265"}],"curies":[{"name":"wp","href":"https:\/\/api.w.org\/{rel}","templated":true}]}}