{"id":125264,"date":"2025-05-18T22:02:05","date_gmt":"2025-05-18T22:02:05","guid":{"rendered":"https:\/\/staging2.stylingagenten.com\/fi\/produkt\/bjork-laga-repair-treatment-750ml\/"},"modified":"2026-03-16T09:31:02","modified_gmt":"2026-03-16T09:31:02","slug":"bjork-laga-repair-treatment-750ml","status":"publish","type":"product","link":"https:\/\/stylingagenten.com\/fi\/tuote\/bjork-laga-repair-treatment-750ml\/","title":{"rendered":"Bj\u00f6rk LAGA Repair Treatment 750ml"},"content":{"rendered":"<p>Bj\u00f6rk LAGA Repair Treatment on intensiivinen korjaava hoito vaurioituneille, kuiville ja kemiallisesti k\u00e4sitellyille hiuksille. Korjaava koostumus sis\u00e4lt\u00e4\u00e4 lev\u00e4- ja koivu-uutetta, jotka parantavat hiusten laatua, ehk\u00e4isev\u00e4t p\u00f6rr\u00f6isyytt\u00e4, lis\u00e4\u00e4v\u00e4t kiiltoa ja rauhoittavat hiuspohjaa.<\/p>\n<p>Tuoksu: Raikas ja kukkainen tuoksu, jossa on vivahteita bergamotista.<\/p>\n<p>750ml<\/p>\n","protected":false},"excerpt":{"rendered":"<p>Bj\u00f6rk LAGA Repair Treatment on intensiivinen korjaava hoito vaurioituneille, kuiville ja kemiallisesti k\u00e4sitellyille hiuksille. Korjaava koostumus sis\u00e4lt\u00e4\u00e4 lev\u00e4- ja koivu-uutetta, jotka parantavat hiusten laatua, ehk\u00e4isev\u00e4t p\u00f6rr\u00f6isyytt\u00e4, lis\u00e4\u00e4v\u00e4t kiiltoa ja rauhoittavat hiuspohjaa. Tuoksu: Raikas ja kukkainen tuoksu, jossa on vivahteita bergamotista. 750ml<\/p>\n","protected":false},"featured_media":125261,"comment_status":"open","ping_status":"closed","template":"","meta":{"_trash_the_other_posts":false},"product_brand":[],"product_cat":[620],"product_tag":[2569],"berocket_brand":[1418],"class_list":{"0":"post-125264","1":"product","2":"type-product","3":"status-publish","4":"has-post-thumbnail","6":"product_cat-hiuskaare","7":"product_tag-bjork-laga-repair-treatment","8":"pa_brand-bjork","9":"pa_variantti-750ml","10":"berocket_brand-bjork","12":"first","13":"instock","14":"sale","15":"taxable","16":"shipping-taxable","17":"purchasable","18":"product-type-simple"},"_links":{"self":[{"href":"https:\/\/stylingagenten.com\/fi\/wp-json\/wp\/v2\/product\/125264","targetHints":{"allow":["GET"]}}],"collection":[{"href":"https:\/\/stylingagenten.com\/fi\/wp-json\/wp\/v2\/product"}],"about":[{"href":"https:\/\/stylingagenten.com\/fi\/wp-json\/wp\/v2\/types\/product"}],"replies":[{"embeddable":true,"href":"https:\/\/stylingagenten.com\/fi\/wp-json\/wp\/v2\/comments?post=125264"}],"version-history":[{"count":0,"href":"https:\/\/stylingagenten.com\/fi\/wp-json\/wp\/v2\/product\/125264\/revisions"}],"wp:featuredmedia":[{"embeddable":true,"href":"https:\/\/stylingagenten.com\/fi\/wp-json\/wp\/v2\/media\/125261"}],"wp:attachment":[{"href":"https:\/\/stylingagenten.com\/fi\/wp-json\/wp\/v2\/media?parent=125264"}],"wp:term":[{"taxonomy":"product_brand","embeddable":true,"href":"https:\/\/stylingagenten.com\/fi\/wp-json\/wp\/v2\/product_brand?post=125264"},{"taxonomy":"product_cat","embeddable":true,"href":"https:\/\/stylingagenten.com\/fi\/wp-json\/wp\/v2\/product_cat?post=125264"},{"taxonomy":"product_tag","embeddable":true,"href":"https:\/\/stylingagenten.com\/fi\/wp-json\/wp\/v2\/product_tag?post=125264"},{"taxonomy":"berocket_brand","embeddable":true,"href":"https:\/\/stylingagenten.com\/fi\/wp-json\/wp\/v2\/berocket_brand?post=125264"}],"curies":[{"name":"wp","href":"https:\/\/api.w.org\/{rel}","templated":true}]}}