{"id":125260,"date":"2025-05-18T22:02:04","date_gmt":"2025-05-18T22:02:04","guid":{"rendered":"https:\/\/staging2.stylingagenten.com\/fi\/produkt\/joico-moisture-recovery-treatment-balm-500ml\/"},"modified":"2026-04-05T09:28:32","modified_gmt":"2026-04-05T09:28:32","slug":"joico-moisture-recovery-treatment-balm-500ml","status":"publish","type":"product","link":"https:\/\/stylingagenten.com\/fi\/tuote\/joico-moisture-recovery-treatment-balm-500ml\/","title":{"rendered":"Joico Moisture Recovery Treatment Balm 500ml"},"content":{"rendered":"<p>Joico Moisture Recovery Treatment Balm on intensiivisesti kosteuttava hiusnaamio kuivalle ja paksulle hiukselle. Se kosteuttaa hiuksia, tehden niist\u00e4 pehme\u00e4mm\u00e4t ja joustavammat. Paksut, karheat ja kiharat hiukset saavat uutta kiiltoa ja elinvoimaa. Hiusnaamio minimoi p\u00f6rr\u00f6isyyden ja m\u00e4\u00e4rittelee kiharat. Lis\u00e4ksi se helpottaa hiusten kampaamista. Moisture Recovery sis\u00e4lt\u00e4\u00e4 runsaasti kosteuttavia ja vitamiinipitoisia ainesosia. Ne yhdistyv\u00e4t SmartRelease-teknologiaan, voimakkaaseen liposomij\u00e4rjestelm\u00e4\u00e4n, joka ravitsee jatkuvasti paksuja, karheita ja kiharia hiuksia.<\/p>\n<p>500ml<\/p>\n","protected":false},"excerpt":{"rendered":"<p>Joico Moisture Recovery Treatment Balm on intensiivisesti kosteuttava hiusnaamio kuivalle ja paksulle hiukselle. Se kosteuttaa hiuksia, tehden niist\u00e4 pehme\u00e4mm\u00e4t ja joustavammat. Paksut, karheat ja kiharat hiukset saavat uutta kiiltoa ja elinvoimaa. Hiusnaamio minimoi p\u00f6rr\u00f6isyyden ja m\u00e4\u00e4rittelee kiharat. Lis\u00e4ksi se helpottaa hiusten kampaamista. Moisture Recovery sis\u00e4lt\u00e4\u00e4 runsaasti kosteuttavia ja vitamiinipitoisia ainesosia. Ne yhdistyv\u00e4t SmartRelease-teknologiaan, voimakkaaseen liposomij\u00e4rjestelm\u00e4\u00e4n, [&hellip;]<\/p>\n","protected":false},"featured_media":125259,"comment_status":"open","ping_status":"closed","template":"","meta":{"_trash_the_other_posts":false},"product_brand":[],"product_cat":[620],"product_tag":[3079],"berocket_brand":[1372],"class_list":{"0":"post-125260","1":"product","2":"type-product","3":"status-publish","4":"has-post-thumbnail","6":"product_cat-hiuskaare","7":"product_tag-joico-moisture-recovery-treatment-balm","8":"pa_brand-joico","9":"pa_variantti-500ml","10":"berocket_brand-joico","12":"first","13":"instock","14":"sale","15":"taxable","16":"shipping-taxable","17":"purchasable","18":"product-type-simple"},"_links":{"self":[{"href":"https:\/\/stylingagenten.com\/fi\/wp-json\/wp\/v2\/product\/125260","targetHints":{"allow":["GET"]}}],"collection":[{"href":"https:\/\/stylingagenten.com\/fi\/wp-json\/wp\/v2\/product"}],"about":[{"href":"https:\/\/stylingagenten.com\/fi\/wp-json\/wp\/v2\/types\/product"}],"replies":[{"embeddable":true,"href":"https:\/\/stylingagenten.com\/fi\/wp-json\/wp\/v2\/comments?post=125260"}],"version-history":[{"count":0,"href":"https:\/\/stylingagenten.com\/fi\/wp-json\/wp\/v2\/product\/125260\/revisions"}],"wp:featuredmedia":[{"embeddable":true,"href":"https:\/\/stylingagenten.com\/fi\/wp-json\/wp\/v2\/media\/125259"}],"wp:attachment":[{"href":"https:\/\/stylingagenten.com\/fi\/wp-json\/wp\/v2\/media?parent=125260"}],"wp:term":[{"taxonomy":"product_brand","embeddable":true,"href":"https:\/\/stylingagenten.com\/fi\/wp-json\/wp\/v2\/product_brand?post=125260"},{"taxonomy":"product_cat","embeddable":true,"href":"https:\/\/stylingagenten.com\/fi\/wp-json\/wp\/v2\/product_cat?post=125260"},{"taxonomy":"product_tag","embeddable":true,"href":"https:\/\/stylingagenten.com\/fi\/wp-json\/wp\/v2\/product_tag?post=125260"},{"taxonomy":"berocket_brand","embeddable":true,"href":"https:\/\/stylingagenten.com\/fi\/wp-json\/wp\/v2\/berocket_brand?post=125260"}],"curies":[{"name":"wp","href":"https:\/\/api.w.org\/{rel}","templated":true}]}}