{"id":125256,"date":"2025-05-18T22:02:02","date_gmt":"2025-05-18T22:02:02","guid":{"rendered":"https:\/\/staging2.stylingagenten.com\/fi\/produkt\/system-professional-purify-mask-200ml\/"},"modified":"2026-03-11T21:59:10","modified_gmt":"2026-03-11T21:59:10","slug":"system-professional-purify-mask-200ml","status":"publish","type":"product","link":"https:\/\/stylingagenten.com\/fi\/tuote\/system-professional-purify-mask-200ml\/","title":{"rendered":"System Professional Purify Mask 200ml"},"content":{"rendered":"<p>System Professional Purify Mask on kosteuttava ja ravitseva hiusnaamio \u00e4rsyyntyneelle hiuspohjalle, hilseelle ja tulehduksille. Naamio hoitaa hiuspohjaa syv\u00e4lt\u00e4 ja ehk\u00e4isee hilsett\u00e4. Hiukset tuntuvat pehmeilt\u00e4, helposti hallittavilta ja terveilt\u00e4.<\/p>\n<p>System Professional Purify -sarja on suunniteltu syv\u00e4puhdistamaan ja v\u00e4hent\u00e4m\u00e4\u00e4n hilsett\u00e4. Sarja on sek\u00e4 hell\u00e4varainen ett\u00e4 tehokas ja palauttaa terveellisen hiuspohjan vaikuttamatta sen herk\u00e4n pH-tasapainon s\u00e4ilymiseen.<\/p>\n<p>200ml<\/p>\n","protected":false},"excerpt":{"rendered":"<p>System Professional Purify Mask on kosteuttava ja ravitseva hiusnaamio \u00e4rsyyntyneelle hiuspohjalle, hilseelle ja tulehduksille. Naamio hoitaa hiuspohjaa syv\u00e4lt\u00e4 ja ehk\u00e4isee hilsett\u00e4. Hiukset tuntuvat pehmeilt\u00e4, helposti hallittavilta ja terveilt\u00e4. System Professional Purify -sarja on suunniteltu syv\u00e4puhdistamaan ja v\u00e4hent\u00e4m\u00e4\u00e4n hilsett\u00e4. Sarja on sek\u00e4 hell\u00e4varainen ett\u00e4 tehokas ja palauttaa terveellisen hiuspohjan vaikuttamatta sen herk\u00e4n pH-tasapainon s\u00e4ilymiseen. 200ml<\/p>\n","protected":false},"featured_media":125230,"comment_status":"open","ping_status":"closed","template":"","meta":{"_trash_the_other_posts":false},"product_brand":[],"product_cat":[620],"product_tag":[],"berocket_brand":[1995],"class_list":{"0":"post-125256","1":"product","2":"type-product","3":"status-publish","4":"has-post-thumbnail","6":"product_cat-hiuskaare","7":"pa_brand-system-professional","8":"berocket_brand-system-professional","10":"first","11":"instock","12":"sale","13":"taxable","14":"shipping-taxable","15":"purchasable","16":"product-type-simple"},"_links":{"self":[{"href":"https:\/\/stylingagenten.com\/fi\/wp-json\/wp\/v2\/product\/125256","targetHints":{"allow":["GET"]}}],"collection":[{"href":"https:\/\/stylingagenten.com\/fi\/wp-json\/wp\/v2\/product"}],"about":[{"href":"https:\/\/stylingagenten.com\/fi\/wp-json\/wp\/v2\/types\/product"}],"replies":[{"embeddable":true,"href":"https:\/\/stylingagenten.com\/fi\/wp-json\/wp\/v2\/comments?post=125256"}],"version-history":[{"count":0,"href":"https:\/\/stylingagenten.com\/fi\/wp-json\/wp\/v2\/product\/125256\/revisions"}],"wp:featuredmedia":[{"embeddable":true,"href":"https:\/\/stylingagenten.com\/fi\/wp-json\/wp\/v2\/media\/125230"}],"wp:attachment":[{"href":"https:\/\/stylingagenten.com\/fi\/wp-json\/wp\/v2\/media?parent=125256"}],"wp:term":[{"taxonomy":"product_brand","embeddable":true,"href":"https:\/\/stylingagenten.com\/fi\/wp-json\/wp\/v2\/product_brand?post=125256"},{"taxonomy":"product_cat","embeddable":true,"href":"https:\/\/stylingagenten.com\/fi\/wp-json\/wp\/v2\/product_cat?post=125256"},{"taxonomy":"product_tag","embeddable":true,"href":"https:\/\/stylingagenten.com\/fi\/wp-json\/wp\/v2\/product_tag?post=125256"},{"taxonomy":"berocket_brand","embeddable":true,"href":"https:\/\/stylingagenten.com\/fi\/wp-json\/wp\/v2\/berocket_brand?post=125256"}],"curies":[{"name":"wp","href":"https:\/\/api.w.org\/{rel}","templated":true}]}}