{"id":125254,"date":"2025-05-18T22:02:02","date_gmt":"2025-05-18T22:02:02","guid":{"rendered":"https:\/\/staging2.stylingagenten.com\/fi\/produkt\/paul-mitchell-tea-tree-hair-scalp-treatment-150ml\/"},"modified":"2026-04-08T15:30:40","modified_gmt":"2026-04-08T15:30:40","slug":"paul-mitchell-tea-tree-hair-scalp-treatment-150ml","status":"publish","type":"product","link":"https:\/\/stylingagenten.com\/fi\/tuote\/paul-mitchell-tea-tree-hair-scalp-treatment-150ml\/","title":{"rendered":"Paul Mitchell Tea Tree Hair &amp; Scalp Treatment 150ml"},"content":{"rendered":"<p>K\u00e4\u00e4de hiuksille ja p\u00e4\u00e4nahalle. Virkist\u00e4v\u00e4 tuoksu.<br \/>\n<br \/>Poistaa ep\u00e4puhtaudet p\u00e4\u00e4nahasta kuorivien rakeiden avulla.<\/p>\n","protected":false},"excerpt":{"rendered":"<p>K\u00e4\u00e4de hiuksille ja p\u00e4\u00e4nahalle. Virkist\u00e4v\u00e4 tuoksu. Poistaa ep\u00e4puhtaudet p\u00e4\u00e4nahasta kuorivien rakeiden avulla.<\/p>\n","protected":false},"featured_media":441519,"comment_status":"open","ping_status":"closed","template":"","meta":{"_trash_the_other_posts":false},"product_brand":[],"product_cat":[620],"product_tag":[3795],"berocket_brand":[1053],"class_list":{"0":"post-125254","1":"product","2":"type-product","3":"status-publish","4":"has-post-thumbnail","6":"product_cat-hiuskaare","7":"product_tag-paul-mitchell-tea-tree-hair-scalp-treatment","8":"pa_brand-paul-mitchell","9":"pa_variantti-150ml","10":"berocket_brand-paul-mitchell","12":"first","13":"instock","14":"sale","15":"taxable","16":"shipping-taxable","17":"purchasable","18":"product-type-simple"},"_links":{"self":[{"href":"https:\/\/stylingagenten.com\/fi\/wp-json\/wp\/v2\/product\/125254","targetHints":{"allow":["GET"]}}],"collection":[{"href":"https:\/\/stylingagenten.com\/fi\/wp-json\/wp\/v2\/product"}],"about":[{"href":"https:\/\/stylingagenten.com\/fi\/wp-json\/wp\/v2\/types\/product"}],"replies":[{"embeddable":true,"href":"https:\/\/stylingagenten.com\/fi\/wp-json\/wp\/v2\/comments?post=125254"}],"version-history":[{"count":0,"href":"https:\/\/stylingagenten.com\/fi\/wp-json\/wp\/v2\/product\/125254\/revisions"}],"wp:featuredmedia":[{"embeddable":true,"href":"https:\/\/stylingagenten.com\/fi\/wp-json\/wp\/v2\/media\/441519"}],"wp:attachment":[{"href":"https:\/\/stylingagenten.com\/fi\/wp-json\/wp\/v2\/media?parent=125254"}],"wp:term":[{"taxonomy":"product_brand","embeddable":true,"href":"https:\/\/stylingagenten.com\/fi\/wp-json\/wp\/v2\/product_brand?post=125254"},{"taxonomy":"product_cat","embeddable":true,"href":"https:\/\/stylingagenten.com\/fi\/wp-json\/wp\/v2\/product_cat?post=125254"},{"taxonomy":"product_tag","embeddable":true,"href":"https:\/\/stylingagenten.com\/fi\/wp-json\/wp\/v2\/product_tag?post=125254"},{"taxonomy":"berocket_brand","embeddable":true,"href":"https:\/\/stylingagenten.com\/fi\/wp-json\/wp\/v2\/berocket_brand?post=125254"}],"curies":[{"name":"wp","href":"https:\/\/api.w.org\/{rel}","templated":true}]}}