{"id":125223,"date":"2025-05-18T22:01:58","date_gmt":"2025-05-18T22:01:58","guid":{"rendered":"https:\/\/staging2.stylingagenten.com\/fi\/produkt\/system-professional-hydrate-mask-200ml\/"},"modified":"2026-03-11T21:59:11","modified_gmt":"2026-03-11T21:59:11","slug":"system-professional-hydrate-mask-200ml","status":"publish","type":"product","link":"https:\/\/stylingagenten.com\/fi\/tuote\/system-professional-hydrate-mask-200ml\/","title":{"rendered":"System Professional Hydrate Mask 200ml"},"content":{"rendered":"<p>System Professional Hydrate Mask on kosteuttava hoito kuivalle hiukselle. Kosteuttava ja hoitava naamio, joka tekee karkeista ja kuivista hiuksista sile\u00e4mm\u00e4t, silkkisemm\u00e4t ja helpommin k\u00e4sitelt\u00e4v\u00e4t.<\/p>\n<p>Hydrate-sarja on suunniteltu palauttamaan kosteustasapaino kuivassa hiuksessa syv\u00e4llisesti. Sarja sis\u00e4lt\u00e4\u00e4 kevyit\u00e4 kaavoja, jotka rikastuttavat hiuksia ja suojaavat niit\u00e4 kuivumiselta. Sarja sis\u00e4lt\u00e4\u00e4 kosteuttavia ja ravitsevia ainesosia, kuten glyseriini\u00e4, DL-panthenolia, glukoosia ja fruktoosia. Se kosteuttaa hiuksia sis\u00e4lt\u00e4p\u00e4in ja suojaa ulkoisia kuivatustekij\u00f6it\u00e4 vastaan.<\/p>\n<p>200ml<\/p>\n","protected":false},"excerpt":{"rendered":"<p>System Professional Hydrate Mask on kosteuttava hoito kuivalle hiukselle. Kosteuttava ja hoitava naamio, joka tekee karkeista ja kuivista hiuksista sile\u00e4mm\u00e4t, silkkisemm\u00e4t ja helpommin k\u00e4sitelt\u00e4v\u00e4t. Hydrate-sarja on suunniteltu palauttamaan kosteustasapaino kuivassa hiuksessa syv\u00e4llisesti. Sarja sis\u00e4lt\u00e4\u00e4 kevyit\u00e4 kaavoja, jotka rikastuttavat hiuksia ja suojaavat niit\u00e4 kuivumiselta. Sarja sis\u00e4lt\u00e4\u00e4 kosteuttavia ja ravitsevia ainesosia, kuten glyseriini\u00e4, DL-panthenolia, glukoosia ja fruktoosia. [&hellip;]<\/p>\n","protected":false},"featured_media":125204,"comment_status":"open","ping_status":"closed","template":"","meta":{"_trash_the_other_posts":false},"product_brand":[],"product_cat":[620],"product_tag":[],"berocket_brand":[1995],"class_list":{"0":"post-125223","1":"product","2":"type-product","3":"status-publish","4":"has-post-thumbnail","6":"product_cat-hiuskaare","7":"pa_brand-system-professional","8":"berocket_brand-system-professional","10":"first","11":"instock","12":"sale","13":"taxable","14":"shipping-taxable","15":"purchasable","16":"product-type-simple"},"_links":{"self":[{"href":"https:\/\/stylingagenten.com\/fi\/wp-json\/wp\/v2\/product\/125223","targetHints":{"allow":["GET"]}}],"collection":[{"href":"https:\/\/stylingagenten.com\/fi\/wp-json\/wp\/v2\/product"}],"about":[{"href":"https:\/\/stylingagenten.com\/fi\/wp-json\/wp\/v2\/types\/product"}],"replies":[{"embeddable":true,"href":"https:\/\/stylingagenten.com\/fi\/wp-json\/wp\/v2\/comments?post=125223"}],"version-history":[{"count":0,"href":"https:\/\/stylingagenten.com\/fi\/wp-json\/wp\/v2\/product\/125223\/revisions"}],"wp:featuredmedia":[{"embeddable":true,"href":"https:\/\/stylingagenten.com\/fi\/wp-json\/wp\/v2\/media\/125204"}],"wp:attachment":[{"href":"https:\/\/stylingagenten.com\/fi\/wp-json\/wp\/v2\/media?parent=125223"}],"wp:term":[{"taxonomy":"product_brand","embeddable":true,"href":"https:\/\/stylingagenten.com\/fi\/wp-json\/wp\/v2\/product_brand?post=125223"},{"taxonomy":"product_cat","embeddable":true,"href":"https:\/\/stylingagenten.com\/fi\/wp-json\/wp\/v2\/product_cat?post=125223"},{"taxonomy":"product_tag","embeddable":true,"href":"https:\/\/stylingagenten.com\/fi\/wp-json\/wp\/v2\/product_tag?post=125223"},{"taxonomy":"berocket_brand","embeddable":true,"href":"https:\/\/stylingagenten.com\/fi\/wp-json\/wp\/v2\/berocket_brand?post=125223"}],"curies":[{"name":"wp","href":"https:\/\/api.w.org\/{rel}","templated":true}]}}