{"id":125216,"date":"2025-05-18T22:01:57","date_gmt":"2025-05-18T22:01:57","guid":{"rendered":"https:\/\/staging2.stylingagenten.com\/fi\/produkt\/system-professional-volumize-mask-200ml\/"},"modified":"2026-04-15T06:23:27","modified_gmt":"2026-04-15T06:23:27","slug":"system-professional-volumize-mask-200ml","status":"publish","type":"product","link":"https:\/\/stylingagenten.com\/fi\/tuote\/system-professional-volumize-mask-200ml\/","title":{"rendered":"System Professional Volumize Mask 200ml"},"content":{"rendered":"<p>System Professional Volumize Mask on intensiivinen hoito, joka vahvistaa hiuksia ja antaa kest\u00e4v\u00e4mp\u00e4\u00e4 volyymia. Se on t\u00e4ydellinen ohuille, liev\u00e4sti vaurioituneille tai kemiallisesti k\u00e4sitellyille hiuksille, sill\u00e4 se vahvistaa hiusrakennetta, suojaa katkeamiselta ja lis\u00e4\u00e4 t\u00e4ytel\u00e4isyytt\u00e4 ilman, ett\u00e4 hiukset menev\u00e4t raskaksi.<\/p>\n<p>System Professional Volumize -sarja on suunniteltu vahvistamaan ja kohottamaan ohuita ja hauraita hiuksia. Formastrength Complex -yhdistelm\u00e4n avulla sarja palauttaa t\u00e4ytel\u00e4isyytt\u00e4, hallittavuutta ja vahvuutta jopa ohuimpiin hiuksiin. Ylelliset ja kevyet koostumukset tekev\u00e4t lempikampauksistasi kest\u00e4v\u00e4mpi\u00e4.<\/p>\n<p>200ml<\/p>\n","protected":false},"excerpt":{"rendered":"<p>System Professional Volumize Mask on intensiivinen hoito, joka vahvistaa hiuksia ja antaa kest\u00e4v\u00e4mp\u00e4\u00e4 volyymia. Se on t\u00e4ydellinen ohuille, liev\u00e4sti vaurioituneille tai kemiallisesti k\u00e4sitellyille hiuksille, sill\u00e4 se vahvistaa hiusrakennetta, suojaa katkeamiselta ja lis\u00e4\u00e4 t\u00e4ytel\u00e4isyytt\u00e4 ilman, ett\u00e4 hiukset menev\u00e4t raskaksi. System Professional Volumize -sarja on suunniteltu vahvistamaan ja kohottamaan ohuita ja hauraita hiuksia. Formastrength Complex -yhdistelm\u00e4n avulla [&hellip;]<\/p>\n","protected":false},"featured_media":125200,"comment_status":"open","ping_status":"closed","template":"","meta":{"_trash_the_other_posts":false},"product_brand":[],"product_cat":[620],"product_tag":[],"berocket_brand":[1995],"class_list":{"0":"post-125216","1":"product","2":"type-product","3":"status-publish","4":"has-post-thumbnail","6":"product_cat-hiuskaare","7":"pa_brand-system-professional","8":"berocket_brand-system-professional","10":"first","11":"instock","12":"sale","13":"taxable","14":"shipping-taxable","15":"purchasable","16":"product-type-simple"},"_links":{"self":[{"href":"https:\/\/stylingagenten.com\/fi\/wp-json\/wp\/v2\/product\/125216","targetHints":{"allow":["GET"]}}],"collection":[{"href":"https:\/\/stylingagenten.com\/fi\/wp-json\/wp\/v2\/product"}],"about":[{"href":"https:\/\/stylingagenten.com\/fi\/wp-json\/wp\/v2\/types\/product"}],"replies":[{"embeddable":true,"href":"https:\/\/stylingagenten.com\/fi\/wp-json\/wp\/v2\/comments?post=125216"}],"version-history":[{"count":0,"href":"https:\/\/stylingagenten.com\/fi\/wp-json\/wp\/v2\/product\/125216\/revisions"}],"wp:featuredmedia":[{"embeddable":true,"href":"https:\/\/stylingagenten.com\/fi\/wp-json\/wp\/v2\/media\/125200"}],"wp:attachment":[{"href":"https:\/\/stylingagenten.com\/fi\/wp-json\/wp\/v2\/media?parent=125216"}],"wp:term":[{"taxonomy":"product_brand","embeddable":true,"href":"https:\/\/stylingagenten.com\/fi\/wp-json\/wp\/v2\/product_brand?post=125216"},{"taxonomy":"product_cat","embeddable":true,"href":"https:\/\/stylingagenten.com\/fi\/wp-json\/wp\/v2\/product_cat?post=125216"},{"taxonomy":"product_tag","embeddable":true,"href":"https:\/\/stylingagenten.com\/fi\/wp-json\/wp\/v2\/product_tag?post=125216"},{"taxonomy":"berocket_brand","embeddable":true,"href":"https:\/\/stylingagenten.com\/fi\/wp-json\/wp\/v2\/berocket_brand?post=125216"}],"curies":[{"name":"wp","href":"https:\/\/api.w.org\/{rel}","templated":true}]}}