{"id":125197,"date":"2025-05-18T22:01:53","date_gmt":"2025-05-18T22:01:53","guid":{"rendered":"https:\/\/staging2.stylingagenten.com\/fi\/produkt\/loreal-professionnel-serie-expert-pro-longer-mask-250ml\/"},"modified":"2026-04-14T10:38:40","modified_gmt":"2026-04-14T10:38:40","slug":"loreal-professionnel-serie-expert-pro-longer-mask-250ml","status":"publish","type":"product","link":"https:\/\/stylingagenten.com\/fi\/tuote\/loreal-professionnel-serie-expert-pro-longer-mask-250ml\/","title":{"rendered":"L&#8217;Oreal Professionnel Serie Expert Pro Longer Mask 250ml"},"content":{"rendered":"<p>L&#8217;Or\u00e9al Professionnel Serie Expert Pro Longer Mask on pituutta uudistava hiusnaamio pitkille hiuksille. Ammattilaiskoostumus on rikastettu Filler-A100<br \/>\n<br \/>ja aminohapoilla.<br \/>\n<br \/>K\u00e4ytt\u00f6ohje: Levit\u00e4 pyyhekuiviin hiuksiin Pro Longer -shampoon k\u00e4yt\u00f6n j\u00e4lkeen. Anna vaikuttaa 3-5 minuuttia. Huuhtele huolellisesti. Huuhtele heti runsaalla vedell\u00e4, jos tuotetta p\u00e4\u00e4see silmiin.<br \/>\n<br \/>Instrumentaalinen testi shampoo + naamio.<\/p>\n<p>250ml<\/p>\n","protected":false},"excerpt":{"rendered":"<p>L&#8217;Or\u00e9al Professionnel Serie Expert Pro Longer Mask on pituutta uudistava hiusnaamio pitkille hiuksille. Ammattilaiskoostumus on rikastettu Filler-A100 ja aminohapoilla. K\u00e4ytt\u00f6ohje: Levit\u00e4 pyyhekuiviin hiuksiin Pro Longer -shampoon k\u00e4yt\u00f6n j\u00e4lkeen. Anna vaikuttaa 3-5 minuuttia. Huuhtele huolellisesti. Huuhtele heti runsaalla vedell\u00e4, jos tuotetta p\u00e4\u00e4see silmiin. Instrumentaalinen testi shampoo + naamio. 250ml<\/p>\n","protected":false},"featured_media":125173,"comment_status":"open","ping_status":"closed","template":"","meta":{"_trash_the_other_posts":false},"product_brand":[],"product_cat":[620],"product_tag":[],"berocket_brand":[2000],"class_list":{"0":"post-125197","1":"product","2":"type-product","3":"status-publish","4":"has-post-thumbnail","6":"product_cat-hiuskaare","7":"pa_brand-loreal-paris","8":"berocket_brand-loreal-paris","10":"first","11":"instock","12":"sale","13":"taxable","14":"shipping-taxable","15":"purchasable","16":"product-type-simple"},"_links":{"self":[{"href":"https:\/\/stylingagenten.com\/fi\/wp-json\/wp\/v2\/product\/125197","targetHints":{"allow":["GET"]}}],"collection":[{"href":"https:\/\/stylingagenten.com\/fi\/wp-json\/wp\/v2\/product"}],"about":[{"href":"https:\/\/stylingagenten.com\/fi\/wp-json\/wp\/v2\/types\/product"}],"replies":[{"embeddable":true,"href":"https:\/\/stylingagenten.com\/fi\/wp-json\/wp\/v2\/comments?post=125197"}],"version-history":[{"count":1,"href":"https:\/\/stylingagenten.com\/fi\/wp-json\/wp\/v2\/product\/125197\/revisions"}],"predecessor-version":[{"id":443161,"href":"https:\/\/stylingagenten.com\/fi\/wp-json\/wp\/v2\/product\/125197\/revisions\/443161"}],"wp:featuredmedia":[{"embeddable":true,"href":"https:\/\/stylingagenten.com\/fi\/wp-json\/wp\/v2\/media\/125173"}],"wp:attachment":[{"href":"https:\/\/stylingagenten.com\/fi\/wp-json\/wp\/v2\/media?parent=125197"}],"wp:term":[{"taxonomy":"product_brand","embeddable":true,"href":"https:\/\/stylingagenten.com\/fi\/wp-json\/wp\/v2\/product_brand?post=125197"},{"taxonomy":"product_cat","embeddable":true,"href":"https:\/\/stylingagenten.com\/fi\/wp-json\/wp\/v2\/product_cat?post=125197"},{"taxonomy":"product_tag","embeddable":true,"href":"https:\/\/stylingagenten.com\/fi\/wp-json\/wp\/v2\/product_tag?post=125197"},{"taxonomy":"berocket_brand","embeddable":true,"href":"https:\/\/stylingagenten.com\/fi\/wp-json\/wp\/v2\/berocket_brand?post=125197"}],"curies":[{"name":"wp","href":"https:\/\/api.w.org\/{rel}","templated":true}]}}