{"id":125192,"date":"2025-05-18T22:01:52","date_gmt":"2025-05-18T22:01:52","guid":{"rendered":"https:\/\/staging2.stylingagenten.com\/fi\/produkt\/wella-professionals-invigo-volume-boost-crystal-mask-145ml\/"},"modified":"2026-03-11T21:49:38","modified_gmt":"2026-03-11T21:49:38","slug":"wella-professionals-invigo-volume-boost-crystal-mask-145ml","status":"publish","type":"product","link":"https:\/\/stylingagenten.com\/fi\/tuote\/wella-professionals-invigo-volume-boost-crystal-mask-145ml\/","title":{"rendered":"Wella Professionals Invigo Volume Boost Crystal Mask 145ml"},"content":{"rendered":"<p>Wella Professionals Invigo Volume Boost Crystal Mask on l\u00e4pikuultava naamiohoito, joka tuo t\u00e4ytel\u00e4isyytt\u00e4, volyymia ja hallittavuutta. T\u00e4m\u00e4 l\u00e4pikuultava huuhdeltava hoitoaine antaa hiuksille pehmeytt\u00e4 ja sileytt\u00e4 ilman, ett\u00e4 se latistaa niit\u00e4 kuten tavallinen hiusnaamio. Crystal Mask on rikastettu Volume Boost-Blend\u2122 -yhdistelm\u00e4ll\u00e4 ja sis\u00e4lt\u00e4\u00e4 volyymia antavia polymeerej\u00e4 sek\u00e4 kevyit\u00e4 ainesosia, jotka tekev\u00e4t hiuksista silkkisen pehme\u00e4t, sile\u00e4t ja helposti hallittavat. T\u00e4ydellinen rutiini hennon hiuksen volyymin lis\u00e4\u00e4miseen.<\/p>\n<p>145ml<\/p>\n","protected":false},"excerpt":{"rendered":"<p>Wella Professionals Invigo Volume Boost Crystal Mask on l\u00e4pikuultava naamiohoito, joka tuo t\u00e4ytel\u00e4isyytt\u00e4, volyymia ja hallittavuutta. T\u00e4m\u00e4 l\u00e4pikuultava huuhdeltava hoitoaine antaa hiuksille pehmeytt\u00e4 ja sileytt\u00e4 ilman, ett\u00e4 se latistaa niit\u00e4 kuten tavallinen hiusnaamio. Crystal Mask on rikastettu Volume Boost-Blend\u2122 -yhdistelm\u00e4ll\u00e4 ja sis\u00e4lt\u00e4\u00e4 volyymia antavia polymeerej\u00e4 sek\u00e4 kevyit\u00e4 ainesosia, jotka tekev\u00e4t hiuksista silkkisen pehme\u00e4t, sile\u00e4t ja [&hellip;]<\/p>\n","protected":false},"featured_media":125169,"comment_status":"open","ping_status":"closed","template":"","meta":{"_trash_the_other_posts":false},"product_brand":[],"product_cat":[620],"product_tag":[],"berocket_brand":[1030],"class_list":{"0":"post-125192","1":"product","2":"type-product","3":"status-publish","4":"has-post-thumbnail","6":"product_cat-hiuskaare","7":"pa_brand-wella","8":"berocket_brand-wella","10":"first","11":"instock","12":"sale","13":"taxable","14":"shipping-taxable","15":"purchasable","16":"product-type-simple"},"_links":{"self":[{"href":"https:\/\/stylingagenten.com\/fi\/wp-json\/wp\/v2\/product\/125192","targetHints":{"allow":["GET"]}}],"collection":[{"href":"https:\/\/stylingagenten.com\/fi\/wp-json\/wp\/v2\/product"}],"about":[{"href":"https:\/\/stylingagenten.com\/fi\/wp-json\/wp\/v2\/types\/product"}],"replies":[{"embeddable":true,"href":"https:\/\/stylingagenten.com\/fi\/wp-json\/wp\/v2\/comments?post=125192"}],"version-history":[{"count":0,"href":"https:\/\/stylingagenten.com\/fi\/wp-json\/wp\/v2\/product\/125192\/revisions"}],"wp:featuredmedia":[{"embeddable":true,"href":"https:\/\/stylingagenten.com\/fi\/wp-json\/wp\/v2\/media\/125169"}],"wp:attachment":[{"href":"https:\/\/stylingagenten.com\/fi\/wp-json\/wp\/v2\/media?parent=125192"}],"wp:term":[{"taxonomy":"product_brand","embeddable":true,"href":"https:\/\/stylingagenten.com\/fi\/wp-json\/wp\/v2\/product_brand?post=125192"},{"taxonomy":"product_cat","embeddable":true,"href":"https:\/\/stylingagenten.com\/fi\/wp-json\/wp\/v2\/product_cat?post=125192"},{"taxonomy":"product_tag","embeddable":true,"href":"https:\/\/stylingagenten.com\/fi\/wp-json\/wp\/v2\/product_tag?post=125192"},{"taxonomy":"berocket_brand","embeddable":true,"href":"https:\/\/stylingagenten.com\/fi\/wp-json\/wp\/v2\/berocket_brand?post=125192"}],"curies":[{"name":"wp","href":"https:\/\/api.w.org\/{rel}","templated":true}]}}