{"id":125190,"date":"2025-05-18T22:01:52","date_gmt":"2025-05-18T22:01:52","guid":{"rendered":"https:\/\/staging2.stylingagenten.com\/fi\/produkt\/system-professional-luxeoil-keratin-protect-intense-mask-200ml\/"},"modified":"2026-03-24T17:57:32","modified_gmt":"2026-03-24T17:57:32","slug":"system-professional-luxeoil-keratin-protect-intense-mask-200ml","status":"publish","type":"product","link":"https:\/\/stylingagenten.com\/fi\/tuote\/system-professional-luxeoil-keratin-protect-intense-mask-200ml\/","title":{"rendered":"System Professional LuxeOil Keratin Protect Intense Mask 200ml"},"content":{"rendered":"<p>System Professional LuxeOil Keratin Protect Intense Mask on ravitseva hiusnaamio kaikille hiustyypeille. T\u00e4m\u00e4 uusi, t\u00e4ytel\u00e4isempi koostumus sis\u00e4lt\u00e4\u00e4 sheavoita, joka tekee hiuksista sile\u00e4mm\u00e4t ja helpommin hallittavat. Syv\u00e4hoitava naamio vahvistaa hiuksia sis\u00e4lt\u00e4p\u00e4in, parantaen niiden rakennetta ja joustavuutta. T\u00e4m\u00e4 hiusnaamio sopii kaikille hiustyypeille ja on erityisen hy\u00f6dyllinen niille, jotka haluavat korjata ja elvytt\u00e4\u00e4 vaurioituneita tai kuivia hiuksia. Se tarjoaa ylellisen hoidon, joka j\u00e4tt\u00e4\u00e4 hiukset pehmeiksi, sileiksi ja uudistuneiksi.<\/p>\n<p>System Professionalin ikoninen LuxeOil-tuoksu on rikas, mausteinen ja it\u00e4mainen yhdistelm\u00e4, joka luo l\u00e4mpim\u00e4n ja aistillisen el\u00e4myksen ja eroaa tietoisesti muista System Professional -tuoksuista. Osmanthuksen ja vaniljan s\u00e4vyt yhdistettyn\u00e4 puumaiseen myskiin sek\u00e4 tuoreeseen kieloon ja mausteisiin muodostavat t\u00e4m\u00e4n ikonisen ja viettelev\u00e4n tuoksun.<\/p>\n<p>200ml<\/p>\n","protected":false},"excerpt":{"rendered":"<p>System Professional LuxeOil Keratin Protect Intense Mask on ravitseva hiusnaamio kaikille hiustyypeille. T\u00e4m\u00e4 uusi, t\u00e4ytel\u00e4isempi koostumus sis\u00e4lt\u00e4\u00e4 sheavoita, joka tekee hiuksista sile\u00e4mm\u00e4t ja helpommin hallittavat. Syv\u00e4hoitava naamio vahvistaa hiuksia sis\u00e4lt\u00e4p\u00e4in, parantaen niiden rakennetta ja joustavuutta. T\u00e4m\u00e4 hiusnaamio sopii kaikille hiustyypeille ja on erityisen hy\u00f6dyllinen niille, jotka haluavat korjata ja elvytt\u00e4\u00e4 vaurioituneita tai kuivia hiuksia. Se [&hellip;]<\/p>\n","protected":false},"featured_media":125162,"comment_status":"open","ping_status":"closed","template":"","meta":{"_trash_the_other_posts":false},"product_brand":[],"product_cat":[620],"product_tag":[],"berocket_brand":[1995],"class_list":{"0":"post-125190","1":"product","2":"type-product","3":"status-publish","4":"has-post-thumbnail","6":"product_cat-hiuskaare","7":"pa_brand-system-professional","8":"berocket_brand-system-professional","10":"first","11":"instock","12":"sale","13":"taxable","14":"shipping-taxable","15":"purchasable","16":"product-type-simple"},"_links":{"self":[{"href":"https:\/\/stylingagenten.com\/fi\/wp-json\/wp\/v2\/product\/125190","targetHints":{"allow":["GET"]}}],"collection":[{"href":"https:\/\/stylingagenten.com\/fi\/wp-json\/wp\/v2\/product"}],"about":[{"href":"https:\/\/stylingagenten.com\/fi\/wp-json\/wp\/v2\/types\/product"}],"replies":[{"embeddable":true,"href":"https:\/\/stylingagenten.com\/fi\/wp-json\/wp\/v2\/comments?post=125190"}],"version-history":[{"count":0,"href":"https:\/\/stylingagenten.com\/fi\/wp-json\/wp\/v2\/product\/125190\/revisions"}],"wp:featuredmedia":[{"embeddable":true,"href":"https:\/\/stylingagenten.com\/fi\/wp-json\/wp\/v2\/media\/125162"}],"wp:attachment":[{"href":"https:\/\/stylingagenten.com\/fi\/wp-json\/wp\/v2\/media?parent=125190"}],"wp:term":[{"taxonomy":"product_brand","embeddable":true,"href":"https:\/\/stylingagenten.com\/fi\/wp-json\/wp\/v2\/product_brand?post=125190"},{"taxonomy":"product_cat","embeddable":true,"href":"https:\/\/stylingagenten.com\/fi\/wp-json\/wp\/v2\/product_cat?post=125190"},{"taxonomy":"product_tag","embeddable":true,"href":"https:\/\/stylingagenten.com\/fi\/wp-json\/wp\/v2\/product_tag?post=125190"},{"taxonomy":"berocket_brand","embeddable":true,"href":"https:\/\/stylingagenten.com\/fi\/wp-json\/wp\/v2\/berocket_brand?post=125190"}],"curies":[{"name":"wp","href":"https:\/\/api.w.org\/{rel}","templated":true}]}}