{"id":125158,"date":"2025-05-18T22:01:47","date_gmt":"2025-05-18T22:01:47","guid":{"rendered":"https:\/\/staging2.stylingagenten.com\/fi\/produkt\/system-professional-luxeoil-keratin-protect-mask-200ml\/"},"modified":"2026-03-20T16:05:28","modified_gmt":"2026-03-20T16:05:28","slug":"system-professional-luxeoil-keratin-protect-mask-200ml","status":"publish","type":"product","link":"https:\/\/stylingagenten.com\/fi\/tuote\/system-professional-luxeoil-keratin-protect-mask-200ml\/","title":{"rendered":"System Professional LuxeOil Keratin Protect Mask 200ml"},"content":{"rendered":"<p>System Professional LuxeOil Keratin Protect Mask on vahvistava ja ravitseva hiusnaamio kaikille hiustyypeille. T\u00e4m\u00e4 silottava hoito on rikastettu argan-, manteli- ja jojoba\u00f6ljyill\u00e4, jotka kosteuttavat ja hoitavat hiuksia, korjaavat hauraita ja haaroittuneita latvoja sek\u00e4 parantavat hiusten rakennetta. T\u00e4m\u00e4 intensiivinen hoito uudistaa ja suojaa hiuskuituja, suojaa hiusten keratiinia muotoilun aiheuttamalta rasitukselta ja tekee hiuksista sile\u00e4t ja helposti selvitett\u00e4v\u00e4t. LuxeOililla on ainutlaatuinen tuoksu, jossa yhdistyv\u00e4t l\u00e4mmin, it\u00e4mainen osmanthuksen, vaniljan, kielon ja mausteiden tuoksuyhdistelm\u00e4, joka luo viettelev\u00e4n el\u00e4myksen.<\/p>\n<p>200ml<\/p>\n","protected":false},"excerpt":{"rendered":"<p>System Professional LuxeOil Keratin Protect Mask on vahvistava ja ravitseva hiusnaamio kaikille hiustyypeille. T\u00e4m\u00e4 silottava hoito on rikastettu argan-, manteli- ja jojoba\u00f6ljyill\u00e4, jotka kosteuttavat ja hoitavat hiuksia, korjaavat hauraita ja haaroittuneita latvoja sek\u00e4 parantavat hiusten rakennetta. T\u00e4m\u00e4 intensiivinen hoito uudistaa ja suojaa hiuskuituja, suojaa hiusten keratiinia muotoilun aiheuttamalta rasitukselta ja tekee hiuksista sile\u00e4t ja helposti [&hellip;]<\/p>\n","protected":false},"featured_media":125140,"comment_status":"open","ping_status":"closed","template":"","meta":{"_trash_the_other_posts":false},"product_brand":[],"product_cat":[620],"product_tag":[],"berocket_brand":[1995],"class_list":{"0":"post-125158","1":"product","2":"type-product","3":"status-publish","4":"has-post-thumbnail","6":"product_cat-hiuskaare","7":"pa_brand-system-professional","8":"berocket_brand-system-professional","10":"first","11":"outofstock","12":"sale","13":"taxable","14":"shipping-taxable","15":"purchasable","16":"product-type-simple"},"_links":{"self":[{"href":"https:\/\/stylingagenten.com\/fi\/wp-json\/wp\/v2\/product\/125158","targetHints":{"allow":["GET"]}}],"collection":[{"href":"https:\/\/stylingagenten.com\/fi\/wp-json\/wp\/v2\/product"}],"about":[{"href":"https:\/\/stylingagenten.com\/fi\/wp-json\/wp\/v2\/types\/product"}],"replies":[{"embeddable":true,"href":"https:\/\/stylingagenten.com\/fi\/wp-json\/wp\/v2\/comments?post=125158"}],"version-history":[{"count":0,"href":"https:\/\/stylingagenten.com\/fi\/wp-json\/wp\/v2\/product\/125158\/revisions"}],"wp:featuredmedia":[{"embeddable":true,"href":"https:\/\/stylingagenten.com\/fi\/wp-json\/wp\/v2\/media\/125140"}],"wp:attachment":[{"href":"https:\/\/stylingagenten.com\/fi\/wp-json\/wp\/v2\/media?parent=125158"}],"wp:term":[{"taxonomy":"product_brand","embeddable":true,"href":"https:\/\/stylingagenten.com\/fi\/wp-json\/wp\/v2\/product_brand?post=125158"},{"taxonomy":"product_cat","embeddable":true,"href":"https:\/\/stylingagenten.com\/fi\/wp-json\/wp\/v2\/product_cat?post=125158"},{"taxonomy":"product_tag","embeddable":true,"href":"https:\/\/stylingagenten.com\/fi\/wp-json\/wp\/v2\/product_tag?post=125158"},{"taxonomy":"berocket_brand","embeddable":true,"href":"https:\/\/stylingagenten.com\/fi\/wp-json\/wp\/v2\/berocket_brand?post=125158"}],"curies":[{"name":"wp","href":"https:\/\/api.w.org\/{rel}","templated":true}]}}