{"id":125154,"date":"2025-05-18T22:01:46","date_gmt":"2025-05-18T22:01:46","guid":{"rendered":"https:\/\/staging2.stylingagenten.com\/fi\/produkt\/wella-professionals-invigo-scalp-balance-sensitive-scalp-mask-150ml\/"},"modified":"2026-04-11T14:07:30","modified_gmt":"2026-04-11T14:07:30","slug":"wella-professionals-invigo-scalp-balance-sensitive-scalp-mask-150ml","status":"publish","type":"product","link":"https:\/\/stylingagenten.com\/fi\/tuote\/wella-professionals-invigo-scalp-balance-sensitive-scalp-mask-150ml\/","title":{"rendered":"Wella Professionals Invigo Scalp Balance Sensitive Scalp Mask 150ml"},"content":{"rendered":"<p>Wella Professionals Invigo Scalp Balance Sensitive Scalp Mask on hajusteeton hiusnaamiota, joka on suunniteltu herk\u00e4lle hiukselle ja hiuspohjalle. T\u00e4m\u00e4 ammattimainen hiushoitoaine allantoiinilla lievitt\u00e4\u00e4 kutinaa ja vahvistaa hiuksia. Invigo Scalp Balance -sarja on kehitetty hoitamaan yksil\u00f6llisi\u00e4 hiuspohjan ja hiusten tarpeita, ja se sis\u00e4lt\u00e4\u00e4 hoitavia ja virkist\u00e4vi\u00e4 ainesosia. Rutiinisi terveelt\u00e4 tuntuvan hiuksen saamiseksi ep\u00e4tasapainoiselle hiuspohjalle.<\/p>\n<p>150ml<\/p>\n","protected":false},"excerpt":{"rendered":"<p>Wella Professionals Invigo Scalp Balance Sensitive Scalp Mask on hajusteeton hiusnaamiota, joka on suunniteltu herk\u00e4lle hiukselle ja hiuspohjalle. T\u00e4m\u00e4 ammattimainen hiushoitoaine allantoiinilla lievitt\u00e4\u00e4 kutinaa ja vahvistaa hiuksia. Invigo Scalp Balance -sarja on kehitetty hoitamaan yksil\u00f6llisi\u00e4 hiuspohjan ja hiusten tarpeita, ja se sis\u00e4lt\u00e4\u00e4 hoitavia ja virkist\u00e4vi\u00e4 ainesosia. Rutiinisi terveelt\u00e4 tuntuvan hiuksen saamiseksi ep\u00e4tasapainoiselle hiuspohjalle. 150ml<\/p>\n","protected":false},"featured_media":125130,"comment_status":"open","ping_status":"closed","template":"","meta":{"_trash_the_other_posts":false},"product_brand":[],"product_cat":[620],"product_tag":[],"berocket_brand":[1030],"class_list":{"0":"post-125154","1":"product","2":"type-product","3":"status-publish","4":"has-post-thumbnail","6":"product_cat-hiuskaare","7":"pa_brand-wella","8":"berocket_brand-wella","10":"first","11":"instock","12":"sale","13":"taxable","14":"shipping-taxable","15":"purchasable","16":"product-type-simple"},"_links":{"self":[{"href":"https:\/\/stylingagenten.com\/fi\/wp-json\/wp\/v2\/product\/125154","targetHints":{"allow":["GET"]}}],"collection":[{"href":"https:\/\/stylingagenten.com\/fi\/wp-json\/wp\/v2\/product"}],"about":[{"href":"https:\/\/stylingagenten.com\/fi\/wp-json\/wp\/v2\/types\/product"}],"replies":[{"embeddable":true,"href":"https:\/\/stylingagenten.com\/fi\/wp-json\/wp\/v2\/comments?post=125154"}],"version-history":[{"count":0,"href":"https:\/\/stylingagenten.com\/fi\/wp-json\/wp\/v2\/product\/125154\/revisions"}],"wp:featuredmedia":[{"embeddable":true,"href":"https:\/\/stylingagenten.com\/fi\/wp-json\/wp\/v2\/media\/125130"}],"wp:attachment":[{"href":"https:\/\/stylingagenten.com\/fi\/wp-json\/wp\/v2\/media?parent=125154"}],"wp:term":[{"taxonomy":"product_brand","embeddable":true,"href":"https:\/\/stylingagenten.com\/fi\/wp-json\/wp\/v2\/product_brand?post=125154"},{"taxonomy":"product_cat","embeddable":true,"href":"https:\/\/stylingagenten.com\/fi\/wp-json\/wp\/v2\/product_cat?post=125154"},{"taxonomy":"product_tag","embeddable":true,"href":"https:\/\/stylingagenten.com\/fi\/wp-json\/wp\/v2\/product_tag?post=125154"},{"taxonomy":"berocket_brand","embeddable":true,"href":"https:\/\/stylingagenten.com\/fi\/wp-json\/wp\/v2\/berocket_brand?post=125154"}],"curies":[{"name":"wp","href":"https:\/\/api.w.org\/{rel}","templated":true}]}}