{"id":125112,"date":"2025-05-18T22:01:40","date_gmt":"2025-05-18T22:01:40","guid":{"rendered":"https:\/\/staging2.stylingagenten.com\/fi\/produkt\/wella-professionals-ultimate-repair-mask-150ml\/"},"modified":"2026-03-31T12:58:32","modified_gmt":"2026-03-31T12:58:32","slug":"wella-professionals-ultimate-repair-mask-150ml","status":"publish","type":"product","link":"https:\/\/stylingagenten.com\/fi\/tuote\/wella-professionals-ultimate-repair-mask-150ml\/","title":{"rendered":"Wella Professionals Ultimate Repair Mask 150ml"},"content":{"rendered":"<p>Wella Professionals Ultimate Repair Mask on intensiivisesti rauhoittava ja korjaava hiusnaamio, joka sis\u00e4lt\u00e4\u00e4 alfahydroksihappoa (AHA) ja omega-9:\u00e4\u00e4 ja joka n\u00e4kyv\u00e4sti korjaa ja vahvistaa vaurioitunutta hiusta. T\u00e4m\u00e4 kevyt naamio korjaa ja kohdistaa vauriot, jotka ovat aiheutuneet l\u00e4mp\u00f6ty\u00f6kaluista, UV-s\u00e4teilyist\u00e4, vaalennuksesta, hiuspannoista ja pidennyksist\u00e4. Lis\u00e4ksi hoito v\u00e4hent\u00e4\u00e4 p\u00f6rr\u00f6isyytt\u00e4, selvitt\u00e4\u00e4 hiukset ja tekee niist\u00e4 jopa 6 kertaa helpompia kammata*, tehden hiuksista vahvempia, sile\u00e4mpi\u00e4 ja terveempi\u00e4.<\/p>\n<p>T\u00e4m\u00e4 korjaava ja kosteuttava hoito sis\u00e4lt\u00e4\u00e4 alfahydroksihappoa (AHA) ja omega-9:\u00e4\u00e4, jotka uudelleenrakentavat hiuksen sis\u00e4iset siteet ja t\u00e4ydent\u00e4v\u00e4t ulkobarri\u00e4\u00e4rin l\u00e4mp\u00f6- ja vaalennusvaurioituneessa hiuksessa. AHA, joka on yleisesti tunnettu ihonhoidossa, k\u00e4ytet\u00e4\u00e4n Ultimate Repairissa vahvistamaan, hoitamaan ja est\u00e4m\u00e4\u00e4n katkenneita hiuksia terveess\u00e4 ja kemiallisesti k\u00e4sitellyss\u00e4 hiuksessa palauttamalla vety-sidoksia ja tunkeutuen syv\u00e4lle hiuskuituun.<\/p>\n<p>Ultimate Repair Mask puhdistaa, detoksikoi ja kosteuttaa kaikkia hiustyyppej\u00e4 ja tekstuureja, olipa kyseess\u00e4 ohut, rasvainen, hieno, paksu, suora, laineikas, kihara, v\u00e4rj\u00e4tty, raidoitettu, kiharainen, aasialainen tai afro, mik\u00e4 tekee siit\u00e4 sopivan kaikille.<\/p>\n<p>Wella Professionals Ultimate Repair System on ihonhoitoinnoitettu sarja, joka tarjoaa ylellisen hiustenhoitorutiinin, joka t\u00e4ydent\u00e4\u00e4 hiuksesi vain 90 sekunnissa*. Sarja on suunniteltu sinulle, joka haluat korkeimman tason korjauksen ja luonnollisen, terveen tunteen hiuksissasi. Se ravitsee, vahvistaa ja kosteuttaa ja tekee hiuksista pehme\u00e4t, raikkaat ja puhtaat. Dermatologisesti testattu ja vegaaninen.<\/p>\n<p>*Kun k\u00e4ytet\u00e4\u00e4n Ultimate Repair Step 3.<br \/>150ml<\/p>\n","protected":false},"excerpt":{"rendered":"<p>Wella Professionals Ultimate Repair Mask on intensiivisesti rauhoittava ja korjaava hiusnaamio, joka sis\u00e4lt\u00e4\u00e4 alfahydroksihappoa (AHA) ja omega-9:\u00e4\u00e4 ja joka n\u00e4kyv\u00e4sti korjaa ja vahvistaa vaurioitunutta hiusta. T\u00e4m\u00e4 kevyt naamio korjaa ja kohdistaa vauriot, jotka ovat aiheutuneet l\u00e4mp\u00f6ty\u00f6kaluista, UV-s\u00e4teilyist\u00e4, vaalennuksesta, hiuspannoista ja pidennyksist\u00e4. Lis\u00e4ksi hoito v\u00e4hent\u00e4\u00e4 p\u00f6rr\u00f6isyytt\u00e4, selvitt\u00e4\u00e4 hiukset ja tekee niist\u00e4 jopa 6 kertaa helpompia kammata*, [&hellip;]<\/p>\n","protected":false},"featured_media":125097,"comment_status":"open","ping_status":"closed","template":"","meta":{"_trash_the_other_posts":false},"product_brand":[],"product_cat":[620],"product_tag":[4068],"berocket_brand":[1030],"class_list":{"0":"post-125112","1":"product","2":"type-product","3":"status-publish","4":"has-post-thumbnail","6":"product_cat-hiuskaare","7":"product_tag-wella-professionals-ultimate-repair-mask","8":"pa_brand-wella","9":"pa_variantti-150ml","10":"berocket_brand-wella","12":"first","13":"instock","14":"sale","15":"taxable","16":"shipping-taxable","17":"purchasable","18":"product-type-simple"},"_links":{"self":[{"href":"https:\/\/stylingagenten.com\/fi\/wp-json\/wp\/v2\/product\/125112","targetHints":{"allow":["GET"]}}],"collection":[{"href":"https:\/\/stylingagenten.com\/fi\/wp-json\/wp\/v2\/product"}],"about":[{"href":"https:\/\/stylingagenten.com\/fi\/wp-json\/wp\/v2\/types\/product"}],"replies":[{"embeddable":true,"href":"https:\/\/stylingagenten.com\/fi\/wp-json\/wp\/v2\/comments?post=125112"}],"version-history":[{"count":0,"href":"https:\/\/stylingagenten.com\/fi\/wp-json\/wp\/v2\/product\/125112\/revisions"}],"wp:featuredmedia":[{"embeddable":true,"href":"https:\/\/stylingagenten.com\/fi\/wp-json\/wp\/v2\/media\/125097"}],"wp:attachment":[{"href":"https:\/\/stylingagenten.com\/fi\/wp-json\/wp\/v2\/media?parent=125112"}],"wp:term":[{"taxonomy":"product_brand","embeddable":true,"href":"https:\/\/stylingagenten.com\/fi\/wp-json\/wp\/v2\/product_brand?post=125112"},{"taxonomy":"product_cat","embeddable":true,"href":"https:\/\/stylingagenten.com\/fi\/wp-json\/wp\/v2\/product_cat?post=125112"},{"taxonomy":"product_tag","embeddable":true,"href":"https:\/\/stylingagenten.com\/fi\/wp-json\/wp\/v2\/product_tag?post=125112"},{"taxonomy":"berocket_brand","embeddable":true,"href":"https:\/\/stylingagenten.com\/fi\/wp-json\/wp\/v2\/berocket_brand?post=125112"}],"curies":[{"name":"wp","href":"https:\/\/api.w.org\/{rel}","templated":true}]}}