{"id":125103,"date":"2025-05-18T22:01:38","date_gmt":"2025-05-18T22:01:38","guid":{"rendered":"https:\/\/staging2.stylingagenten.com\/fi\/produkt\/ref-illuminate-colour-masque-500ml\/"},"modified":"2026-03-11T21:59:06","modified_gmt":"2026-03-11T21:59:06","slug":"ref-illuminate-colour-masque-500ml","status":"publish","type":"product","link":"https:\/\/stylingagenten.com\/fi\/tuote\/ref-illuminate-colour-masque-500ml\/","title":{"rendered":"REF Illuminate Colour Masque 500ml"},"content":{"rendered":"<p>REF Illuminate Colour Masque on hoitava hiusnaamio, joka v\u00e4hent\u00e4\u00e4 p\u00f6rr\u00f6isyytt\u00e4, korostaa hiuksen v\u00e4ris\u00e4vyj\u00e4 ja antaa pitk\u00e4kestoista kiiltoa. T\u00e4ydellinen v\u00e4rik\u00e4sitellyille hiuksille.<\/p>\n<p>500ml<\/p>\n","protected":false},"excerpt":{"rendered":"<p>REF Illuminate Colour Masque on hoitava hiusnaamio, joka v\u00e4hent\u00e4\u00e4 p\u00f6rr\u00f6isyytt\u00e4, korostaa hiuksen v\u00e4ris\u00e4vyj\u00e4 ja antaa pitk\u00e4kestoista kiiltoa. T\u00e4ydellinen v\u00e4rik\u00e4sitellyille hiuksille. 500ml<\/p>\n","protected":false},"featured_media":125102,"comment_status":"open","ping_status":"closed","template":"","meta":{"_trash_the_other_posts":false},"product_brand":[],"product_cat":[620],"product_tag":[3873],"berocket_brand":[1209],"class_list":{"0":"post-125103","1":"product","2":"type-product","3":"status-publish","4":"has-post-thumbnail","6":"product_cat-hiuskaare","7":"product_tag-ref-illuminate-colour-masque","8":"pa_brand-ref","9":"pa_variantti-500ml","10":"berocket_brand-ref","12":"first","13":"instock","14":"sale","15":"taxable","16":"shipping-taxable","17":"purchasable","18":"product-type-simple"},"_links":{"self":[{"href":"https:\/\/stylingagenten.com\/fi\/wp-json\/wp\/v2\/product\/125103","targetHints":{"allow":["GET"]}}],"collection":[{"href":"https:\/\/stylingagenten.com\/fi\/wp-json\/wp\/v2\/product"}],"about":[{"href":"https:\/\/stylingagenten.com\/fi\/wp-json\/wp\/v2\/types\/product"}],"replies":[{"embeddable":true,"href":"https:\/\/stylingagenten.com\/fi\/wp-json\/wp\/v2\/comments?post=125103"}],"version-history":[{"count":0,"href":"https:\/\/stylingagenten.com\/fi\/wp-json\/wp\/v2\/product\/125103\/revisions"}],"wp:featuredmedia":[{"embeddable":true,"href":"https:\/\/stylingagenten.com\/fi\/wp-json\/wp\/v2\/media\/125102"}],"wp:attachment":[{"href":"https:\/\/stylingagenten.com\/fi\/wp-json\/wp\/v2\/media?parent=125103"}],"wp:term":[{"taxonomy":"product_brand","embeddable":true,"href":"https:\/\/stylingagenten.com\/fi\/wp-json\/wp\/v2\/product_brand?post=125103"},{"taxonomy":"product_cat","embeddable":true,"href":"https:\/\/stylingagenten.com\/fi\/wp-json\/wp\/v2\/product_cat?post=125103"},{"taxonomy":"product_tag","embeddable":true,"href":"https:\/\/stylingagenten.com\/fi\/wp-json\/wp\/v2\/product_tag?post=125103"},{"taxonomy":"berocket_brand","embeddable":true,"href":"https:\/\/stylingagenten.com\/fi\/wp-json\/wp\/v2\/berocket_brand?post=125103"}],"curies":[{"name":"wp","href":"https:\/\/api.w.org\/{rel}","templated":true}]}}