{"id":125074,"date":"2025-05-18T22:01:30","date_gmt":"2025-05-18T22:01:30","guid":{"rendered":"https:\/\/staging2.stylingagenten.com\/fi\/produkt\/wahl-hair-dryer-super-dry\/"},"modified":"2026-03-30T07:30:37","modified_gmt":"2026-03-30T07:30:37","slug":"wahl-hair-dryer-super-dry","status":"publish","type":"product","link":"https:\/\/stylingagenten.com\/fi\/tuote\/wahl-hair-dryer-super-dry\/","title":{"rendered":"Wahl Hair dryer SUPER DRY"},"content":{"rendered":"<p>Wahl SuperDry 2000W on vahva tuuletin nopeaan kuivumiseen ja muotoiluun. Hiustenkuivaajassa on 2 nopeutta, 3 l\u00e4mp\u00f6\u00e4 erillisell\u00e4 kylm\u00e4painikkeella. Tehokas AC-moottori, jolla on pitk\u00e4 k\u00e4ytt\u00f6ik\u00e4. Nykyaikaisella turmaliinitekniikalla, joka tuottaa negatiivisia ioneja, ja lempe\u00e4ll\u00e4 infrapunal\u00e4mm\u00f6ll\u00e4.<\/p>\n<ul>\n<li>Tehokas 2000 W AC-moottori turmaliinitekniikalla tasaisen ja terveellisemm\u00e4n lopputuloksen saavuttamiseksi.<\/li>\n<li>2 suutinta, kapea. yksi suoraa l\u00e4mp\u00f6\u00e4 varten ja leve\u00e4mpi lis\u00e4\u00e4 ilmavirtaa.<\/li>\n<li>3 l\u00e4mp\u00f6asetusta ja 2 nopeusasetusta sek\u00e4 kylm\u00e4laukauspainike tyylin lukitsemiseen<\/li>\n<li>Kappale matalalla \u00e4\u00e4nenvoimakkuudella; ja ergonominen kahva, joka antaa sinulle tasapainon ja hallinnan<\/li>\n<\/ul>\n","protected":false},"excerpt":{"rendered":"<p>Wahl SuperDry 2000W on vahva tuuletin nopeaan kuivumiseen ja muotoiluun. Hiustenkuivaajassa on 2 nopeutta, 3 l\u00e4mp\u00f6\u00e4 erillisell\u00e4 kylm\u00e4painikkeella. Tehokas AC-moottori, jolla on pitk\u00e4 k\u00e4ytt\u00f6ik\u00e4. Nykyaikaisella turmaliinitekniikalla, joka tuottaa negatiivisia ioneja, ja lempe\u00e4ll\u00e4 infrapunal\u00e4mm\u00f6ll\u00e4. Tehokas 2000 W AC-moottori turmaliinitekniikalla tasaisen ja terveellisemm\u00e4n lopputuloksen saavuttamiseksi. 2 suutinta, kapea. yksi suoraa l\u00e4mp\u00f6\u00e4 varten ja leve\u00e4mpi lis\u00e4\u00e4 ilmavirtaa. 3 [&hellip;]<\/p>\n","protected":false},"featured_media":125072,"comment_status":"open","ping_status":"closed","template":"","meta":{"_trash_the_other_posts":false},"product_brand":[],"product_cat":[612,1003],"product_tag":[],"berocket_brand":[1145],"class_list":{"0":"post-125074","1":"product","2":"type-product","3":"status-publish","4":"has-post-thumbnail","6":"product_cat-hiustenkuivaaja","7":"product_cat-myydyimmat","8":"pa_brand-wahl","9":"berocket_brand-wahl","11":"first","12":"instock","13":"sale","14":"taxable","15":"shipping-taxable","16":"purchasable","17":"product-type-simple"},"_links":{"self":[{"href":"https:\/\/stylingagenten.com\/fi\/wp-json\/wp\/v2\/product\/125074","targetHints":{"allow":["GET"]}}],"collection":[{"href":"https:\/\/stylingagenten.com\/fi\/wp-json\/wp\/v2\/product"}],"about":[{"href":"https:\/\/stylingagenten.com\/fi\/wp-json\/wp\/v2\/types\/product"}],"replies":[{"embeddable":true,"href":"https:\/\/stylingagenten.com\/fi\/wp-json\/wp\/v2\/comments?post=125074"}],"version-history":[{"count":0,"href":"https:\/\/stylingagenten.com\/fi\/wp-json\/wp\/v2\/product\/125074\/revisions"}],"wp:featuredmedia":[{"embeddable":true,"href":"https:\/\/stylingagenten.com\/fi\/wp-json\/wp\/v2\/media\/125072"}],"wp:attachment":[{"href":"https:\/\/stylingagenten.com\/fi\/wp-json\/wp\/v2\/media?parent=125074"}],"wp:term":[{"taxonomy":"product_brand","embeddable":true,"href":"https:\/\/stylingagenten.com\/fi\/wp-json\/wp\/v2\/product_brand?post=125074"},{"taxonomy":"product_cat","embeddable":true,"href":"https:\/\/stylingagenten.com\/fi\/wp-json\/wp\/v2\/product_cat?post=125074"},{"taxonomy":"product_tag","embeddable":true,"href":"https:\/\/stylingagenten.com\/fi\/wp-json\/wp\/v2\/product_tag?post=125074"},{"taxonomy":"berocket_brand","embeddable":true,"href":"https:\/\/stylingagenten.com\/fi\/wp-json\/wp\/v2\/berocket_brand?post=125074"}],"curies":[{"name":"wp","href":"https:\/\/api.w.org\/{rel}","templated":true}]}}