{"id":125065,"date":"2025-05-18T22:01:28","date_gmt":"2025-05-18T22:01:28","guid":{"rendered":"https:\/\/staging2.stylingagenten.com\/fi\/produkt\/remington-supercare-pro-2200-ac-hairdryer\/"},"modified":"2026-03-20T14:03:27","modified_gmt":"2026-03-20T14:03:27","slug":"remington-supercare-pro-2200-ac-hairdryer","status":"publish","type":"product","link":"https:\/\/stylingagenten.com\/fi\/tuote\/remington-supercare-pro-2200-ac-hairdryer\/","title":{"rendered":"Remington Supercare PRO 2200 AC Hairdryer"},"content":{"rendered":"<p>SUPERCARE PRO 2200 AC HIUKKUIVERI: AC7200<\/p>\n<p>F\u00f6\u00f6naa hiukset samalla kun hoidat niit\u00e4. SuperCare Pro 2200:ssa on 2200 watin AC-moottori, joka tarjoaa nopean ja tehokkaan kuivauksen, ja Supercare-asetus, jonka avulla voit f\u00f6\u00f6nata hiukset alemmassa l\u00e4mp\u00f6tilassa, joka on hell\u00e4varaisempi hiuksille. <br \/>Ionisoinnilla varustettu keraaminen ristikko jakaa l\u00e4mm\u00f6n tasaisesti hiuksiin ja sill\u00e4 on antistaattinen vaikutus, mik\u00e4 tekee hiuksista p\u00f6rr\u00f6iset. R\u00e4\u00e4t\u00e4l\u00f6i muotoilu hiuksiisi sopivaksi, valitse 3 l\u00e4mp\u00f6- ja kaksi nopeusasetusta ja aitoa kylm\u00e4\u00e4 ilmaa, kun haluat korjata hiustyyli\u00e4si. Kolmen mukana tulevan hiustenkuivaajan suuttimen avulla voit helposti luoda haluamasi kampauksen. Ohuella 7 mm:n suuttimella voit kohdistaa ilman haluamaasi kohtaan ja nopeasti kuivuvan 11 mm:n ohuen suuttimen avulla saat kuivat hiukset hetkess\u00e4. Jos sinulla on kiharat hiukset, diffuusorisuutin on oikea ty\u00f6kalu, jolla voit parantaa luonnollisia kiharoitasi ja saada lis\u00e4\u00e4 volyymia ilman vaivaa. <\/p>\n<p>Supercare-asetus<br \/>Huolehdi hiuksistasi niit\u00e4 kuivattaessa, Supercare-asetuksen ansiosta voit kuivata hiuksesi tehokkaasti hiuksia hell\u00e4varaisemmassa l\u00e4mp\u00f6tilassa. <\/p>\n<p>Nopea ja tehokas<br \/>Koe nopea ja tehokas kuivaus, t\u00e4m\u00e4 hiustenkuivaaja on varustettu salonkilaatuisella AC-moottorilla. 2200 watin moottorilla on sek\u00e4 pitk\u00e4 k\u00e4ytt\u00f6ik\u00e4 ett\u00e4 tehokas 130 km\/h ilmavirtaus kiilt\u00e4v\u00e4t, p\u00f6rr\u00f6iset hiukset joka kerta. <\/p>\n<p>Ominaisuudet<br \/>\u2022Supercare-asetus &#8211; Nopea kuivuminen terveellisemm\u00e4ss\u00e4 l\u00e4mp\u00f6tilassa<br \/>\u2022AC-moottori 2200 wattia &#8211; Ilmavirta: 130 km\/h <br \/>\u2022Keraamipinnoitettu ristikko tasaiseen l\u00e4mm\u00f6njakoon<br \/> &gt;\u2022 2x enemm\u00e4n ioneja* kiilt\u00e4v\u00e4\u00e4n ja p\u00f6rr\u00f6iseen lopputulokseen<br \/>\u2022Kevyt ja kompakti muotoilu mukavaan muotoiluun<br \/>\u20223 l\u00e4mp\u00f6- ja 2 nopeusasetusta<br \/>\u2022Aito kylm\u00e4 ilma<br \/>\u20223 suutinta:<br \/>o7mm muotoilusuutin lis\u00e4\u00e4 tarkennusta<br \/>o11mm nopeasti kuivuva suutin<br \/>oDifusori<br \/>\u2022 Irrotettava takas\u00e4leikk\u00f6 helppoon puhdistamiseen<br \/>\u2022Riitinsilmukka k\u00e4tev\u00e4\u00e4n s\u00e4ilytykseen<br \/>\u20223 metri\u00e4 pitk\u00e4 johto<br \/> \u20225 vuoden takuu + 1 vuosi rekister\u00f6innin yhteydess\u00e4 osoitteessa https:\/\/se.remington-europe.com\/produktregistrering<br \/>*Superior Ionic Conditioning &#8211; 2x enemm\u00e4n ioneja verrattuna tavalliseen Remington-hiustenkuivaajaan<\/p>\n","protected":false},"excerpt":{"rendered":"<p>SUPERCARE PRO 2200 AC HIUKKUIVERI: AC7200 F\u00f6\u00f6naa hiukset samalla kun hoidat niit\u00e4. SuperCare Pro 2200:ssa on 2200 watin AC-moottori, joka tarjoaa nopean ja tehokkaan kuivauksen, ja Supercare-asetus, jonka avulla voit f\u00f6\u00f6nata hiukset alemmassa l\u00e4mp\u00f6tilassa, joka on hell\u00e4varaisempi hiuksille. Ionisoinnilla varustettu keraaminen ristikko jakaa l\u00e4mm\u00f6n tasaisesti hiuksiin ja sill\u00e4 on antistaattinen vaikutus, mik\u00e4 tekee hiuksista p\u00f6rr\u00f6iset. [&hellip;]<\/p>\n","protected":false},"featured_media":125050,"comment_status":"open","ping_status":"closed","template":"","meta":{"_trash_the_other_posts":false},"product_brand":[],"product_cat":[612],"product_tag":[],"berocket_brand":[1272],"class_list":{"0":"post-125065","1":"product","2":"type-product","3":"status-publish","4":"has-post-thumbnail","6":"product_cat-hiustenkuivaaja","7":"pa_brand-remington","8":"berocket_brand-remington","10":"first","11":"instock","12":"sale","13":"taxable","14":"shipping-taxable","15":"purchasable","16":"product-type-simple"},"_links":{"self":[{"href":"https:\/\/stylingagenten.com\/fi\/wp-json\/wp\/v2\/product\/125065","targetHints":{"allow":["GET"]}}],"collection":[{"href":"https:\/\/stylingagenten.com\/fi\/wp-json\/wp\/v2\/product"}],"about":[{"href":"https:\/\/stylingagenten.com\/fi\/wp-json\/wp\/v2\/types\/product"}],"replies":[{"embeddable":true,"href":"https:\/\/stylingagenten.com\/fi\/wp-json\/wp\/v2\/comments?post=125065"}],"version-history":[{"count":0,"href":"https:\/\/stylingagenten.com\/fi\/wp-json\/wp\/v2\/product\/125065\/revisions"}],"wp:featuredmedia":[{"embeddable":true,"href":"https:\/\/stylingagenten.com\/fi\/wp-json\/wp\/v2\/media\/125050"}],"wp:attachment":[{"href":"https:\/\/stylingagenten.com\/fi\/wp-json\/wp\/v2\/media?parent=125065"}],"wp:term":[{"taxonomy":"product_brand","embeddable":true,"href":"https:\/\/stylingagenten.com\/fi\/wp-json\/wp\/v2\/product_brand?post=125065"},{"taxonomy":"product_cat","embeddable":true,"href":"https:\/\/stylingagenten.com\/fi\/wp-json\/wp\/v2\/product_cat?post=125065"},{"taxonomy":"product_tag","embeddable":true,"href":"https:\/\/stylingagenten.com\/fi\/wp-json\/wp\/v2\/product_tag?post=125065"},{"taxonomy":"berocket_brand","embeddable":true,"href":"https:\/\/stylingagenten.com\/fi\/wp-json\/wp\/v2\/berocket_brand?post=125065"}],"curies":[{"name":"wp","href":"https:\/\/api.w.org\/{rel}","templated":true}]}}