{"id":125048,"date":"2025-05-18T22:01:24","date_gmt":"2025-05-18T22:01:24","guid":{"rendered":"https:\/\/staging2.stylingagenten.com\/fi\/produkt\/remington-travel-dryer-1400w\/"},"modified":"2026-03-23T21:57:37","modified_gmt":"2026-03-23T21:57:37","slug":"remington-travel-dryer-1400w","status":"publish","type":"product","link":"https:\/\/stylingagenten.com\/fi\/tuote\/remington-travel-dryer-1400w\/","title":{"rendered":"Remington Travel Dryer 1400W"},"content":{"rendered":"<p>On the go -hiustenkuivain- D2400<\/p>\n<p>Kompaktissa matkahiustenkuivaajassa on taitettava kahva, joka helpottaa s\u00e4ilytyst\u00e4 ja j\u00e4nnitteen s\u00e4\u00e4t\u00f6\u00e4 koko maailmalle. 2 l\u00e4mp\u00f6-\/nopeusasetusta ja 1400 wattia mukana tulevalla muotoilusuuttimella. <\/p>\n<p>\u2022 1400 watin kompakti hiustenkuivaaja<br \/>\u2022 2 l\u00e4mp\u00f6- ja nopeusasetusta<br \/>\u2022 Taitettava kahva helppoa s\u00e4ilytyst\u00e4 varten<br \/>\u2022 Keskitin<br \/>\u2022 Ripustuslenkki<br \/>\u2022 1,8 metri\u00e4 pitk\u00e4 johto<br \/> br&gt; \u2022 Volttimuunnos koko maailmalle<\/p>\n","protected":false},"excerpt":{"rendered":"<p>On the go -hiustenkuivain- D2400 Kompaktissa matkahiustenkuivaajassa on taitettava kahva, joka helpottaa s\u00e4ilytyst\u00e4 ja j\u00e4nnitteen s\u00e4\u00e4t\u00f6\u00e4 koko maailmalle. 2 l\u00e4mp\u00f6-\/nopeusasetusta ja 1400 wattia mukana tulevalla muotoilusuuttimella. \u2022 1400 watin kompakti hiustenkuivaaja\u2022 2 l\u00e4mp\u00f6- ja nopeusasetusta\u2022 Taitettava kahva helppoa s\u00e4ilytyst\u00e4 varten\u2022 Keskitin\u2022 Ripustuslenkki\u2022 1,8 metri\u00e4 pitk\u00e4 johto br&gt; \u2022 Volttimuunnos koko maailmalle<\/p>\n","protected":false},"featured_media":125037,"comment_status":"open","ping_status":"closed","template":"","meta":{"_trash_the_other_posts":false},"product_brand":[],"product_cat":[612],"product_tag":[],"berocket_brand":[1272],"class_list":{"0":"post-125048","1":"product","2":"type-product","3":"status-publish","4":"has-post-thumbnail","6":"product_cat-hiustenkuivaaja","7":"pa_brand-remington","8":"berocket_brand-remington","10":"first","11":"instock","12":"sale","13":"taxable","14":"shipping-taxable","15":"purchasable","16":"product-type-simple"},"_links":{"self":[{"href":"https:\/\/stylingagenten.com\/fi\/wp-json\/wp\/v2\/product\/125048","targetHints":{"allow":["GET"]}}],"collection":[{"href":"https:\/\/stylingagenten.com\/fi\/wp-json\/wp\/v2\/product"}],"about":[{"href":"https:\/\/stylingagenten.com\/fi\/wp-json\/wp\/v2\/types\/product"}],"replies":[{"embeddable":true,"href":"https:\/\/stylingagenten.com\/fi\/wp-json\/wp\/v2\/comments?post=125048"}],"version-history":[{"count":0,"href":"https:\/\/stylingagenten.com\/fi\/wp-json\/wp\/v2\/product\/125048\/revisions"}],"wp:featuredmedia":[{"embeddable":true,"href":"https:\/\/stylingagenten.com\/fi\/wp-json\/wp\/v2\/media\/125037"}],"wp:attachment":[{"href":"https:\/\/stylingagenten.com\/fi\/wp-json\/wp\/v2\/media?parent=125048"}],"wp:term":[{"taxonomy":"product_brand","embeddable":true,"href":"https:\/\/stylingagenten.com\/fi\/wp-json\/wp\/v2\/product_brand?post=125048"},{"taxonomy":"product_cat","embeddable":true,"href":"https:\/\/stylingagenten.com\/fi\/wp-json\/wp\/v2\/product_cat?post=125048"},{"taxonomy":"product_tag","embeddable":true,"href":"https:\/\/stylingagenten.com\/fi\/wp-json\/wp\/v2\/product_tag?post=125048"},{"taxonomy":"berocket_brand","embeddable":true,"href":"https:\/\/stylingagenten.com\/fi\/wp-json\/wp\/v2\/berocket_brand?post=125048"}],"curies":[{"name":"wp","href":"https:\/\/api.w.org\/{rel}","templated":true}]}}