{"id":125046,"date":"2025-05-18T22:01:24","date_gmt":"2025-05-18T22:01:24","guid":{"rendered":"https:\/\/staging2.stylingagenten.com\/fi\/produkt\/remington-thermacare-pro-2200\/"},"modified":"2026-04-14T10:18:31","modified_gmt":"2026-04-14T10:18:31","slug":"remington-thermacare-pro-2200","status":"publish","type":"product","link":"https:\/\/stylingagenten.com\/fi\/tuote\/remington-thermacare-pro-2200\/","title":{"rendered":"Remington Thermacare PRO 2200"},"content":{"rendered":"<p>THERMACARE PRO 2200 KUIVAARI<br \/>Viile\u00e4, ker\u00e4ttyn\u00e4 <\/p>\n<p>Thermacare Pro 2200:lla kuivaat hiuksesi nopeasti, mutta pienemm\u00e4ll\u00e4 l\u00e4mm\u00f6ll\u00e4* tarjoten tarvitsemasi suojan tarpeettoman kulumisen v\u00e4ltt\u00e4miseksi suorituskyvyst\u00e4 tinkim\u00e4tt\u00e4 .<br \/>Elegantin mattamustan hiustenkuivaajan teho on 2200 W, mutta sill\u00e4 on v\u00e4hemm\u00e4n l\u00e4mp\u00f6\u00e4, mik\u00e4 antaa lis\u00e4suojaa hiuksille. Keraaminen ristikko tarjoaa tasaisen ja vakaan l\u00e4mm\u00f6n jakautumisen ja ionik\u00e4sittelyll\u00e4 vastustat staattista s\u00e4hk\u00f6\u00e4 ja saat tasaisen ja tasaisen tuloksen. Takas\u00e4leikk\u00f6 on irrotettava ja helppo puhdistaa, joten sen huoltaminen on entist\u00e4 helpompaa.<br \/>Kolmen l\u00e4mp\u00f6asteen ja 2 nopeuden ansiosta voit mukauttaa sen tarpeidesi mukaan. Viimeistele muotoilu viile\u00e4ll\u00e4 ilmalla varmistaaksesi, ett\u00e4 hiustyylisi kest\u00e4\u00e4 p\u00e4iv\u00e4n tarjottavana.<\/p>\n<p>Ominaisuudet<br \/>\u20222200 W suorituskyky \/ 80 km\/h ilmavirta<br \/>\u2022Tehokas mutta hell\u00e4varainen 2000 W hiustenkuivaaja samalla kuivauksella nopeus kuin 2200 watin hiustenkuivaaja, mutta enemm\u00e4n suojausta*.<br \/>\u2022Keraaminen grilli antistaattisella grillill\u00e4<br \/>\u2022Kapea hiustenkuivaajan suutin<br \/>\u2022S\u00e4\u00e4dett\u00e4v\u00e4 asetus: 3 l\u00e4mp\u00f6tilaa \/ 2 nopeutta<br \/>\u2022Kylm\u00e4ilmatoiminto <br \/>\u2022Ripustuslenkki<br \/> \u2022Irrotettava ristikko helpottaa puhdistusta<br \/>\u20222 vuoden takuu +1 vuosi rekister\u00f6ityess\u00e4si verkossa<\/p>\n<p>*Verrattuna tavalliseen Remington 2200W -hiustenkuivaajaan<\/p>\n","protected":false},"excerpt":{"rendered":"<p>THERMACARE PRO 2200 KUIVAARIViile\u00e4, ker\u00e4ttyn\u00e4 Thermacare Pro 2200:lla kuivaat hiuksesi nopeasti, mutta pienemm\u00e4ll\u00e4 l\u00e4mm\u00f6ll\u00e4* tarjoten tarvitsemasi suojan tarpeettoman kulumisen v\u00e4ltt\u00e4miseksi suorituskyvyst\u00e4 tinkim\u00e4tt\u00e4 .Elegantin mattamustan hiustenkuivaajan teho on 2200 W, mutta sill\u00e4 on v\u00e4hemm\u00e4n l\u00e4mp\u00f6\u00e4, mik\u00e4 antaa lis\u00e4suojaa hiuksille. Keraaminen ristikko tarjoaa tasaisen ja vakaan l\u00e4mm\u00f6n jakautumisen ja ionik\u00e4sittelyll\u00e4 vastustat staattista s\u00e4hk\u00f6\u00e4 ja saat tasaisen ja [&hellip;]<\/p>\n","protected":false},"featured_media":125036,"comment_status":"open","ping_status":"closed","template":"","meta":{"_trash_the_other_posts":false},"product_brand":[],"product_cat":[612],"product_tag":[],"berocket_brand":[1272],"class_list":{"0":"post-125046","1":"product","2":"type-product","3":"status-publish","4":"has-post-thumbnail","6":"product_cat-hiustenkuivaaja","7":"pa_brand-remington","8":"berocket_brand-remington","10":"first","11":"instock","12":"sale","13":"taxable","14":"shipping-taxable","15":"purchasable","16":"product-type-simple"},"_links":{"self":[{"href":"https:\/\/stylingagenten.com\/fi\/wp-json\/wp\/v2\/product\/125046","targetHints":{"allow":["GET"]}}],"collection":[{"href":"https:\/\/stylingagenten.com\/fi\/wp-json\/wp\/v2\/product"}],"about":[{"href":"https:\/\/stylingagenten.com\/fi\/wp-json\/wp\/v2\/types\/product"}],"replies":[{"embeddable":true,"href":"https:\/\/stylingagenten.com\/fi\/wp-json\/wp\/v2\/comments?post=125046"}],"version-history":[{"count":0,"href":"https:\/\/stylingagenten.com\/fi\/wp-json\/wp\/v2\/product\/125046\/revisions"}],"wp:featuredmedia":[{"embeddable":true,"href":"https:\/\/stylingagenten.com\/fi\/wp-json\/wp\/v2\/media\/125036"}],"wp:attachment":[{"href":"https:\/\/stylingagenten.com\/fi\/wp-json\/wp\/v2\/media?parent=125046"}],"wp:term":[{"taxonomy":"product_brand","embeddable":true,"href":"https:\/\/stylingagenten.com\/fi\/wp-json\/wp\/v2\/product_brand?post=125046"},{"taxonomy":"product_cat","embeddable":true,"href":"https:\/\/stylingagenten.com\/fi\/wp-json\/wp\/v2\/product_cat?post=125046"},{"taxonomy":"product_tag","embeddable":true,"href":"https:\/\/stylingagenten.com\/fi\/wp-json\/wp\/v2\/product_tag?post=125046"},{"taxonomy":"berocket_brand","embeddable":true,"href":"https:\/\/stylingagenten.com\/fi\/wp-json\/wp\/v2\/berocket_brand?post=125046"}],"curies":[{"name":"wp","href":"https:\/\/api.w.org\/{rel}","templated":true}]}}