{"id":125033,"date":"2025-05-18T22:01:23","date_gmt":"2025-05-18T22:01:23","guid":{"rendered":"https:\/\/staging2.stylingagenten.com\/fi\/produkt\/remington-silk-dryer\/"},"modified":"2026-04-09T07:28:30","modified_gmt":"2026-04-09T07:28:30","slug":"remington-silk-dryer","status":"publish","type":"product","link":"https:\/\/stylingagenten.com\/fi\/tuote\/remington-silk-dryer\/","title":{"rendered":"Remington Silk Dryer"},"content":{"rendered":"<p>Remington Silk AC9096 on tehokas hiustenkuivaaja, jossa on eritt\u00e4in kest\u00e4v\u00e4 moottori, jossa on kolme eri nopeutta ja 2 l\u00e4mp\u00f6tila-asetusta. Ammattimainen AC-moottori kuivaa hiuksesi nopeasti ja hell\u00e4varaisesti. Kolme metri\u00e4 pitk\u00e4 johto antaa lis\u00e4vapautta.<br \/>Kehittyneen AC-moottorin teho on 2400 wattia ja ilmavirta 140 km\/h, mik\u00e4 on verrattavissa kampaajien k\u00e4ytt\u00e4m\u00e4\u00e4n ammattihiustenkuivaajaan. Turbo Boost -toiminto lis\u00e4\u00e4 ilmannopeutta 10 % nopeamman tuloksen saavuttamiseksi.<br \/>Hiustenkuivaajassa on my\u00f6s ionitoiminto, joka v\u00e4hent\u00e4\u00e4 staattista s\u00e4hk\u00f6\u00e4 ja tekee hiuksista sile\u00e4t ja kiilt\u00e4v\u00e4t.<\/p>\n<p>\u2022Tehokkaat 2400 W ammattihiukset kuivausrumpu<br \/> \u2022Salongin laadukas pitk\u00e4ik\u00e4inen AC-moottori<br \/>\u2022140 km\/h nopeaan ilmaan ja kuivumiseen<br \/>\u2022Ioninen hoitoaine &#8211; 90 % enemm\u00e4n ioneja v\u00e4hent\u00e4\u00e4 p\u00f6rr\u00f6isyytt\u00e4 ja enemm\u00e4n kiiltoa*<br \/>\u2022Silkki keraaminen grilli <br \/>\u20226 l\u00e4mp\u00f6-\/nopeusasetusta<br \/>\u2022Turbo Boost -toiminto lis\u00e4\u00e4 ilmannopeutta 10 % nopeaan kuivumiseen<br \/>\u2022Kylm\u00e4painike hiustyylin s\u00e4\u00e4t\u00e4miseen<br \/>\u2022Keskist\u00e4j\u00e4<br \/>\u2022Hajotin<br \/> \u2022Irrotettava helposti puhdistettava takaritil\u00e4<br \/>\u2022Ripustuslenkki<br \/>\u20223m pitk\u00e4 johto<\/p>\n","protected":false},"excerpt":{"rendered":"<p>Remington Silk AC9096 on tehokas hiustenkuivaaja, jossa on eritt\u00e4in kest\u00e4v\u00e4 moottori, jossa on kolme eri nopeutta ja 2 l\u00e4mp\u00f6tila-asetusta. Ammattimainen AC-moottori kuivaa hiuksesi nopeasti ja hell\u00e4varaisesti. Kolme metri\u00e4 pitk\u00e4 johto antaa lis\u00e4vapautta.Kehittyneen AC-moottorin teho on 2400 wattia ja ilmavirta 140 km\/h, mik\u00e4 on verrattavissa kampaajien k\u00e4ytt\u00e4m\u00e4\u00e4n ammattihiustenkuivaajaan. Turbo Boost -toiminto lis\u00e4\u00e4 ilmannopeutta 10 % nopeamman [&hellip;]<\/p>\n","protected":false},"featured_media":125025,"comment_status":"open","ping_status":"closed","template":"","meta":{"_trash_the_other_posts":false},"product_brand":[],"product_cat":[612],"product_tag":[],"berocket_brand":[1272],"class_list":{"0":"post-125033","1":"product","2":"type-product","3":"status-publish","4":"has-post-thumbnail","6":"product_cat-hiustenkuivaaja","7":"pa_brand-remington","8":"berocket_brand-remington","10":"first","11":"instock","12":"sale","13":"taxable","14":"shipping-taxable","15":"purchasable","16":"product-type-simple"},"_links":{"self":[{"href":"https:\/\/stylingagenten.com\/fi\/wp-json\/wp\/v2\/product\/125033","targetHints":{"allow":["GET"]}}],"collection":[{"href":"https:\/\/stylingagenten.com\/fi\/wp-json\/wp\/v2\/product"}],"about":[{"href":"https:\/\/stylingagenten.com\/fi\/wp-json\/wp\/v2\/types\/product"}],"replies":[{"embeddable":true,"href":"https:\/\/stylingagenten.com\/fi\/wp-json\/wp\/v2\/comments?post=125033"}],"version-history":[{"count":0,"href":"https:\/\/stylingagenten.com\/fi\/wp-json\/wp\/v2\/product\/125033\/revisions"}],"wp:featuredmedia":[{"embeddable":true,"href":"https:\/\/stylingagenten.com\/fi\/wp-json\/wp\/v2\/media\/125025"}],"wp:attachment":[{"href":"https:\/\/stylingagenten.com\/fi\/wp-json\/wp\/v2\/media?parent=125033"}],"wp:term":[{"taxonomy":"product_brand","embeddable":true,"href":"https:\/\/stylingagenten.com\/fi\/wp-json\/wp\/v2\/product_brand?post=125033"},{"taxonomy":"product_cat","embeddable":true,"href":"https:\/\/stylingagenten.com\/fi\/wp-json\/wp\/v2\/product_cat?post=125033"},{"taxonomy":"product_tag","embeddable":true,"href":"https:\/\/stylingagenten.com\/fi\/wp-json\/wp\/v2\/product_tag?post=125033"},{"taxonomy":"berocket_brand","embeddable":true,"href":"https:\/\/stylingagenten.com\/fi\/wp-json\/wp\/v2\/berocket_brand?post=125033"}],"curies":[{"name":"wp","href":"https:\/\/api.w.org\/{rel}","templated":true}]}}