{"id":125020,"date":"2025-05-18T22:01:20","date_gmt":"2025-05-18T22:01:20","guid":{"rendered":"https:\/\/staging2.stylingagenten.com\/fi\/produkt\/parlux-advance-white\/"},"modified":"2026-03-11T22:03:29","modified_gmt":"2026-03-11T22:03:29","slug":"parlux-advance-white","status":"publish","type":"product","link":"https:\/\/stylingagenten.com\/fi\/tuote\/parlux-advance-white\/","title":{"rendered":"Parlux Advance White"},"content":{"rendered":"<p>Parlux Advance White<br \/>Parlux-perheen uusin lis\u00e4ys on nimelt\u00e4\u00e4n Parlux Advance. Parannettu moottori tarjoaa erinomaisen suorituskyvyn ja pidemm\u00e4n k\u00e4ytt\u00f6i\u00e4n. Parlux Advance on kevyt ja tasapainoinen, ja siin\u00e4 on mukava ote. Hiustenkuivaaja kaikilla teknisill\u00e4 ominaisuuksilla on nyt valmis vastaamaan kampaajien korkeisiin vaatimuksiin ja siit\u00e4 tulee uusi suosikkihiustenkuivaaja.<\/p>\n<p>Edut: Eritt\u00e4in tehokas painoonsa n\u00e4hden, ymp\u00e4rist\u00f6yst\u00e4v\u00e4llinen.<br \/>Tehokkuus: 1350 litraa ilmaa\/minuutti.<br \/>Ominaisuudet: 2200 wattia, 4 l\u00e4mp\u00f6tila-asetusta, 2 nopeusasetusta, v\u00e4lit\u00f6n j\u00e4\u00e4hdytyspainike, edistynyt Klamination-moottori, keraaminen\/ionitekniikka, sis\u00e4\u00e4nrakennettu \u00e4\u00e4nenvaimennin.<br \/>Paino: 470 g<br \/>Johto: 3 metri\u00e4<br \/>Sis\u00e4lt\u00e4\u00e4: 2 suutinta<br \/>Hiustenkuivaajan suuttimen halkaisija: 4,5 cm<\/p>\n","protected":false},"excerpt":{"rendered":"<p>Parlux Advance WhiteParlux-perheen uusin lis\u00e4ys on nimelt\u00e4\u00e4n Parlux Advance. Parannettu moottori tarjoaa erinomaisen suorituskyvyn ja pidemm\u00e4n k\u00e4ytt\u00f6i\u00e4n. Parlux Advance on kevyt ja tasapainoinen, ja siin\u00e4 on mukava ote. Hiustenkuivaaja kaikilla teknisill\u00e4 ominaisuuksilla on nyt valmis vastaamaan kampaajien korkeisiin vaatimuksiin ja siit\u00e4 tulee uusi suosikkihiustenkuivaaja. Edut: Eritt\u00e4in tehokas painoonsa n\u00e4hden, ymp\u00e4rist\u00f6yst\u00e4v\u00e4llinen.Tehokkuus: 1350 litraa ilmaa\/minuutti.Ominaisuudet: 2200 wattia, [&hellip;]<\/p>\n","protected":false},"featured_media":125019,"comment_status":"open","ping_status":"closed","template":"","meta":{"_trash_the_other_posts":false},"product_brand":[],"product_cat":[612],"product_tag":[],"berocket_brand":[1162],"class_list":{"0":"post-125020","1":"product","2":"type-product","3":"status-publish","4":"has-post-thumbnail","6":"product_cat-hiustenkuivaaja","7":"pa_brand-parlux","8":"berocket_brand-parlux","10":"first","11":"instock","12":"sale","13":"taxable","14":"shipping-taxable","15":"purchasable","16":"product-type-simple"},"_links":{"self":[{"href":"https:\/\/stylingagenten.com\/fi\/wp-json\/wp\/v2\/product\/125020","targetHints":{"allow":["GET"]}}],"collection":[{"href":"https:\/\/stylingagenten.com\/fi\/wp-json\/wp\/v2\/product"}],"about":[{"href":"https:\/\/stylingagenten.com\/fi\/wp-json\/wp\/v2\/types\/product"}],"replies":[{"embeddable":true,"href":"https:\/\/stylingagenten.com\/fi\/wp-json\/wp\/v2\/comments?post=125020"}],"version-history":[{"count":0,"href":"https:\/\/stylingagenten.com\/fi\/wp-json\/wp\/v2\/product\/125020\/revisions"}],"wp:featuredmedia":[{"embeddable":true,"href":"https:\/\/stylingagenten.com\/fi\/wp-json\/wp\/v2\/media\/125019"}],"wp:attachment":[{"href":"https:\/\/stylingagenten.com\/fi\/wp-json\/wp\/v2\/media?parent=125020"}],"wp:term":[{"taxonomy":"product_brand","embeddable":true,"href":"https:\/\/stylingagenten.com\/fi\/wp-json\/wp\/v2\/product_brand?post=125020"},{"taxonomy":"product_cat","embeddable":true,"href":"https:\/\/stylingagenten.com\/fi\/wp-json\/wp\/v2\/product_cat?post=125020"},{"taxonomy":"product_tag","embeddable":true,"href":"https:\/\/stylingagenten.com\/fi\/wp-json\/wp\/v2\/product_tag?post=125020"},{"taxonomy":"berocket_brand","embeddable":true,"href":"https:\/\/stylingagenten.com\/fi\/wp-json\/wp\/v2\/berocket_brand?post=125020"}],"curies":[{"name":"wp","href":"https:\/\/api.w.org\/{rel}","templated":true}]}}