{"id":125018,"date":"2025-05-18T22:01:19","date_gmt":"2025-05-18T22:01:19","guid":{"rendered":"https:\/\/staging2.stylingagenten.com\/fi\/produkt\/remington-air3d-dryer-bronze\/"},"modified":"2026-04-13T19:08:38","modified_gmt":"2026-04-13T19:08:38","slug":"remington-air3d-dryer-bronze","status":"publish","type":"product","link":"https:\/\/stylingagenten.com\/fi\/tuote\/remington-air3d-dryer-bronze\/","title":{"rendered":"Remington Air3D Dryer (Bronze)"},"content":{"rendered":"<p>D7777 AIR3D <\/p>\n<p>AIR3D yhdist\u00e4\u00e4 kaksi avaintekij\u00e4\u00e4 tehokkaaseen hiusten muotoiluun \u2013 ainutlaatuisen 3D-ilmavirran ja tehokkaisiin tuloksiin ihanteelliset l\u00e4mp\u00f6tilat (verrattuna tavalliseen Remington-hiustenkuivaajaan)<br \/>Valitse kolmesta eri l\u00e4mp\u00f6tilasta, jotka on optimoitu kuivaamaan hiukset tehokkaasti vahingoittamatta sit\u00e4 tarpeettomasti. K\u00e4yt\u00e4 korkeampaa l\u00e4mp\u00f6tilaa hiusten kuivaamiseen ja muotoiluun ja viile\u00e4mp\u00e4\u00e4 muotoilun viimeistelyyn. Ainutlaatuinen muotoilu parantaa ilmanvirtausta ja minimoi turbulenssia hiustenkuivaajan sis\u00e4ll\u00e4, mik\u00e4 tarjoaa tasaisen ilmavirran ja on hiustenkuivaaja, joka on suunniteltu niille, jotka haluavat muotoilla hiuksiaan niit\u00e4 kuivattaessa. <br \/>Kompakti muotoilu ja paino oikeassa paikassa, jotta se ei ole painava edest\u00e4 tai takaa, tekee siit\u00e4 eritt\u00e4in ergonomisen otteen. Mukana tulee 3 suutinta, 7mm ja 11mm ruiskusuuttimet sek\u00e4 \u00e4\u00e4nenvoimakkuuden diffuusori ja niit\u00e4 voidaan k\u00e4\u00e4nt\u00e4\u00e4 360 astetta .<br \/>AIR3D on varustettu Remingtonin ainutlaatuisella kiiltoa lis\u00e4\u00e4v\u00e4ll\u00e4 hoitoaineella ja ionisaatiolla, joka ehk\u00e4isee p\u00f6rr\u00f6isyytt\u00e4 ja auttaa hiuksia saamaan takaisin luonnollisen kiillonsa. <\/p>\n<p>OMINAISUUDET: <br \/>\u2022Ainutlaatuinen 3D-ilmavirta <br \/>\u20222 x kiiltoa lis\u00e4\u00e4v\u00e4\u00e4 tekniikkaa<br \/>\u2022T\u00e4ydellinen muotoilul\u00e4mp\u00f6tila <br \/>\u2022Tasapainoinen ja kevyt <br \/>\u20223 l\u00e4mp\u00f6tilaa \/ 2 nopeutta LED-ohjaus<br \/>\u2022Kylm\u00e4ilmatoiminto<br \/>\u20221800W <br \/>\u2022DC-moottori<br \/>\u2022Lis\u00e4varusteet:<br \/>oOhut muotoilusuutin, 7 mm <br \/>oNopeasti kuivuva 11 mm:n suutin <br \/>oHajotin, t\u00e4ydellinen kiharoille hiukset<br \/>\u2022Ripustuslenkki<br \/>\u20223 metri\u00e4 pitk\u00e4 johto<br \/>\u20223 vuoden takuu + 1 vuosi rekister\u00f6innin yhteydess\u00e4 Remingtonin verkkosivuilla<\/p>\n","protected":false},"excerpt":{"rendered":"<p>D7777 AIR3D AIR3D yhdist\u00e4\u00e4 kaksi avaintekij\u00e4\u00e4 tehokkaaseen hiusten muotoiluun \u2013 ainutlaatuisen 3D-ilmavirran ja tehokkaisiin tuloksiin ihanteelliset l\u00e4mp\u00f6tilat (verrattuna tavalliseen Remington-hiustenkuivaajaan)Valitse kolmesta eri l\u00e4mp\u00f6tilasta, jotka on optimoitu kuivaamaan hiukset tehokkaasti vahingoittamatta sit\u00e4 tarpeettomasti. K\u00e4yt\u00e4 korkeampaa l\u00e4mp\u00f6tilaa hiusten kuivaamiseen ja muotoiluun ja viile\u00e4mp\u00e4\u00e4 muotoilun viimeistelyyn. Ainutlaatuinen muotoilu parantaa ilmanvirtausta ja minimoi turbulenssia hiustenkuivaajan sis\u00e4ll\u00e4, mik\u00e4 tarjoaa tasaisen [&hellip;]<\/p>\n","protected":false},"featured_media":125006,"comment_status":"open","ping_status":"closed","template":"","meta":{"_trash_the_other_posts":false},"product_brand":[],"product_cat":[612],"product_tag":[],"berocket_brand":[1272],"class_list":{"0":"post-125018","1":"product","2":"type-product","3":"status-publish","4":"has-post-thumbnail","6":"product_cat-hiustenkuivaaja","7":"pa_brand-remington","8":"berocket_brand-remington","10":"first","11":"outofstock","12":"sale","13":"taxable","14":"shipping-taxable","15":"purchasable","16":"product-type-simple"},"_links":{"self":[{"href":"https:\/\/stylingagenten.com\/fi\/wp-json\/wp\/v2\/product\/125018","targetHints":{"allow":["GET"]}}],"collection":[{"href":"https:\/\/stylingagenten.com\/fi\/wp-json\/wp\/v2\/product"}],"about":[{"href":"https:\/\/stylingagenten.com\/fi\/wp-json\/wp\/v2\/types\/product"}],"replies":[{"embeddable":true,"href":"https:\/\/stylingagenten.com\/fi\/wp-json\/wp\/v2\/comments?post=125018"}],"version-history":[{"count":0,"href":"https:\/\/stylingagenten.com\/fi\/wp-json\/wp\/v2\/product\/125018\/revisions"}],"wp:featuredmedia":[{"embeddable":true,"href":"https:\/\/stylingagenten.com\/fi\/wp-json\/wp\/v2\/media\/125006"}],"wp:attachment":[{"href":"https:\/\/stylingagenten.com\/fi\/wp-json\/wp\/v2\/media?parent=125018"}],"wp:term":[{"taxonomy":"product_brand","embeddable":true,"href":"https:\/\/stylingagenten.com\/fi\/wp-json\/wp\/v2\/product_brand?post=125018"},{"taxonomy":"product_cat","embeddable":true,"href":"https:\/\/stylingagenten.com\/fi\/wp-json\/wp\/v2\/product_cat?post=125018"},{"taxonomy":"product_tag","embeddable":true,"href":"https:\/\/stylingagenten.com\/fi\/wp-json\/wp\/v2\/product_tag?post=125018"},{"taxonomy":"berocket_brand","embeddable":true,"href":"https:\/\/stylingagenten.com\/fi\/wp-json\/wp\/v2\/berocket_brand?post=125018"}],"curies":[{"name":"wp","href":"https:\/\/api.w.org\/{rel}","templated":true}]}}