{"id":125009,"date":"2025-05-18T22:01:17","date_gmt":"2025-05-18T22:01:17","guid":{"rendered":"https:\/\/staging2.stylingagenten.com\/fi\/produkt\/remington-your-style-dryer-kit\/"},"modified":"2026-03-11T21:59:48","modified_gmt":"2026-03-11T21:59:48","slug":"remington-your-style-dryer-kit","status":"publish","type":"product","link":"https:\/\/stylingagenten.com\/fi\/tuote\/remington-your-style-dryer-kit\/","title":{"rendered":"Remington Your Style Dryer Kit"},"content":{"rendered":"<p>Style Dryer Kit D5219<br \/>Luo henkil\u00f6kohtainen tyylisi!<br \/>Style Dryer Kit auttaa sinua luomaan oman tyylisi ja antaa sinulle t\u00e4ydellisen muotoiluvapauden.<br \/>Valitsetpa mink\u00e4 tyylin tahansa, l\u00f6ytyy lis\u00e4varuste, joka on hyv\u00e4 auta. Jos haluat ylellisen sile\u00e4n ja f\u00f6\u00f6natun lopputuloksen, valitse Concentrator. Jos sinulla on luonnostaan \u200b\u200bkiharat tai aaltoilevat hiukset, voit k\u00e4ytt\u00e4\u00e4 Diffuseria vahvistamaan ja muotoilemaan hiustyyli\u00e4si. Ja jos haluat volyymia hiuksiisi, joka saa ihmiset avaamaan silm\u00e4ns\u00e4, valitse innovatiivinen Root Boost.<\/p>\n<p>Lentoa ja staattista hiusta torjutaan \u00e4lykk\u00e4\u00e4n ionik\u00e4sittelyn avulla, joka tekee hiuksista sile\u00e4t ja kiilt\u00e4v\u00e4t. Ammattimaisella ja tehokkaalla 2 300 W:n moottorilla, l\u00e4mp\u00f6- ja nopeusasetuksella saat f\u00f6\u00f6nauksen hallinnan yht\u00e4 hyvin kuin salongissa.<\/p>\n<p>Tehokas hiustenkuivaaja ja tarvikkeet erilaisille hiustyyleille <br \/> Tehokas 2300 W moottori ja hiustenkuivaaja 85 km\/h<br \/>Ionisaatiogeneraattori \u2013 90 % enemm\u00e4n ioneja* poistaa staattisen s\u00e4hk\u00f6n ja tekee hiuksista pehme\u00e4t ja kiilt\u00e4v\u00e4t<br \/>3 l\u00e4mp\u00f6asetusta \/ 2 nopeutta<br \/>Cool shot -painike hiustyylin kiinnitt\u00e4miseen kuivauksen j\u00e4lkeen<br \/>Hiljainen toiminta<br \/>Takaosan ristikko voidaan irrottaa puhdistusta varten<br \/>Ripustuslenkki<br \/>Paino: n. 435g<\/p>\n<p>Dryer Kit sis\u00e4lt\u00e4\u00e4: Konsentraattori, joka ker\u00e4\u00e4 ilmavirran ylellist\u00e4 muotoilua varten<br \/>Hajottaja, joka levitt\u00e4\u00e4 ilmavirtaa ja luo luonnollisia kiharoita<br \/>Root Boost lis\u00e4\u00e4 volyymia.<\/p>\n","protected":false},"excerpt":{"rendered":"<p>Style Dryer Kit D5219Luo henkil\u00f6kohtainen tyylisi!Style Dryer Kit auttaa sinua luomaan oman tyylisi ja antaa sinulle t\u00e4ydellisen muotoiluvapauden.Valitsetpa mink\u00e4 tyylin tahansa, l\u00f6ytyy lis\u00e4varuste, joka on hyv\u00e4 auta. Jos haluat ylellisen sile\u00e4n ja f\u00f6\u00f6natun lopputuloksen, valitse Concentrator. Jos sinulla on luonnostaan \u200b\u200bkiharat tai aaltoilevat hiukset, voit k\u00e4ytt\u00e4\u00e4 Diffuseria vahvistamaan ja muotoilemaan hiustyyli\u00e4si. Ja jos haluat volyymia [&hellip;]<\/p>\n","protected":false},"featured_media":125003,"comment_status":"open","ping_status":"closed","template":"","meta":{"_trash_the_other_posts":false},"product_brand":[],"product_cat":[612],"product_tag":[],"berocket_brand":[1272],"class_list":{"0":"post-125009","1":"product","2":"type-product","3":"status-publish","4":"has-post-thumbnail","6":"product_cat-hiustenkuivaaja","7":"pa_brand-remington","8":"berocket_brand-remington","10":"first","11":"instock","12":"sale","13":"taxable","14":"shipping-taxable","15":"purchasable","16":"product-type-simple"},"_links":{"self":[{"href":"https:\/\/stylingagenten.com\/fi\/wp-json\/wp\/v2\/product\/125009","targetHints":{"allow":["GET"]}}],"collection":[{"href":"https:\/\/stylingagenten.com\/fi\/wp-json\/wp\/v2\/product"}],"about":[{"href":"https:\/\/stylingagenten.com\/fi\/wp-json\/wp\/v2\/types\/product"}],"replies":[{"embeddable":true,"href":"https:\/\/stylingagenten.com\/fi\/wp-json\/wp\/v2\/comments?post=125009"}],"version-history":[{"count":0,"href":"https:\/\/stylingagenten.com\/fi\/wp-json\/wp\/v2\/product\/125009\/revisions"}],"wp:featuredmedia":[{"embeddable":true,"href":"https:\/\/stylingagenten.com\/fi\/wp-json\/wp\/v2\/media\/125003"}],"wp:attachment":[{"href":"https:\/\/stylingagenten.com\/fi\/wp-json\/wp\/v2\/media?parent=125009"}],"wp:term":[{"taxonomy":"product_brand","embeddable":true,"href":"https:\/\/stylingagenten.com\/fi\/wp-json\/wp\/v2\/product_brand?post=125009"},{"taxonomy":"product_cat","embeddable":true,"href":"https:\/\/stylingagenten.com\/fi\/wp-json\/wp\/v2\/product_cat?post=125009"},{"taxonomy":"product_tag","embeddable":true,"href":"https:\/\/stylingagenten.com\/fi\/wp-json\/wp\/v2\/product_tag?post=125009"},{"taxonomy":"berocket_brand","embeddable":true,"href":"https:\/\/stylingagenten.com\/fi\/wp-json\/wp\/v2\/berocket_brand?post=125009"}],"curies":[{"name":"wp","href":"https:\/\/api.w.org\/{rel}","templated":true}]}}