{"id":124999,"date":"2025-05-18T22:01:14","date_gmt":"2025-05-18T22:01:14","guid":{"rendered":"https:\/\/staging2.stylingagenten.com\/fi\/produkt\/remington-proluxe-dryer\/"},"modified":"2026-03-11T22:03:32","modified_gmt":"2026-03-11T22:03:32","slug":"remington-proluxe-dryer","status":"publish","type":"product","link":"https:\/\/stylingagenten.com\/fi\/tuote\/remington-proluxe-dryer\/","title":{"rendered":"Remington PROluxe Dryer"},"content":{"rendered":"<p>Haluatko salonkituntuman, kun f\u00f6\u00f6nat hiuksesi? Uudella PROLuxe-hiustenkuivaajalla saat juuri sen ja samalla uskomattoman tasaisen ja p\u00f6rr\u00f6isen lopputuloksen.<br \/>\u00c4lykk\u00e4\u00e4n OptiHeat-teknologian ja ainutlaatuisen StyleShot-toiminnon ansiosta PROluxe-hiustenkuivaaja k\u00e4ytt\u00e4\u00e4 l\u00e4mp\u00f6\u00e4 \u00e4lykk\u00e4\u00e4mmin ja mahdollistaa voit muotoilla kampauksen, joka antaa pitk\u00e4kestoisen tuloksen. Erityisesti suunniteltu rikastin antaa l\u00e4mp\u00f6\u00e4 sinne, miss\u00e4 sit\u00e4 tarvitaan. Konsentraattorin rakenteen ansiosta saat paremman ilmavirran ja paremman l\u00e4mm\u00f6n jakautumisen.<br \/>PROLuxe-hiustenkuivaaja on varustettu ionisaatiolla, joka antaa p\u00f6rr\u00f6isemm\u00e4lle tulokselle kiiltoa.<\/p>\n<p>\u2022Tehokas AC-moottori 2400 W<br \/> \u202290 % enemm\u00e4n ioneja p\u00f6rr\u00f6tt\u00f6m\u00e4\u00e4n kiiltoon<br \/>\u2022\u00c4lyk\u00e4s OptiHeat-tekniikka tarjoaa l\u00e4mp\u00f6\u00e4 sinne, miss\u00e4 sit\u00e4 tarvitaan<br \/>\u2022Pro+- ja StyleShot-asetukset<br \/>\u2022Ainutlaatuinen Remington-suutin optimaaliseen l\u00e4mm\u00f6njakoon<br \/> \u2022Parempi ilmavirtaus ja l\u00e4mm\u00f6n jakautuminen <br \/>\u2022Salongin tulokset kest\u00e4v\u00e4t koko p\u00e4iv\u00e4n<\/p>\n","protected":false},"excerpt":{"rendered":"<p>Haluatko salonkituntuman, kun f\u00f6\u00f6nat hiuksesi? Uudella PROLuxe-hiustenkuivaajalla saat juuri sen ja samalla uskomattoman tasaisen ja p\u00f6rr\u00f6isen lopputuloksen.\u00c4lykk\u00e4\u00e4n OptiHeat-teknologian ja ainutlaatuisen StyleShot-toiminnon ansiosta PROluxe-hiustenkuivaaja k\u00e4ytt\u00e4\u00e4 l\u00e4mp\u00f6\u00e4 \u00e4lykk\u00e4\u00e4mmin ja mahdollistaa voit muotoilla kampauksen, joka antaa pitk\u00e4kestoisen tuloksen. Erityisesti suunniteltu rikastin antaa l\u00e4mp\u00f6\u00e4 sinne, miss\u00e4 sit\u00e4 tarvitaan. Konsentraattorin rakenteen ansiosta saat paremman ilmavirran ja paremman l\u00e4mm\u00f6n jakautumisen.PROLuxe-hiustenkuivaaja on [&hellip;]<\/p>\n","protected":false},"featured_media":124992,"comment_status":"open","ping_status":"closed","template":"","meta":{"_trash_the_other_posts":false},"product_brand":[],"product_cat":[612],"product_tag":[],"berocket_brand":[1272],"class_list":{"0":"post-124999","1":"product","2":"type-product","3":"status-publish","4":"has-post-thumbnail","6":"product_cat-hiustenkuivaaja","7":"pa_brand-remington","8":"berocket_brand-remington","10":"first","11":"instock","12":"sale","13":"taxable","14":"shipping-taxable","15":"purchasable","16":"product-type-simple"},"_links":{"self":[{"href":"https:\/\/stylingagenten.com\/fi\/wp-json\/wp\/v2\/product\/124999","targetHints":{"allow":["GET"]}}],"collection":[{"href":"https:\/\/stylingagenten.com\/fi\/wp-json\/wp\/v2\/product"}],"about":[{"href":"https:\/\/stylingagenten.com\/fi\/wp-json\/wp\/v2\/types\/product"}],"replies":[{"embeddable":true,"href":"https:\/\/stylingagenten.com\/fi\/wp-json\/wp\/v2\/comments?post=124999"}],"version-history":[{"count":0,"href":"https:\/\/stylingagenten.com\/fi\/wp-json\/wp\/v2\/product\/124999\/revisions"}],"wp:featuredmedia":[{"embeddable":true,"href":"https:\/\/stylingagenten.com\/fi\/wp-json\/wp\/v2\/media\/124992"}],"wp:attachment":[{"href":"https:\/\/stylingagenten.com\/fi\/wp-json\/wp\/v2\/media?parent=124999"}],"wp:term":[{"taxonomy":"product_brand","embeddable":true,"href":"https:\/\/stylingagenten.com\/fi\/wp-json\/wp\/v2\/product_brand?post=124999"},{"taxonomy":"product_cat","embeddable":true,"href":"https:\/\/stylingagenten.com\/fi\/wp-json\/wp\/v2\/product_cat?post=124999"},{"taxonomy":"product_tag","embeddable":true,"href":"https:\/\/stylingagenten.com\/fi\/wp-json\/wp\/v2\/product_tag?post=124999"},{"taxonomy":"berocket_brand","embeddable":true,"href":"https:\/\/stylingagenten.com\/fi\/wp-json\/wp\/v2\/berocket_brand?post=124999"}],"curies":[{"name":"wp","href":"https:\/\/api.w.org\/{rel}","templated":true}]}}