{"id":124551,"date":"2025-05-18T21:59:24","date_gmt":"2025-05-18T21:59:24","guid":{"rendered":"https:\/\/staging2.stylingagenten.com\/fi\/produkt\/wella-color-touch-deep-browns-6-71-medium-maple-brown\/"},"modified":"2026-03-11T21:46:34","modified_gmt":"2026-03-11T21:46:34","slug":"wella-color-touch-deep-browns-6-71-medium-maple-brown","status":"publish","type":"product","link":"https:\/\/stylingagenten.com\/fi\/tuote\/wella-color-touch-deep-browns-6-71-medium-maple-brown\/","title":{"rendered":"Wella Color Touch Deep Browns 6\/71 Medium Maple Brown"},"content":{"rendered":"<p>Color Touch on v\u00e4rij\u00e4rjestelm\u00e4, joka koostuu intensiivisist\u00e4 s\u00e4vyist\u00e4, joissa hohtavat v\u00e4rit ja fantastinen kiilto luovat vastustamattoman ja eritt\u00e4in luonnollisen v\u00e4rituloksen. Saavuta parempia v\u00e4rituloksia Color Touchilla, joka tarjoaa jopa 63 % enemm\u00e4n kiiltoa ja jopa 57 % monipuolisempaa v\u00e4ri\u00e4 k\u00e4sittelem\u00e4tt\u00f6miin hiuksiin verrattuna. Ainutlaatuinen Light2Color-kompleksi her\u00e4tt\u00e4\u00e4 hiukset eloon ja luo harmonisen hauraiden v\u00e4ripigmenttien ja valon, joka korostaa hiustesi kauneutta v\u00e4rin ja valon s\u00e4ikeill\u00e4. Color Touch sis\u00e4lt\u00e4\u00e4 kuituproteiinia ja luonnollisia vahoja, jotka tasoittavat hiuksia ja tekev\u00e4t niist\u00e4 poikkeuksellisen kiilt\u00e4v\u00e4t. Hoitava koostumus on hell\u00e4varainen ja ammoniakkiton, ja se suojaa hiusten luonnollista sis\u00e4ist\u00e4 rakennetta.<\/p>\n","protected":false},"excerpt":{"rendered":"<p>Color Touch on v\u00e4rij\u00e4rjestelm\u00e4, joka koostuu intensiivisist\u00e4 s\u00e4vyist\u00e4, joissa hohtavat v\u00e4rit ja fantastinen kiilto luovat vastustamattoman ja eritt\u00e4in luonnollisen v\u00e4rituloksen. Saavuta parempia v\u00e4rituloksia Color Touchilla, joka tarjoaa jopa 63 % enemm\u00e4n kiiltoa ja jopa 57 % monipuolisempaa v\u00e4ri\u00e4 k\u00e4sittelem\u00e4tt\u00f6miin hiuksiin verrattuna. Ainutlaatuinen Light2Color-kompleksi her\u00e4tt\u00e4\u00e4 hiukset eloon ja luo harmonisen hauraiden v\u00e4ripigmenttien ja valon, joka korostaa [&hellip;]<\/p>\n","protected":false},"featured_media":124542,"comment_status":"open","ping_status":"closed","template":"","meta":{"_trash_the_other_posts":false},"product_brand":[],"product_cat":[1002],"product_tag":[4060],"berocket_brand":[1030],"class_list":{"0":"post-124551","1":"product","2":"type-product","3":"status-publish","4":"has-post-thumbnail","6":"product_cat-hiusten-savytys","7":"product_tag-wella-color-touch-deep-browns","8":"pa_brand-wella","9":"pa_variantti-6-71-medium-maple-brown","10":"berocket_brand-wella","12":"first","13":"instock","14":"sale","15":"taxable","16":"shipping-taxable","17":"purchasable","18":"product-type-simple"},"_links":{"self":[{"href":"https:\/\/stylingagenten.com\/fi\/wp-json\/wp\/v2\/product\/124551","targetHints":{"allow":["GET"]}}],"collection":[{"href":"https:\/\/stylingagenten.com\/fi\/wp-json\/wp\/v2\/product"}],"about":[{"href":"https:\/\/stylingagenten.com\/fi\/wp-json\/wp\/v2\/types\/product"}],"replies":[{"embeddable":true,"href":"https:\/\/stylingagenten.com\/fi\/wp-json\/wp\/v2\/comments?post=124551"}],"version-history":[{"count":0,"href":"https:\/\/stylingagenten.com\/fi\/wp-json\/wp\/v2\/product\/124551\/revisions"}],"wp:featuredmedia":[{"embeddable":true,"href":"https:\/\/stylingagenten.com\/fi\/wp-json\/wp\/v2\/media\/124542"}],"wp:attachment":[{"href":"https:\/\/stylingagenten.com\/fi\/wp-json\/wp\/v2\/media?parent=124551"}],"wp:term":[{"taxonomy":"product_brand","embeddable":true,"href":"https:\/\/stylingagenten.com\/fi\/wp-json\/wp\/v2\/product_brand?post=124551"},{"taxonomy":"product_cat","embeddable":true,"href":"https:\/\/stylingagenten.com\/fi\/wp-json\/wp\/v2\/product_cat?post=124551"},{"taxonomy":"product_tag","embeddable":true,"href":"https:\/\/stylingagenten.com\/fi\/wp-json\/wp\/v2\/product_tag?post=124551"},{"taxonomy":"berocket_brand","embeddable":true,"href":"https:\/\/stylingagenten.com\/fi\/wp-json\/wp\/v2\/berocket_brand?post=124551"}],"curies":[{"name":"wp","href":"https:\/\/api.w.org\/{rel}","templated":true}]}}