{"id":124486,"date":"2025-05-18T21:59:02","date_gmt":"2025-05-18T21:59:02","guid":{"rendered":"https:\/\/staging2.stylingagenten.com\/fi\/produkt\/schwarzkopf-professional-igora-vibrance-kit-3-0-dark-brown-natural\/"},"modified":"2026-03-18T23:17:26","modified_gmt":"2026-03-18T23:17:26","slug":"schwarzkopf-professional-igora-vibrance-kit-3-0-dark-brown-natural","status":"publish","type":"product","link":"https:\/\/stylingagenten.com\/fi\/tuote\/schwarzkopf-professional-igora-vibrance-kit-3-0-dark-brown-natural\/","title":{"rendered":"Schwarzkopf Professional Igora Vibrance Kit 3-0 Dark Brown Natural"},"content":{"rendered":"<p>Schwarzkopf Professional Igora Vibrance Kit 3-0 Dark Brown Natural on puolipysyv\u00e4 s\u00e4vy tone -hiusv\u00e4ri, jossa on integroitu FibreBond-tekniikka, joka luo luonnollisen s\u00e4vyn ja tasoittaa jopa 50 % valkoisia hiuksia. Activator-j\u00e4rjestelm\u00e4n avulla voit valita nopean levityksen geelill\u00e4 tai tarkemman levityksen kerman kanssa, ja Moisture Protecting Complexin ansiosta se antaa jopa 100 % enemm\u00e4n kiiltoa* ja suojaa hiuksia. Lis\u00e4ksi IGORA VIBRANCE -tuoteperhe sopii yhteen vastaavien IGORA ROYAL -s\u00e4vyjen kanssa, mik\u00e4 mahdollistaa kaksinkertaisen levityksen.<\/p>\n<p>IGORA VIBRANCE -ammattimainen hiusv\u00e4rituotteiden salaisuus on AQUAXYL\u00ae-teknologialla varustettu Moisture Protecting Complex, joka s\u00e4ilytt\u00e4\u00e4 hiusten sis\u00e4isen kosteuden. taso sokerimolekyylien ja vitamiinien yhdistelm\u00e4n ansiosta. Innovatiivinen teknologia auttaa s\u00e4\u00e4telem\u00e4\u00e4n veden kiertoa hiusvarren sis\u00e4ll\u00e4 v\u00e4rj\u00e4yksen aikana ja stabiloi jokaisen hiuskuidun sis\u00e4ist\u00e4 rakennetta &#8211; t\u00e4m\u00e4 &#8221;Anti-Dehydration Shield&#8221; suojaa katkenneita hiuss\u00e4ikeit\u00e4 vastaan \u200b\u200bja luo puhtaan pinnan tasaisen v\u00e4rituloksen saavuttamiseksi. Alkoholiton B3- ja B5-vitamiineilla rikastettu koostumus auttaa suojaamaan hiusten pintaa kauniin, eloisan kiillon saamiseksi.<\/p>\n<p>Kotik\u00e4ytt\u00f6pakkaus sis\u00e4lt\u00e4\u00e4 hiusv\u00e4rin, applikaattoripullon 60 ml aktivaattorilla, suojak\u00e4sineet ja ohjeet k\u00e4ytett\u00e4v\u00e4ksi.<\/p>\n","protected":false},"excerpt":{"rendered":"<p>Schwarzkopf Professional Igora Vibrance Kit 3-0 Dark Brown Natural on puolipysyv\u00e4 s\u00e4vy tone -hiusv\u00e4ri, jossa on integroitu FibreBond-tekniikka, joka luo luonnollisen s\u00e4vyn ja tasoittaa jopa 50 % valkoisia hiuksia. Activator-j\u00e4rjestelm\u00e4n avulla voit valita nopean levityksen geelill\u00e4 tai tarkemman levityksen kerman kanssa, ja Moisture Protecting Complexin ansiosta se antaa jopa 100 % enemm\u00e4n kiiltoa* ja suojaa [&hellip;]<\/p>\n","protected":false},"featured_media":124480,"comment_status":"open","ping_status":"closed","template":"","meta":{"_trash_the_other_posts":false},"product_brand":[],"product_cat":[1002],"product_tag":[3982],"berocket_brand":[1060],"class_list":{"0":"post-124486","1":"product","2":"type-product","3":"status-publish","4":"has-post-thumbnail","6":"product_cat-hiusten-savytys","7":"product_tag-schwarzkopf-professional-igora-vibrance-kit","8":"pa_brand-schwarzkopf","9":"pa_variantti-3-0-dark-brown-natural","10":"berocket_brand-schwarzkopf","12":"first","13":"outofstock","14":"sale","15":"taxable","16":"shipping-taxable","17":"purchasable","18":"product-type-simple"},"_links":{"self":[{"href":"https:\/\/stylingagenten.com\/fi\/wp-json\/wp\/v2\/product\/124486","targetHints":{"allow":["GET"]}}],"collection":[{"href":"https:\/\/stylingagenten.com\/fi\/wp-json\/wp\/v2\/product"}],"about":[{"href":"https:\/\/stylingagenten.com\/fi\/wp-json\/wp\/v2\/types\/product"}],"replies":[{"embeddable":true,"href":"https:\/\/stylingagenten.com\/fi\/wp-json\/wp\/v2\/comments?post=124486"}],"version-history":[{"count":0,"href":"https:\/\/stylingagenten.com\/fi\/wp-json\/wp\/v2\/product\/124486\/revisions"}],"wp:featuredmedia":[{"embeddable":true,"href":"https:\/\/stylingagenten.com\/fi\/wp-json\/wp\/v2\/media\/124480"}],"wp:attachment":[{"href":"https:\/\/stylingagenten.com\/fi\/wp-json\/wp\/v2\/media?parent=124486"}],"wp:term":[{"taxonomy":"product_brand","embeddable":true,"href":"https:\/\/stylingagenten.com\/fi\/wp-json\/wp\/v2\/product_brand?post=124486"},{"taxonomy":"product_cat","embeddable":true,"href":"https:\/\/stylingagenten.com\/fi\/wp-json\/wp\/v2\/product_cat?post=124486"},{"taxonomy":"product_tag","embeddable":true,"href":"https:\/\/stylingagenten.com\/fi\/wp-json\/wp\/v2\/product_tag?post=124486"},{"taxonomy":"berocket_brand","embeddable":true,"href":"https:\/\/stylingagenten.com\/fi\/wp-json\/wp\/v2\/berocket_brand?post=124486"}],"curies":[{"name":"wp","href":"https:\/\/api.w.org\/{rel}","templated":true}]}}