{"id":124228,"date":"2025-05-18T21:57:10","date_gmt":"2025-05-18T21:57:10","guid":{"rendered":"https:\/\/staging2.stylingagenten.com\/fi\/produkt\/remington-smooth-silky-ultimate-bikini-kit\/"},"modified":"2026-03-11T21:59:45","modified_gmt":"2026-03-11T21:59:45","slug":"remington-smooth-silky-ultimate-bikini-kit","status":"publish","type":"product","link":"https:\/\/stylingagenten.com\/fi\/tuote\/remington-smooth-silky-ultimate-bikini-kit\/","title":{"rendered":"Remington SMOOTH &amp; SILKY Ultimate Bikini Kit"},"content":{"rendered":"<p>Remington SMOOTH &amp; SILKY Ultimate Bikini Kit<br \/>Ultimate Bikini Trimmer, jossa on kolme vartalolle ja bikinialueelle suunniteltua kiinnityst\u00e4. Trimmeri\u00e4 voidaan k\u00e4ytt\u00e4\u00e4 suihkussa ja sen johdoton k\u00e4ytt\u00f6aika on 30 minuuttia. Pakkaus sis\u00e4lt\u00e4\u00e4 tarkkuustrimmerin, joka ajaa 0,8 mm:st\u00e4 ilman kampaa ja s\u00e4\u00e4dett\u00e4v\u00e4n kamman, jonka pituus on 2,4 ja 6 mm, minifolion, joka antaa tuloksen l\u00e4hell\u00e4 ihoa, kuorintaharjan ja s\u00e4ilytyspussin<br \/>\u2022 Yksityiskohtaleikkuri<br \/>\u2022 S\u00e4\u00e4dett\u00e4v\u00e4 kampa, 3 pituusasetusta 2,4 ja 6 mm<br \/>\u2022Mini-folio tuottaa l\u00e4helle ihoa<br \/>\u2022Kuoriva harja<br \/>\u2022Suihkun kest\u00e4v\u00e4 liukumaton ote &#8211; optimaalinen m\u00e4rk\u00e4k\u00e4ytt\u00f6<br \/>\u2022Johdoton \u2013 jopa 30 minuuttia k\u00e4ytt\u00f6aikaa<br \/>\u2022Latauksen ilmaisin<br \/>\u2022Puhdistusharja ja s\u00e4ilytyspussi mukana<\/p>\n","protected":false},"excerpt":{"rendered":"<p>Remington SMOOTH &amp; SILKY Ultimate Bikini KitUltimate Bikini Trimmer, jossa on kolme vartalolle ja bikinialueelle suunniteltua kiinnityst\u00e4. Trimmeri\u00e4 voidaan k\u00e4ytt\u00e4\u00e4 suihkussa ja sen johdoton k\u00e4ytt\u00f6aika on 30 minuuttia. Pakkaus sis\u00e4lt\u00e4\u00e4 tarkkuustrimmerin, joka ajaa 0,8 mm:st\u00e4 ilman kampaa ja s\u00e4\u00e4dett\u00e4v\u00e4n kamman, jonka pituus on 2,4 ja 6 mm, minifolion, joka antaa tuloksen l\u00e4hell\u00e4 ihoa, kuorintaharjan ja [&hellip;]<\/p>\n","protected":false},"featured_media":124225,"comment_status":"open","ping_status":"closed","template":"","meta":{"_trash_the_other_posts":false},"product_brand":[],"product_cat":[691],"product_tag":[],"berocket_brand":[1272],"class_list":{"0":"post-124228","1":"product","2":"type-product","3":"status-publish","4":"has-post-thumbnail","6":"product_cat-epilaattori","7":"pa_brand-remington","8":"berocket_brand-remington","10":"first","11":"instock","12":"sale","13":"taxable","14":"shipping-taxable","15":"purchasable","16":"product-type-simple"},"_links":{"self":[{"href":"https:\/\/stylingagenten.com\/fi\/wp-json\/wp\/v2\/product\/124228","targetHints":{"allow":["GET"]}}],"collection":[{"href":"https:\/\/stylingagenten.com\/fi\/wp-json\/wp\/v2\/product"}],"about":[{"href":"https:\/\/stylingagenten.com\/fi\/wp-json\/wp\/v2\/types\/product"}],"replies":[{"embeddable":true,"href":"https:\/\/stylingagenten.com\/fi\/wp-json\/wp\/v2\/comments?post=124228"}],"version-history":[{"count":0,"href":"https:\/\/stylingagenten.com\/fi\/wp-json\/wp\/v2\/product\/124228\/revisions"}],"wp:featuredmedia":[{"embeddable":true,"href":"https:\/\/stylingagenten.com\/fi\/wp-json\/wp\/v2\/media\/124225"}],"wp:attachment":[{"href":"https:\/\/stylingagenten.com\/fi\/wp-json\/wp\/v2\/media?parent=124228"}],"wp:term":[{"taxonomy":"product_brand","embeddable":true,"href":"https:\/\/stylingagenten.com\/fi\/wp-json\/wp\/v2\/product_brand?post=124228"},{"taxonomy":"product_cat","embeddable":true,"href":"https:\/\/stylingagenten.com\/fi\/wp-json\/wp\/v2\/product_cat?post=124228"},{"taxonomy":"product_tag","embeddable":true,"href":"https:\/\/stylingagenten.com\/fi\/wp-json\/wp\/v2\/product_tag?post=124228"},{"taxonomy":"berocket_brand","embeddable":true,"href":"https:\/\/stylingagenten.com\/fi\/wp-json\/wp\/v2\/berocket_brand?post=124228"}],"curies":[{"name":"wp","href":"https:\/\/api.w.org\/{rel}","templated":true}]}}