{"id":123990,"date":"2025-05-18T21:54:32","date_gmt":"2025-05-18T21:54:32","guid":{"rendered":"https:\/\/staging2.stylingagenten.com\/fi\/produkt\/paul-mitchell-john-paul-pet-oatmeal-conditioning-spray-236ml\/"},"modified":"2026-03-31T10:58:46","modified_gmt":"2026-03-31T10:58:46","slug":"paul-mitchell-john-paul-pet-oatmeal-conditioning-spray-236ml","status":"publish","type":"product","link":"https:\/\/stylingagenten.com\/fi\/tuote\/paul-mitchell-john-paul-pet-oatmeal-conditioning-spray-236ml\/","title":{"rendered":"Paul Mitchell John Paul Pet Oatmeal Conditioning Spray 236ml"},"content":{"rendered":"<p>T\u00e4m\u00e4 suihke rauhoittaa, hoitaa ja kosteuttaa kuivaa turkkia. Kolmetoista hoitavaa ainesosaa, mukaan lukien aloe, kamomilla ja pantenoli. Makea manteli\u00f6ljy pehment\u00e4\u00e4 turkkia ja antaa sille ihanan mantelin tuoksun.<\/p>\n","protected":false},"excerpt":{"rendered":"<p>T\u00e4m\u00e4 suihke rauhoittaa, hoitaa ja kosteuttaa kuivaa turkkia. Kolmetoista hoitavaa ainesosaa, mukaan lukien aloe, kamomilla ja pantenoli. Makea manteli\u00f6ljy pehment\u00e4\u00e4 turkkia ja antaa sille ihanan mantelin tuoksun.<\/p>\n","protected":false},"featured_media":123989,"comment_status":"open","ping_status":"closed","template":"","meta":{"_trash_the_other_posts":false},"product_brand":[],"product_cat":[641],"product_tag":[],"berocket_brand":[1053],"class_list":{"0":"post-123990","1":"product","2":"type-product","3":"status-publish","4":"has-post-thumbnail","6":"product_cat-lemmikkihoito","7":"pa_brand-paul-mitchell","8":"berocket_brand-paul-mitchell","10":"first","11":"instock","12":"sale","13":"taxable","14":"shipping-taxable","15":"purchasable","16":"product-type-simple"},"_links":{"self":[{"href":"https:\/\/stylingagenten.com\/fi\/wp-json\/wp\/v2\/product\/123990","targetHints":{"allow":["GET"]}}],"collection":[{"href":"https:\/\/stylingagenten.com\/fi\/wp-json\/wp\/v2\/product"}],"about":[{"href":"https:\/\/stylingagenten.com\/fi\/wp-json\/wp\/v2\/types\/product"}],"replies":[{"embeddable":true,"href":"https:\/\/stylingagenten.com\/fi\/wp-json\/wp\/v2\/comments?post=123990"}],"version-history":[{"count":0,"href":"https:\/\/stylingagenten.com\/fi\/wp-json\/wp\/v2\/product\/123990\/revisions"}],"wp:featuredmedia":[{"embeddable":true,"href":"https:\/\/stylingagenten.com\/fi\/wp-json\/wp\/v2\/media\/123989"}],"wp:attachment":[{"href":"https:\/\/stylingagenten.com\/fi\/wp-json\/wp\/v2\/media?parent=123990"}],"wp:term":[{"taxonomy":"product_brand","embeddable":true,"href":"https:\/\/stylingagenten.com\/fi\/wp-json\/wp\/v2\/product_brand?post=123990"},{"taxonomy":"product_cat","embeddable":true,"href":"https:\/\/stylingagenten.com\/fi\/wp-json\/wp\/v2\/product_cat?post=123990"},{"taxonomy":"product_tag","embeddable":true,"href":"https:\/\/stylingagenten.com\/fi\/wp-json\/wp\/v2\/product_tag?post=123990"},{"taxonomy":"berocket_brand","embeddable":true,"href":"https:\/\/stylingagenten.com\/fi\/wp-json\/wp\/v2\/berocket_brand?post=123990"}],"curies":[{"name":"wp","href":"https:\/\/api.w.org\/{rel}","templated":true}]}}